{"id":6447,"date":"2019-05-09T11:23:05","date_gmt":"2019-05-09T05:53:05","guid":{"rendered":"https:\/\/www.dev.indo-mim.com\/?page_id=6447"},"modified":"2021-03-25T12:15:39","modified_gmt":"2021-03-25T06:45:39","slug":"cim-case-studies","status":"publish","type":"page","link":"https:\/\/www.dev.indo-mim.com\/tr\/cim-case-studies","title":{"rendered":"CIM Vaka \u00c7al\u0131\u015fmalar\u0131"},"content":{"rendered":"<p><div class=\"fusion-fullwidth fullwidth-box fusion-builder-row-10 fusion-flex-container nonhundred-percent-fullwidth non-hundred-percent-height-scrolling\" style=\"background-color: #2f5b9a;background-position: left top;background-repeat: no-repeat;border-width: 0px 0px 0px 0px;border-color:#e2e2e2;border-style:solid;\" ><div class=\"fusion-builder-row fusion-row fusion-flex-align-items-flex-start\" style=\"max-width:calc( 1200px + 0px );margin-left: calc(-0px \/ 2 );margin-right: calc(-0px \/ 2 );\"><div class=\"fusion-layout-column fusion_builder_column fusion-builder-column-9 fusion_builder_column_1_1 1_1 fusion-flex-column\"><div class=\"fusion-column-wrapper fusion-flex-justify-content-flex-start fusion-content-layout-column\" style=\"background-position:left top;background-repeat:no-repeat;-webkit-background-size:cover;-moz-background-size:cover;-o-background-size:cover;background-size:cover;padding: 0px 0px 0px 0px;\"><div class=\"fusion-text fusion-text-10\"><h2 style=\"text-align: center;\"><span style=\"color: #ffffff;\">Yard\u0131mc\u0131 olabilece\u011fimiz bir seramik enjeksiyon kal\u0131plama projeniz var m\u0131?<\/span><\/h2>\n<\/div><\/div><style type=\"text\/css\">.fusion-body .fusion-builder-column-9{width:100% !important;margin-top : 0px;margin-bottom : 20px;}.fusion-builder-column-9 > .fusion-column-wrapper {padding-top : 0px !important;padding-right : 0px !important;margin-right : 0px;padding-bottom : 0px !important;padding-left : 0px !important;margin-left : 0px;}@media only screen and (max-width:1024px) {.fusion-body .fusion-builder-column-9{width:100% !important;}.fusion-builder-column-9 > .fusion-column-wrapper {margin-right : 0px;margin-left : 0px;}}@media only screen and (max-width:640px) {.fusion-body .fusion-builder-column-9{width:100% !important;}.fusion-builder-column-9 > .fusion-column-wrapper {margin-right : 0px;margin-left : 0px;}}<\/style><\/div><\/div><style type=\"text\/css\">.fusion-body .fusion-flex-container.fusion-builder-row-10{ padding-top : 50px;margin-top : 0px;padding-right : 0px;padding-bottom : 50px;margin-bottom : 0px;padding-left : 0px;}<\/style><\/div><div class=\"fusion-fullwidth fullwidth-box fusion-builder-row-11 fusion-flex-container nonhundred-percent-fullwidth non-hundred-percent-height-scrolling\" style=\"background-color: #ffffff;background-position: left top;background-repeat: no-repeat;border-width: 0px 0px 0px 0px;border-color:#e2e2e2;border-style:solid;\" ><div class=\"fusion-builder-row fusion-row fusion-flex-align-items-flex-start\" style=\"max-width:calc( 1200px + 0px );margin-left: calc(-0px \/ 2 );margin-right: calc(-0px \/ 2 );\"><div class=\"fusion-layout-column fusion_builder_column fusion-builder-column-10 fusion_builder_column_1_1 1_1 fusion-flex-column\"><div class=\"fusion-column-wrapper fusion-flex-justify-content-flex-start fusion-content-layout-column\" style=\"background-position:left top;background-repeat:no-repeat;-webkit-background-size:cover;-moz-background-size:cover;-o-background-size:cover;background-size:cover;padding: 0px 0px 0px 0px;\"><div style=\"text-align:center;\"><style>.fusion-body .fusion-button.button-3 .fusion-button-text,.fusion-body .fusion-button.button-3 i{color:#ffffff;}.fusion-body .fusion-button.button-3{border-color:#ffffff;border-width:2px 2px 2px 2px;border-radius:4px 4px 4px 4px;background:#333333;}.fusion-body .fusion-button.button-3:hover .fusion-button-text,.fusion-body .fusion-button.button-3:hover i,.fusion-body .fusion-button.button-3:focus .fusion-button-text,.fusion-body .fusion-button.button-3:focus i,.fusion-body .fusion-button.button-3:active .fusion-button-text,.fusion-body .fusion-button.button-3:active i{color:#333333;}.fusion-body .fusion-button.button-3:hover,.fusion-body .fusion-button.button-3:active,.fusion-body .fusion-button.button-3:focus{border-color:#333333;border-width:2px 2px 2px 2px;background:#ffffff;}<\/style><a class=\"fusion-button button-flat fusion-button-default-size button-custom button-3 fusion-button-default-span fusion-button-default-type\" target=\"_self\" href=\"https:\/\/www.dev.indo-mim.com\/get-a-mim-quote\/\"><span class=\"fusion-button-text\">\u00dccretsiz fiyat teklifi almak<\/span><\/a><\/div><\/div><style type=\"text\/css\">.fusion-body .fusion-builder-column-10{width:100% !important;margin-top : -22px;margin-bottom : 20px;}.fusion-builder-column-10 > .fusion-column-wrapper {padding-top : 0px !important;padding-right : 0px !important;margin-right : 0px;padding-bottom : 0px !important;padding-left : 0px !important;margin-left : 0px;}@media only screen and (max-width:1024px) {.fusion-body .fusion-builder-column-10{width:100% !important;}.fusion-builder-column-10 > .fusion-column-wrapper {margin-right : 0px;margin-left : 0px;}}@media only screen and (max-width:640px) {.fusion-body .fusion-builder-column-10{width:100% !important;}.fusion-builder-column-10 > .fusion-column-wrapper {margin-right : 0px;margin-left : 0px;}}<\/style><\/div><\/div><style type=\"text\/css\">.fusion-body .fusion-flex-container.fusion-builder-row-11{ padding-top : 0px;margin-top : 0px;padding-right : 0px;padding-bottom : 20px;margin-bottom : 0px;padding-left : 0px;}<\/style><\/div><div class=\"fusion-fullwidth fullwidth-box fusion-builder-row-12 fusion-flex-container nonhundred-percent-fullwidth non-hundred-percent-height-scrolling\" style=\"background-color: #ffffff;background-position: left top;background-repeat: no-repeat;border-width: 0px 0px 0px 0px;border-color:#e2e2e2;border-style:solid;\" ><div class=\"fusion-builder-row fusion-row fusion-flex-align-items-flex-start\" style=\"max-width:1248px;margin-left: calc(-4% \/ 2 );margin-right: calc(-4% \/ 2 );\"><div class=\"fusion-layout-column fusion_builder_column fusion-builder-column-11 fusion_builder_column_1_1 1_1 fusion-flex-column\"><div class=\"fusion-column-wrapper fusion-flex-justify-content-flex-start fusion-content-layout-column\" style=\"background-image: url(&#039;https:\/\/www.dev.indo-mim.com\/wp-content\/uploads\/2019\/05\/background.png&#039;);background-position:left top;background-repeat:no-repeat;-webkit-background-size:cover;-moz-background-size:cover;-o-background-size:cover;background-size:cover;padding: 0px 0px 0px 0px;\" data-bg-url=\"https:\/\/www.dev.indo-mim.com\/wp-content\/uploads\/2019\/05\/background.png\"><div class=\"fusion-tabs fusion-tabs-3 clean vertical-tabs icon-position-left\"><style type=\"text\/css\">#wrapper .fusion-tabs.fusion-tabs-3.clean .nav-tabs li a.tab-link{border-color:rgba(245,245,245,0);}.fusion-tabs.fusion-tabs-3 .nav-tabs li a.tab-link{background-color:#f9f9fb;}.fusion-tabs.fusion-tabs-3 .nav-tabs li.active a.tab-link,.fusion-tabs.fusion-tabs-3 .nav-tabs li.active a.tab-link:hover,.fusion-tabs.fusion-tabs-3 .nav-tabs li.active a.tab-link:focus{background-color:#fed03d;}.fusion-tabs.fusion-tabs-3 .nav-tabs li a:hover{background-color:#fed03d;border-top-color:#fed03d;}.fusion-tabs.fusion-tabs-3 .tab-pane{background-color:#fed03d;}.fusion-tabs.fusion-tabs-3 .nav,.fusion-tabs.fusion-tabs-3 .nav-tabs,.fusion-tabs.fusion-tabs-3 .tab-content .tab-pane{border-color:rgba(245,245,245,0);}<\/style><div class=\"nav\"><ul class=\"nav-tabs\" role=\"tablist\"><\/ul><\/div><div class=\"tab-content\"><\/div><\/div><div class=\"tab-pane fade fusion-clearfix in active\" role=\"tabpanel\" tabindex=\"0\" aria-labelledby=\"fusion-tab-\" id=\"tab-20dba5072f94ec57ce5\"><\/div><div class=\"fusion-builder-row fusion-builder-row-inner fusion-row fusion-flex-align-items-flex-start\" style=\"width:104% !important;max-width:104% !important;margin-left: calc(-4% \/ 2 );margin-right: calc(-4% \/ 2 );\"><div class=\"fusion-layout-column fusion_builder_column_inner fusion-builder-nested-column-4 fusion_builder_column_inner_1_2 1_2 fusion-flex-column\"><div class=\"fusion-column-wrapper fusion-flex-justify-content-center fusion-content-layout-column\" style=\"background-position:left top;background-repeat:no-repeat;-webkit-background-size:cover;-moz-background-size:cover;-o-background-size:cover;background-size:cover;padding: 0px 0px 0px 0px;\"><div class=\"fusion-text fusion-text-11\"><h3 style=\"text-align: center;\"><strong>CIM \u00d6rnek Vaka Analizi 1<\/strong><\/h3>\n<\/div><div style=\"text-align:center;\"><span class=\" fusion-imageframe imageframe-none imageframe-5 hover-type-none\"><img decoding=\"async\" width=\"211\" height=\"181\" alt=\"CIM case study 1\" title=\"CIM case study 1\" src=\"https:\/\/www.dev.indo-mim.com\/wp-content\/uploads\/2019\/05\/CIM-case-study-1.jpg\" class=\"img-responsive wp-image-6448\" srcset=\"https:\/\/www.dev.indo-mim.com\/wp-content\/uploads\/2019\/05\/CIM-case-study-1-200x172.jpg 200w, https:\/\/www.dev.indo-mim.com\/wp-content\/uploads\/2019\/05\/CIM-case-study-1.jpg 211w\" sizes=\"(max-width: 640px) 100vw, 211px\" \/><\/span><\/div><div class=\"fusion-separator fusion-full-width-sep\" style=\"align-self: center;margin-left: auto;margin-right: auto;margin-top:30px;width:100%;\"><\/div><div class=\"fusion-text fusion-text-12\"><p><strong>\u00dcr\u00fcn Ad\u0131:<\/strong> Kompakt\u00f6r<\/p>\n<p><strong>Kritik Gereksinim:<\/strong> Y\u00fcksek mukavemet, en az a\u015f\u0131nma ve maliyet azaltmas\u0131<\/p>\n<\/div><\/div><style type=\"text\/css\">.fusion-body .fusion-builder-nested-column-4{width:50% !important;margin-top : 0px;margin-bottom : 20px;}.fusion-builder-nested-column-4 > .fusion-column-wrapper {padding-top : 0px !important;padding-right : 0px !important;margin-right : 3.84%;padding-bottom : 0px !important;padding-left : 0px !important;margin-left : 3.84%;}@media only screen and (max-width:1024px) {.fusion-body .fusion-builder-nested-column-4{width:50% !important;}.fusion-builder-nested-column-4 > .fusion-column-wrapper {margin-right : 3.84%;margin-left : 3.84%;}}@media only screen and (max-width:640px) {.fusion-body .fusion-builder-nested-column-4{width:100% !important;}.fusion-builder-nested-column-4 > .fusion-column-wrapper {margin-right : 1.92%;margin-left : 1.92%;}}<\/style><\/div><div class=\"fusion-layout-column fusion_builder_column_inner fusion-builder-nested-column-5 fusion_builder_column_inner_1_2 1_2 fusion-flex-column\"><div class=\"fusion-column-wrapper fusion-flex-justify-content-center fusion-content-layout-column\" style=\"background-position:left top;background-repeat:no-repeat;-webkit-background-size:cover;-moz-background-size:cover;-o-background-size:cover;background-size:cover;padding: 0px 0px 0px 0px;\"><div class=\"fusion-separator fusion-full-width-sep\" style=\"align-self: center;margin-left: auto;margin-right: auto;margin-top:10px;width:100%;\"><\/div><div class=\"fusion-text fusion-text-13\"><p><strong>Sorun   <\/strong><\/p>\n<ul>\n<li>Aluminyum prosesi ve tala\u015fl\u0131 imalat operasyonlar\u0131<\/li>\n<li>Par\u00e7a boyutunun d\u00fc\u015f\u00fck malzeme mukavemetine dayal\u0131 b\u00fcy\u00fck olmas\u0131<\/li>\n<li>A\u015f\u0131nma \u00f6mr\u00fc y\u00fcksek<\/li>\n<\/ul>\n<p><strong>\u00c7\u00f6z\u00fcm<\/strong><\/p>\n<ul>\n<li>Serami\u011fe ge\u00e7i\u015f<\/li>\n<li>Tek ikincil operasyon<\/li>\n<li>5 kat mukavemet artt\u0131r\u0131m\u0131<\/li>\n<\/ul>\n<p><strong>Sonu\u00e7lar<\/strong><\/p>\n<ul>\n<li>Daha k\u0131sa termin s\u00fcresi<\/li>\n<li>Y\u00fcksek adet<\/li>\n<li>Artan m\u00fc\u015fteri verimlili\u011fi ve g\u00fcc\u00fc<\/li>\n<li>Maliyet azalmas\u0131<\/li>\n<\/ul>\n<\/div><div class=\"fusion-separator fusion-full-width-sep\" style=\"align-self: center;margin-left: auto;margin-right: auto;margin-top:30px;width:100%;\"><\/div><\/div><style type=\"text\/css\">.fusion-body .fusion-builder-nested-column-5{width:50% !important;margin-top : 0px;margin-bottom : 20px;}.fusion-builder-nested-column-5 > .fusion-column-wrapper {padding-top : 0px !important;padding-right : 0px !important;margin-right : 3.84%;padding-bottom : 0px !important;padding-left : 0px !important;margin-left : 3.84%;}@media only screen and (max-width:1024px) {.fusion-body .fusion-builder-nested-column-5{width:50% !important;}.fusion-builder-nested-column-5 > .fusion-column-wrapper {margin-right : 3.84%;margin-left : 3.84%;}}@media only screen and (max-width:640px) {.fusion-body .fusion-builder-nested-column-5{width:100% !important;}.fusion-builder-nested-column-5 > .fusion-column-wrapper {margin-right : 1.92%;margin-left : 1.92%;}}<\/style><\/div><\/div><\/div><style type=\"text\/css\">.fusion-body .fusion-builder-column-11{width:100% !important;margin-top : 50px;margin-bottom : 25px;}.fusion-builder-column-11 > .fusion-column-wrapper {padding-top : 0px !important;padding-right : 0px !important;margin-right : 1.92%;padding-bottom : 0px !important;padding-left : 0px !important;margin-left : 1.92%;}@media only screen and (max-width:1024px) {.fusion-body .fusion-builder-column-11{width:100% !important;}.fusion-builder-column-11 > .fusion-column-wrapper {margin-right : 1.92%;margin-left : 1.92%;}}@media only screen and (max-width:640px) {.fusion-body .fusion-builder-column-11{width:100% !important;}.fusion-builder-column-11 > .fusion-column-wrapper {margin-right : 1.92%;margin-left : 1.92%;}}<\/style><\/div><\/div><div class=\"fusion-builder-row fusion-row fusion-flex-align-items-flex-start\" style=\"max-width:1248px;margin-left: calc(-4% \/ 2 );margin-right: calc(-4% \/ 2 );\"><\/div><style type=\"text\/css\">.fusion-body .fusion-flex-container.fusion-builder-row-12{ padding-top : 3%;margin-top : 0px;padding-right : 0px;padding-bottom : 2%;margin-bottom : 0px;padding-left : 0px;}<\/style><\/div><div class=\"fusion-fullwidth fullwidth-box fusion-builder-row-13 fusion-flex-container nonhundred-percent-fullwidth non-hundred-percent-height-scrolling\" style=\"background-color: #ffffff;background-position: left top;background-repeat: no-repeat;border-width: 0px 0px 0px 0px;border-color:#e2e2e2;border-style:solid;\" ><div class=\"fusion-builder-row fusion-row fusion-flex-align-items-flex-start\" style=\"max-width:calc( 1200px + 0px );margin-left: calc(-0px \/ 2 );margin-right: calc(-0px \/ 2 );\"><div class=\"fusion-layout-column fusion_builder_column fusion-builder-column-12 fusion_builder_column_1_1 1_1 fusion-flex-column\"><div class=\"fusion-column-wrapper fusion-flex-justify-content-flex-start fusion-content-layout-column\" style=\"background-image: url(&#039;https:\/\/www.dev.indo-mim.com\/wp-content\/uploads\/2019\/05\/background.png&#039;);background-position:left top;background-repeat:no-repeat;-webkit-background-size:cover;-moz-background-size:cover;-o-background-size:cover;background-size:cover;padding: 0px 0px 0px 0px;\" data-bg-url=\"https:\/\/www.dev.indo-mim.com\/wp-content\/uploads\/2019\/05\/background.png\"><style type=\"text\/css\">@media only screen and (max-width:1024px) {.fusion-title.fusion-title-3{margin-top:0px!important; margin-right:0px!important;margin-bottom:15px!important;margin-left:0px!important;}}@media only screen and (max-width:640px) {.fusion-title.fusion-title-3{margin-top:0px!important; margin-right:0px!important;margin-bottom:10px!important; margin-left:0px!important;}}<\/style><div class=\"fusion-title title fusion-title-3 fusion-sep-none fusion-title-text fusion-title-size-two\" style=\"margin-top:0px;margin-right:0px;margin-bottom:15px;margin-left:0px;\"><h2 class=\"title-heading-left\" style=\"margin:0;\">INDO-MIM TARAFINDAN GEL\u0130\u015eT\u0130R\u0130LEN CIM PAR\u00c7ALARI<\/h2><\/div><div ><div class=\"awb-image-frame awb-image-frame-6 imageframe-liftup\"><span class=\" fusion-imageframe imageframe-dropshadow imageframe-6 fusion-animated\" style=\"-webkit-box-shadow: 3px 3px 7px rgba(0,0,0,0.3);box-shadow: 3px 3px 7px rgba(0,0,0,0.3);\" data-animationType=\"zoomInLeft\" data-animationDuration=\"0.3\" data-animationOffset=\"top-into-view\"><img decoding=\"async\" width=\"1200\" height=\"405\" alt=\"Ceramic Injection Molding\" title=\"CIM-components\" src=\"https:\/\/www.dev.indo-mim.com\/wp-content\/uploads\/2019\/05\/CIM-sample-parts.jpg\" class=\"img-responsive wp-image-6471\"\/><\/span><\/div><\/div><\/div><style type=\"text\/css\">.fusion-body .fusion-builder-column-12{width:100% !important;margin-top : 50px;margin-bottom : 25px;}.fusion-builder-column-12 > .fusion-column-wrapper {padding-top : 0px !important;padding-right : 0px !important;margin-right : 0px;padding-bottom : 0px !important;padding-left : 0px !important;margin-left : 0px;}@media only screen and (max-width:1024px) {.fusion-body .fusion-builder-column-12{width:100% !important;}.fusion-builder-column-12 > .fusion-column-wrapper {margin-right : 0px;margin-left : 0px;}}@media only screen and (max-width:640px) {.fusion-body .fusion-builder-column-12{width:100% !important;}.fusion-builder-column-12 > .fusion-column-wrapper {margin-right : 0px;margin-left : 0px;}}<\/style><\/div><\/div><div class=\"fusion-builder-row fusion-row fusion-flex-align-items-flex-start\" style=\"max-width:calc( 1200px + 0px );margin-left: calc(-0px \/ 2 );margin-right: calc(-0px \/ 2 );\"><\/div><style type=\"text\/css\">.fusion-body .fusion-flex-container.fusion-builder-row-13{ padding-top : 3%;margin-top : 0px;padding-right : 0px;padding-bottom : 2%;margin-bottom : 0px;padding-left : 0px;}<\/style><\/div><\/p>\n<h3 class=\"crm-panel-description\"><code><\/code><\/h3>\n<p><\/p>","protected":false},"excerpt":{"rendered":"","protected":false},"author":1,"featured_media":0,"parent":0,"menu_order":0,"comment_status":"closed","ping_status":"closed","template":"100-width.php","meta":[],"_links":{"self":[{"href":"https:\/\/www.dev.indo-mim.com\/tr\/wp-json\/wp\/v2\/pages\/6447"}],"collection":[{"href":"https:\/\/www.dev.indo-mim.com\/tr\/wp-json\/wp\/v2\/pages"}],"about":[{"href":"https:\/\/www.dev.indo-mim.com\/tr\/wp-json\/wp\/v2\/types\/page"}],"author":[{"embeddable":true,"href":"https:\/\/www.dev.indo-mim.com\/tr\/wp-json\/wp\/v2\/users\/1"}],"replies":[{"embeddable":true,"href":"https:\/\/www.dev.indo-mim.com\/tr\/wp-json\/wp\/v2\/comments?post=6447"}],"version-history":[{"count":0,"href":"https:\/\/www.dev.indo-mim.com\/tr\/wp-json\/wp\/v2\/pages\/6447\/revisions"}],"wp:attachment":[{"href":"https:\/\/www.dev.indo-mim.com\/tr\/wp-json\/wp\/v2\/media?parent=6447"}],"curies":[{"name":"wp","href":"https:\/\/api.w.org\/{rel}","templated":true}]}}