{"id":2043,"date":"2019-02-03T05:32:27","date_gmt":"2019-02-03T05:32:27","guid":{"rendered":"https:\/\/www.dev.indo-mim.com\/?page_id=2043"},"modified":"2022-09-27T10:36:11","modified_gmt":"2022-09-27T05:06:11","slug":"industrial","status":"publish","type":"page","link":"https:\/\/www.dev.indo-mim.com\/tr\/industrial","title":{"rendered":"End\u00fcstriyel"},"content":{"rendered":"<p><div class=\"fusion-fullwidth fullwidth-box fusion-builder-row-10 fusion-flex-container nonhundred-percent-fullwidth non-hundred-percent-height-scrolling\" style=\"background-color: rgba(255,255,255,0);background-position: center center;background-repeat: no-repeat;border-width: 0px 0px 0px 0px;border-color:#e2e2e2;border-style:solid;\" ><div class=\"fusion-builder-row fusion-row fusion-flex-align-items-flex-start\" style=\"max-width:calc( 1200px + 0px );margin-left: calc(-0px \/ 2 );margin-right: calc(-0px \/ 2 );\"><div class=\"fusion-layout-column fusion_builder_column fusion-builder-column-11 fusion_builder_column_1_1 1_1 fusion-flex-column\"><div class=\"fusion-column-wrapper fusion-flex-justify-content-flex-start fusion-content-layout-column\" style=\"background-position:left top;background-repeat:no-repeat;-webkit-background-size:cover;-moz-background-size:cover;-o-background-size:cover;background-size:cover;padding: 0px 0px 0px 0px;\"><div class=\"fusion-text fusion-text-18\"><h2>End\u00fcstriyel Uygulamalar \u0130\u00e7in M\u00fchendislik \u00dcr\u00fcnleri<\/h2>\n<\/div><\/div><style type=\"text\/css\">.fusion-body .fusion-builder-column-11{width:100% !important;margin-top : 0px;margin-bottom : 20px;}.fusion-builder-column-11 > .fusion-column-wrapper {padding-top : 0px !important;padding-right : 0px !important;margin-right : 0px;padding-bottom : 0px !important;padding-left : 0px !important;margin-left : 0px;}@media only screen and (max-width:1024px) {.fusion-body .fusion-builder-column-11{width:100% !important;}.fusion-builder-column-11 > .fusion-column-wrapper {margin-right : 0px;margin-left : 0px;}}@media only screen and (max-width:640px) {.fusion-body .fusion-builder-column-11{width:100% !important;}.fusion-builder-column-11 > .fusion-column-wrapper {margin-right : 0px;margin-left : 0px;}}<\/style><\/div><\/div><style type=\"text\/css\">.fusion-body .fusion-flex-container.fusion-builder-row-10{ padding-top : 0px;margin-top : 0px;padding-right : 0px;padding-bottom : 0px;margin-bottom : 0px;padding-left : 0px;}<\/style><\/div><div class=\"fusion-fullwidth fullwidth-box fusion-builder-row-11 fusion-flex-container nonhundred-percent-fullwidth non-hundred-percent-height-scrolling\" style=\"background-color: rgba(255,255,255,0);background-position: center center;background-repeat: no-repeat;border-width: 0px 0px 0px 0px;border-color:#e2e2e2;border-style:solid;\" ><div class=\"fusion-builder-row fusion-row fusion-flex-align-items-stretch\" style=\"max-width:1248px;margin-left: calc(-4% \/ 2 );margin-right: calc(-4% \/ 2 );\"><div class=\"fusion-layout-column fusion_builder_column fusion-builder-column-12 fusion_builder_column_1_2 1_2 fusion-flex-column\"><div class=\"fusion-column-wrapper fusion-flex-justify-content-center fusion-content-layout-column\" style=\"background-position:left top;background-repeat:no-repeat;-webkit-background-size:cover;-moz-background-size:cover;-o-background-size:cover;background-size:cover;padding: 0px 0px 0px 0px;\"><div class=\"fusion-text fusion-text-19\"><p>Indo-MIM geni\u015f yelpazedeki end\u00fcstriyel uygulamalarda kullan\u0131lan \u00fcr\u00fcnlerin global tedarik\u00e7ilerinin g\u00fcvendi\u011fi bir \u00f6nc\u00fcd\u00fcr. Y\u00fcksek mukavemetli yap\u0131sal par\u00e7alardan \u00e7ok ince fiber optik ba\u011flant\u0131 elemanlar\u0131na kadar y\u00fcksek performans ve y\u00fcksek g\u00fcvenirlilik, rekabet edilebilir fiyatlarla ve Indo-MIM ba\u015far\u0131ya ula\u015fmak i\u00e7in buradad\u0131r. Kapsaml\u0131 tesislerimiz ve d\u00fcnya kalitesindeki \u00fcretim ekibimiz en zorlu uygulamalar i\u00e7in her boyuttaki projenin \u00fcstesinden gelir.<\/p>\n<\/div><\/div><style type=\"text\/css\">.fusion-body .fusion-builder-column-12{width:50% !important;margin-top : 0px;margin-bottom : 60px;}.fusion-builder-column-12 > .fusion-column-wrapper {padding-top : 0px !important;padding-right : 0px !important;margin-right : 3.84%;padding-bottom : 0px !important;padding-left : 0px !important;margin-left : 3.84%;}@media only screen and (max-width:1024px) {.fusion-body .fusion-builder-column-12{width:50% !important;}.fusion-builder-column-12 > .fusion-column-wrapper {margin-right : 3.84%;margin-left : 3.84%;}}@media only screen and (max-width:640px) {.fusion-body .fusion-builder-column-12{width:100% !important;}.fusion-builder-column-12 > .fusion-column-wrapper {margin-right : 1.92%;margin-left : 1.92%;}}<\/style><\/div><div class=\"fusion-layout-column fusion_builder_column fusion-builder-column-13 fusion_builder_column_1_2 1_2 fusion-flex-column\"><div class=\"fusion-column-wrapper fusion-flex-justify-content-center fusion-content-layout-column\" style=\"background-position:left top;background-repeat:no-repeat;-webkit-background-size:cover;-moz-background-size:cover;-o-background-size:cover;background-size:cover;padding: 0px 0px 0px 8%;\"><div ><span class=\" fusion-imageframe imageframe-dropshadow imageframe-3 hover-type-zoomin\" style=\"-webkit-box-shadow: 5px 5px 9px rgba(0,0,0,0.3);box-shadow: 5px 5px 9px rgba(0,0,0,0.3);\"><img decoding=\"async\" width=\"600\" height=\"300\" alt=\"(English) Metal parts manufacturer for industries\" title=\"industrial-Components-grp\" src=\"https:\/\/www.dev.indo-mim.com\/wp-content\/uploads\/2019\/02\/industrial-Components-grp.jpg\" class=\"img-responsive wp-image-2776\" srcset=\"https:\/\/www.dev.indo-mim.com\/wp-content\/uploads\/2019\/02\/industrial-Components-grp-200x100.jpg 200w, https:\/\/www.dev.indo-mim.com\/wp-content\/uploads\/2019\/02\/industrial-Components-grp-400x200.jpg 400w, https:\/\/www.dev.indo-mim.com\/wp-content\/uploads\/2019\/02\/industrial-Components-grp.jpg 600w\" sizes=\"(max-width: 640px) 100vw, 600px\" \/><\/span><\/div><\/div><style type=\"text\/css\">.fusion-body .fusion-builder-column-13{width:50% !important;margin-top : 0px;margin-bottom : 20px;}.fusion-builder-column-13 > .fusion-column-wrapper {padding-top : 0px !important;padding-right : 0px !important;margin-right : 3.84%;padding-bottom : 0px !important;padding-left : 8% !important;margin-left : 3.84%;}@media only screen and (max-width:1024px) {.fusion-body .fusion-builder-column-13{width:50% !important;}.fusion-builder-column-13 > .fusion-column-wrapper {margin-right : 3.84%;margin-left : 3.84%;}}@media only screen and (max-width:640px) {.fusion-body .fusion-builder-column-13{width:100% !important;}.fusion-builder-column-13 > .fusion-column-wrapper {margin-right : 1.92%;margin-left : 1.92%;}}<\/style><\/div><\/div><style type=\"text\/css\">.fusion-body .fusion-flex-container.fusion-builder-row-11{ padding-top : 20px;margin-top : 0px;padding-right : 0px;padding-bottom : 10px;margin-bottom : 0px;padding-left : 0px;}<\/style><\/div><div class=\"fusion-fullwidth fullwidth-box fusion-builder-row-12 fusion-flex-container nonhundred-percent-fullwidth non-hundred-percent-height-scrolling\" style=\"background-color: rgba(248,248,248,0);background-position: center center;background-repeat: no-repeat;border-width: 0px 0px 0px 0px;border-color:#e2e2e2;border-style:solid;\" ><div class=\"fusion-builder-row fusion-row fusion-flex-align-items-stretch\" style=\"max-width:calc( 1200px + 0px );margin-left: calc(-0px \/ 2 );margin-right: calc(-0px \/ 2 );\"><div class=\"fusion-layout-column fusion_builder_column fusion-builder-column-14 fusion_builder_column_1_1 1_1 fusion-flex-column\"><div class=\"fusion-column-wrapper fusion-flex-justify-content-center fusion-content-layout-column\" style=\"background-position:left top;background-repeat:no-repeat;-webkit-background-size:cover;-moz-background-size:cover;-o-background-size:cover;background-size:cover;padding: 0px 0px 0px 0px;\"><div class=\"fusion-text fusion-text-20\"><p><strong>Ba\u015far\u0131 Ortakl\u0131\u011f\u0131<\/strong><\/p>\n<p>Indo-MIM, m\u00fc\u015fterileriyle g\u00fc\u00e7l\u00fc bir i\u015f ortakl\u0131\u011f\u0131 kurarak programlara maksimum de\u011fer sa\u011flayabilir. Program, ba\u015f\u0131ndan sonuna kadar sadece bu projede \u00e7al\u0131\u015fmak i\u00e7in titizlikle se\u00e7ilen ekip taraf\u0131ndan y\u00fcr\u00fct\u00fcl\u00fcr. APQP prosesimiz i\u015f d\u00fcnyas\u0131ndaki proseslerin en iyisidir. Projenin, uygun kaynaklarla, sa\u011fl\u0131kl\u0131 bir \u015fekilde s\u00fcrd\u00fcr\u00fclmesini ve tamamlanmas\u0131n\u0131 sa\u011flar.<\/p>\n<p><strong>Maksimum De\u011fer \u0130\u00e7in M\u00fchendislik<\/strong><\/p>\n<p>Di\u011fer proseslerle ekonomik olarak \u00fcretilemeyen olduk\u00e7a kompleks komponentlerin tek \u00fcretim imkan\u0131n\u0131 MIM teknolojisi sa\u011flar. MIM proseslerinden maksimum de\u011fer kazanabilmek i\u00e7in, Indo-MIM, dizayn, malzeme ve son i\u015flem taleplerinizde sizinle \u00e7ok yak\u0131n olarak \u00e7al\u0131\u015f\u0131r. \u0130malat, \u0131s\u0131l i\u015flem ve y\u00fczey i\u015flem yeteneklerimiz, toplam program maliyetini kontrol edebilmemizi sa\u011fl\u0131yor.<\/p>\n<p><strong>\u00dcretim Taleplerine Adaptasyon<\/strong><\/p>\n<p>End\u00fcstriyel \u00fcr\u00fcn taleplerinin \u00e7ok farkl\u0131 uygulamalar\u0131nda, d\u00fc\u015f\u00fck ya da y\u00fcksek adetli sipari\u015fleri kar\u015f\u0131layabilen tedarik\u00e7ilere ihtiya\u00e7 duyulur. Indo-MIM, d\u00fc\u015f\u00fck hacimli taleplerde de MIM\u2019i ekonomik bir se\u00e7im haline getiren, yeni bir kal\u0131p kavram\u0131n\u0131 geli\u015ftirdi. H\u0131zl\u0131 ekonomik kal\u0131p \u00fcretim kabiliyetimiz, g\u00fc\u00e7l\u00fc \u00fcretim kapasitemizle birle\u015ferek \u00e7ok b\u00fcy\u00fck \u00fcretim taleplerini kar\u015f\u0131layabilmemizi sa\u011fl\u0131yor.<\/p>\n<p><strong>\u00c7e\u015fitli Uygulamalar \u0130\u00e7in Malzemeler<\/strong><\/p>\n<p>Indo-MIM, m\u00fc\u015fterilerinin \u00fcr\u00fcnlerinden y\u00fcksek performans almas\u0131n\u0131 sa\u011flamak i\u00e7in, \u00e7ok \u00e7e\u015fitli malzeme opsiyonlar\u0131 sunuyor. Bunun yan\u0131s\u0131ra, \u00e7ok \u00e7e\u015fitli haz\u0131r malzeme \u00e7\u00f6z\u00fcmleriyle y\u00fcksek mukavemet, a\u015f\u0131nma ve korrozyon dayan\u0131m\u0131 i\u00e7in, Indo-MIM, \u00f6zel m\u00fc\u015fteri talebi olan \u00fcr\u00fcnlerin geli\u015ftirilmesi i\u00e7in, d\u00fcnya standartlar\u0131nda bir malzeme laboratuvar\u0131na sahiptir.<\/p>\n<p><strong>Kapsaml\u0131 Tam \u00c7\u00f6z\u00fcm<\/strong><\/p>\n<p>Indo-MIM, sadece en son MIM teknolojisine yat\u0131r\u0131m yapmakla kalm\u0131yor, ayn\u0131 zamanda hassas tala\u015fl\u0131 i\u015flem tezgahlar\u0131, \u0131s\u0131l i\u015flem ve y\u00fczey kaplama performans\u0131n\u0131n art\u0131r\u0131lmas\u0131na y\u00f6nelik yat\u0131r\u0131m yapmaya devam ediyor. Biz, ald\u0131\u011f\u0131m\u0131z sipari\u015f size teslim edilmeden tamamland\u0131\u011f\u0131na inanm\u0131yoruz.<\/p>\n<\/div><div class=\"fusion-separator fusion-full-width-sep\" style=\"align-self: center;margin-left: auto;margin-right: auto;margin-top:7px;width:100%;\"><\/div><div class=\"fusion-text fusion-text-21\"><h3>End\u00fcstriyel \u00dcr\u00fcn \u00c7\u00f6z\u00fcmlerinde MIM<\/h3>\n<ul>\n<li><strong>Kap\u0131 donan\u0131mlar\u0131<\/strong> \u2013 Kilit yuvas\u0131, silindir, ta\u015f\u0131y\u0131c\u0131 ve pimler.<\/li>\n<li><strong>Elektrikli el aletleri<\/strong> \u2013 Kulplar, u\u00e7lar, mandrenler, b\u0131\u00e7ak kelep\u00e7eleri, tespit mandal\u0131, kilit mekanizmalar\u0131<\/li>\n<li><strong>Elektronik<\/strong> \u2013 Sens\u00f6r yuvalar\u0131, fiber optik ba\u011flant\u0131 par\u00e7alar\u0131, mikro dalga paketleri, so\u011futucular<\/li>\n<li><strong>Hidrolik<\/strong> \u2013 Valf g\u00f6bekleri, yuvalar, armat\u00fcrler<\/li>\n<li><strong>S\u0131kma Elemanlar\u0131 ve Donan\u0131m<\/strong> \u2013 Havac\u0131l\u0131k<\/li>\n<li><strong>Tesisat<\/strong> \u2013 Valf g\u00f6bekleri, musluk par\u00e7alar\u0131<\/li>\n<li><strong>G\u00fcvenlik<\/strong> \u2013 D\u00fc\u015fme koruma mekanizmalar\u0131<\/li>\n<li><strong>Petrol<\/strong> \u2013 Y\u00fcksek korrozyon uygulamalar\u0131 i\u00e7in valf komponentleri<\/li>\n<\/ul>\n<\/div><div class=\"fusion-text fusion-text-22\"><h3>End\u00fcstriyel \u00dcretim Yetenekleri<\/h3>\n<ul>\n<li>\u00dcr\u00fcn dizayn ve malzeme se\u00e7im deste\u011fi<\/li>\n<li>End\u00fcstiriyel dizayn hizmeti<\/li>\n<li>Prototip ve d\u00fc\u015f\u00fck hacimli seri \u00fcretim geli\u015ftirme<\/li>\n<li>Y\u00fcksek hacimli MIM \u00fcretimi<\/li>\n<li>Mikro kal\u0131plama<\/li>\n<li>\u0130malat ve kalite kontrol otomasyonu<\/li>\n<li>Hassas ta\u015flama ve CNC i\u015fleme<\/li>\n<\/ul>\n<\/div><\/div><style type=\"text\/css\">.fusion-body .fusion-builder-column-14{width:100% !important;margin-top : 0px;margin-bottom : 20px;}.fusion-builder-column-14 > .fusion-column-wrapper {padding-top : 0px !important;padding-right : 0px !important;margin-right : 0px;padding-bottom : 0px !important;padding-left : 0px !important;margin-left : 0px;}@media only screen and (max-width:1024px) {.fusion-body .fusion-builder-column-14{width:100% !important;}.fusion-builder-column-14 > .fusion-column-wrapper {margin-right : 0px;margin-left : 0px;}}@media only screen and (max-width:640px) {.fusion-body .fusion-builder-column-14{width:100% !important;}.fusion-builder-column-14 > .fusion-column-wrapper {margin-right : 0px;margin-left : 0px;}}<\/style><\/div><\/div><style type=\"text\/css\">.fusion-body .fusion-flex-container.fusion-builder-row-12{ padding-top : 0px;margin-top : 0px;padding-right : 0px;padding-bottom : 20px;margin-bottom : 0px;padding-left : 0px;}<\/style><\/div><div class=\"fusion-fullwidth fullwidth-box fusion-builder-row-13 fusion-flex-container fusion-parallax-none hundred-percent-fullwidth non-hundred-percent-height-scrolling\" style=\"background-color: rgba(255,255,255,0);background-image: url(&quot;https:\/\/avada.theme-fusion.com\/science\/wp-content\/uploads\/sites\/79\/2016\/11\/CTA_background.jpg&quot;);background-position: center center;background-repeat: no-repeat;border-width: 0px 0px 0px 0px;border-color:#e2e2e2;border-style:solid;-webkit-background-size:cover;-moz-background-size:cover;-o-background-size:cover;background-size:cover;\" ><div class=\"fusion-builder-row fusion-row fusion-flex-align-items-flex-start\" style=\"width:calc( 100% + 0px ) !important;max-width:calc( 100% + 0px ) !important;margin-left: calc(-0px \/ 2 );margin-right: calc(-0px \/ 2 );\"><div class=\"fusion-layout-column fusion_builder_column fusion-builder-column-15 fusion_builder_column_1_1 1_1 fusion-flex-column\"><div class=\"fusion-column-wrapper fusion-flex-justify-content-flex-start fusion-content-layout-column\" style=\"background-position:left top;background-repeat:no-repeat;-webkit-background-size:cover;-moz-background-size:cover;-o-background-size:cover;background-size:cover;padding: 0px 0px 0px 0px;\"><div class=\"fusion-text fusion-text-23\"><h2 style=\"text-align: center; color: #fff; font-size: 60px;\">Indo-MIM ile \u0130novasyon<\/h2>\n<\/div><div class=\"fusion-text fusion-text-24\"><p style=\"text-align: center; color: #fff; font-size: 25px; line-height: 48px;\">Etkin MIM par\u00e7alar\u0131na odaklanm\u0131\u015f \u00e7ok disiplinli MIM \u00fcreticisiyiz<\/p>\n<\/div><div class=\"fusion-separator fusion-full-width-sep\" style=\"align-self: center;margin-left: auto;margin-right: auto;margin-top:20px;width:100%;\"><\/div><div style=\"text-align:center;\"><style>.fusion-body .fusion-button.button-3{border-color:#ffffff;border-width:1px 1px 1px 1px;border-radius:4px 4px 4px 4px;background:rgba(76,81,102,0);}.fusion-body .fusion-button.button-3 .fusion-button-text,.fusion-body .fusion-button.button-3 i,.fusion-body .fusion-button.button-3:hover .fusion-button-text,.fusion-body .fusion-button.button-3:hover i,.fusion-body .fusion-button.button-3:focus .fusion-button-text,.fusion-body .fusion-button.button-3:focus i,.fusion-body .fusion-button.button-3:active .fusion-button-text,.fusion-body .fusion-button.button-3:active i{color:#ffffff;}.fusion-body .fusion-button.button-3:hover,.fusion-body .fusion-button.button-3:active,.fusion-body .fusion-button.button-3:focus{border-color:#ffffff;border-width:1px 1px 1px 1px;background:#f78025;}<\/style><a class=\"fusion-button button-flat button-xlarge button-custom button-3 fusion-button-default-span fusion-button-default-type\" target=\"_self\" href=\"https:\/\/www.dev.indo-mim.com\/contact-mim\/\"><span class=\"fusion-button-text\">B\u0130Z\u0130MLE \u0130LET\u0130\u015e\u0130ME GE\u00c7\u0130N<\/span><\/a><\/div><\/div><style type=\"text\/css\">.fusion-body .fusion-builder-column-15{width:100% !important;margin-top : 0px;margin-bottom : 20px;}.fusion-builder-column-15 > .fusion-column-wrapper {padding-top : 0px !important;padding-right : 0px !important;margin-right : 0px;padding-bottom : 0px !important;padding-left : 0px !important;margin-left : 0px;}@media only screen and (max-width:1024px) {.fusion-body .fusion-builder-column-15{width:100% !important;}.fusion-builder-column-15 > .fusion-column-wrapper {margin-right : 0px;margin-left : 0px;}}@media only screen and (max-width:640px) {.fusion-body .fusion-builder-column-15{width:100% !important;}.fusion-builder-column-15 > .fusion-column-wrapper {margin-right : 0px;margin-left : 0px;}}<\/style><\/div><\/div><style type=\"text\/css\">.fusion-body .fusion-flex-container.fusion-builder-row-13{ padding-top : 200px;margin-top : 0px;padding-right : 0px;padding-bottom : 200px;margin-bottom : 0px;padding-left : 0px;}<\/style><\/div><div class=\"fusion-fullwidth fullwidth-box fusion-builder-row-14 fusion-flex-container nonhundred-percent-fullwidth non-hundred-percent-height-scrolling\" style=\"background-color: rgba(255,255,255,0);background-position: center center;background-repeat: no-repeat;border-width: 0px 0px 0px 0px;border-color:#e2e2e2;border-style:solid;\" ><div class=\"fusion-builder-row fusion-row fusion-flex-align-items-flex-start\" style=\"max-width:calc( 1200px + 0px );margin-left: calc(-0px \/ 2 );margin-right: calc(-0px \/ 2 );\"><div class=\"fusion-layout-column fusion_builder_column fusion-builder-column-16 fusion_builder_column_1_1 1_1 fusion-flex-column\"><div class=\"fusion-column-wrapper fusion-flex-justify-content-flex-start fusion-content-layout-column\" style=\"background-position:left top;background-repeat:no-repeat;-webkit-background-size:cover;-moz-background-size:cover;-o-background-size:cover;background-size:cover;padding: 0px 0px 0px 0px;\"><div class=\"fusion-text fusion-text-25\"><h3 class=\"crm-panel-description\"><code><\/code><\/h3>\n<\/div><\/div><style type=\"text\/css\">.fusion-body .fusion-builder-column-16{width:100% !important;margin-top : 0px;margin-bottom : 0px;}.fusion-builder-column-16 > .fusion-column-wrapper {padding-top : 0px !important;padding-right : 0px !important;margin-right : 0px;padding-bottom : 0px !important;padding-left : 0px !important;margin-left : 0px;}@media only screen and (max-width:1024px) {.fusion-body .fusion-builder-column-16{width:100% !important;}.fusion-builder-column-16 > .fusion-column-wrapper {margin-right : 0px;margin-left : 0px;}}@media only screen and (max-width:640px) {.fusion-body .fusion-builder-column-16{width:100% !important;}.fusion-builder-column-16 > .fusion-column-wrapper {margin-right : 0px;margin-left : 0px;}}<\/style><\/div><\/div><style type=\"text\/css\">.fusion-body .fusion-flex-container.fusion-builder-row-14{ padding-top : 0px;margin-top : 0px;padding-right : 0px;padding-bottom : 0px;margin-bottom : 0px;padding-left : 0px;}<\/style><\/div><\/p>","protected":false},"excerpt":{"rendered":"","protected":false},"author":1,"featured_media":0,"parent":0,"menu_order":0,"comment_status":"closed","ping_status":"closed","template":"100-width.php","meta":[],"_links":{"self":[{"href":"https:\/\/www.dev.indo-mim.com\/tr\/wp-json\/wp\/v2\/pages\/2043"}],"collection":[{"href":"https:\/\/www.dev.indo-mim.com\/tr\/wp-json\/wp\/v2\/pages"}],"about":[{"href":"https:\/\/www.dev.indo-mim.com\/tr\/wp-json\/wp\/v2\/types\/page"}],"author":[{"embeddable":true,"href":"https:\/\/www.dev.indo-mim.com\/tr\/wp-json\/wp\/v2\/users\/1"}],"replies":[{"embeddable":true,"href":"https:\/\/www.dev.indo-mim.com\/tr\/wp-json\/wp\/v2\/comments?post=2043"}],"version-history":[{"count":0,"href":"https:\/\/www.dev.indo-mim.com\/tr\/wp-json\/wp\/v2\/pages\/2043\/revisions"}],"wp:attachment":[{"href":"https:\/\/www.dev.indo-mim.com\/tr\/wp-json\/wp\/v2\/media?parent=2043"}],"curies":[{"name":"wp","href":"https:\/\/api.w.org\/{rel}","templated":true}]}}