{"id":2040,"date":"2019-02-03T05:32:17","date_gmt":"2019-02-03T05:32:17","guid":{"rendered":"https:\/\/www.dev.indo-mim.com\/?page_id=2040"},"modified":"2022-09-27T10:44:04","modified_gmt":"2022-09-27T05:14:04","slug":"mim-consumer","status":"publish","type":"page","link":"https:\/\/www.dev.indo-mim.com\/tr\/mim-consumer","title":{"rendered":"T\u00fcketim"},"content":{"rendered":"<p><div class=\"fusion-fullwidth fullwidth-box fusion-builder-row-12 fusion-flex-container nonhundred-percent-fullwidth non-hundred-percent-height-scrolling\" style=\"background-color: rgba(255,255,255,0);background-position: center center;background-repeat: no-repeat;border-width: 0px 0px 0px 0px;border-color:#e2e2e2;border-style:solid;\" ><div class=\"fusion-builder-row fusion-row fusion-flex-align-items-flex-start\" style=\"max-width:calc( 1200px + 0px );margin-left: calc(-0px \/ 2 );margin-right: calc(-0px \/ 2 );\"><div class=\"fusion-layout-column fusion_builder_column fusion-builder-column-13 fusion_builder_column_1_1 1_1 fusion-flex-column\"><div class=\"fusion-column-wrapper fusion-flex-justify-content-flex-start fusion-content-layout-column\" style=\"background-position:left top;background-repeat:no-repeat;-webkit-background-size:cover;-moz-background-size:cover;-o-background-size:cover;background-size:cover;padding: 0px 0px 0px 0px;\"><div class=\"fusion-text fusion-text-17\"><h2>T\u00fcketim \u00fcr\u00fcn\u00fc uygulamlar\u0131nda \u00f6zel \u00e7\u00f6z\u00fcmler<\/h2>\n<\/div><\/div><style type=\"text\/css\">.fusion-body .fusion-builder-column-13{width:100% !important;margin-top : 0px;margin-bottom : 20px;}.fusion-builder-column-13 > .fusion-column-wrapper {padding-top : 0px !important;padding-right : 0px !important;margin-right : 0px;padding-bottom : 0px !important;padding-left : 0px !important;margin-left : 0px;}@media only screen and (max-width:1024px) {.fusion-body .fusion-builder-column-13{width:100% !important;}.fusion-builder-column-13 > .fusion-column-wrapper {margin-right : 0px;margin-left : 0px;}}@media only screen and (max-width:640px) {.fusion-body .fusion-builder-column-13{width:100% !important;}.fusion-builder-column-13 > .fusion-column-wrapper {margin-right : 0px;margin-left : 0px;}}<\/style><\/div><\/div><style type=\"text\/css\">.fusion-body .fusion-flex-container.fusion-builder-row-12{ padding-top : 0px;margin-top : 0px;padding-right : 0px;padding-bottom : 0px;margin-bottom : 0px;padding-left : 0px;}<\/style><\/div><div class=\"fusion-fullwidth fullwidth-box fusion-builder-row-13 fusion-flex-container nonhundred-percent-fullwidth non-hundred-percent-height-scrolling\" style=\"background-color: rgba(255,255,255,0);background-position: center center;background-repeat: no-repeat;border-width: 0px 0px 0px 0px;border-color:#e2e2e2;border-style:solid;\" ><div class=\"fusion-builder-row fusion-row fusion-flex-align-items-stretch\" style=\"max-width:1248px;margin-left: calc(-4% \/ 2 );margin-right: calc(-4% \/ 2 );\"><div class=\"fusion-layout-column fusion_builder_column fusion-builder-column-14 fusion_builder_column_2_3 2_3 fusion-flex-column fusion-no-small-visibility\"><div class=\"fusion-column-wrapper fusion-flex-justify-content-center fusion-content-layout-column\" style=\"background-position:left top;background-repeat:no-repeat;-webkit-background-size:cover;-moz-background-size:cover;-o-background-size:cover;background-size:cover;padding: 0px 0px 0px 8%;\"><div class=\"fusion-text fusion-text-18\"><p style=\"text-align: left;\"><strong><span class=\"fusion-dropcap dropcap\">T<\/span><\/strong><\/p>\n<p style=\"text-align: justify;\"><strong>\u00fcketim \u00fcr\u00fcnlerinde, yarat\u0131c\u0131 m\u00fchendislik dizayn\u0131 ile y\u00fcksek mukavemetli malzeme ve \u00e7ekici y\u00fczey son i\u015flemleri isteniyor. Indo-MIM, d\u00fcnya standartlar\u0131ndaki \u00fcretim ve son i\u015flem yetene\u011fi ile g\u00fc\u00e7lendirilmi\u015f MIM\u2019in rakipsiz dizayn ve malzeme \u00e7e\u015fitlili\u011fiyle bu talepleri kar\u015f\u0131l\u0131yor. Spor malzemeleri, elektronik, tak\u0131m ve donan\u0131m uygulamalar\u0131 i\u00e7in m\u00fc\u015fteriye \u00f6zel MIM \u00fcr\u00fcn temininde Indo-MIM lider tedarik\u00e7idir.<\/strong><\/p>\n<\/div><\/div><style type=\"text\/css\">.fusion-body .fusion-builder-column-14{width:66.666666666667% !important;margin-top : 0px;margin-bottom : 20px;}.fusion-builder-column-14 > .fusion-column-wrapper {padding-top : 0px !important;padding-right : 0px !important;margin-right : 3.84%;padding-bottom : 0px !important;padding-left : 8% !important;margin-left : 2.88%;}@media only screen and (max-width:1024px) {.fusion-body .fusion-builder-column-14{width:66.666666666667% !important;}.fusion-builder-column-14 > .fusion-column-wrapper {margin-right : 3.84%;margin-left : 2.88%;}}@media only screen and (max-width:640px) {.fusion-body .fusion-builder-column-14{width:100% !important;}.fusion-builder-column-14 > .fusion-column-wrapper {margin-right : 1.92%;margin-left : 1.92%;}}<\/style><\/div><div class=\"fusion-layout-column fusion_builder_column fusion-builder-column-15 fusion_builder_column_1_3 1_3 fusion-flex-column\"><div class=\"fusion-column-wrapper fusion-flex-justify-content-flex-start fusion-content-layout-column\" style=\"background-position:left top;background-repeat:no-repeat;-webkit-background-size:cover;-moz-background-size:cover;-o-background-size:cover;background-size:cover;padding: 0px 0px 0px 0px;\"><div ><span class=\" fusion-imageframe imageframe-none imageframe-3 hover-type-none\"><img decoding=\"async\" width=\"327\" height=\"247\" alt=\"Consumer MIM parts\" title=\"Consumer-components\" src=\"https:\/\/www.dev.indo-mim.com\/wp-content\/uploads\/2019\/05\/Consumer-components.jpg\" class=\"img-responsive wp-image-7222\" srcset=\"https:\/\/www.dev.indo-mim.com\/wp-content\/uploads\/2019\/05\/Consumer-components-200x151.jpg 200w, https:\/\/www.dev.indo-mim.com\/wp-content\/uploads\/2019\/05\/Consumer-components.jpg 327w\" sizes=\"(max-width: 640px) 100vw, 327px\" \/><\/span><\/div><\/div><style type=\"text\/css\">.fusion-body .fusion-builder-column-15{width:33.333333333333% !important;margin-top : 0px;margin-bottom : 20px;}.fusion-builder-column-15 > .fusion-column-wrapper {padding-top : 0px !important;padding-right : 0px !important;margin-right : 5.76%;padding-bottom : 0px !important;padding-left : 0px !important;margin-left : 3.8399999999999%;}@media only screen and (max-width:1024px) {.fusion-body .fusion-builder-column-15{width:33.333333333333% !important;}.fusion-builder-column-15 > .fusion-column-wrapper {margin-right : 5.76%;margin-left : 3.8399999999999%;}}@media only screen and (max-width:640px) {.fusion-body .fusion-builder-column-15{width:100% !important;}.fusion-builder-column-15 > .fusion-column-wrapper {margin-right : 1.92%;margin-left : 1.92%;}}<\/style><\/div><\/div><style type=\"text\/css\">.fusion-body .fusion-flex-container.fusion-builder-row-13{ padding-top : 2%;margin-top : 0px;padding-right : 0px;padding-bottom : 5%;margin-bottom : 0px;padding-left : 0px;}<\/style><\/div><div class=\"fusion-fullwidth fullwidth-box fusion-builder-row-14 fusion-flex-container nonhundred-percent-fullwidth non-hundred-percent-height-scrolling\" style=\"background-color: rgba(255,255,255,0);background-position: center center;background-repeat: no-repeat;border-width: 0px 0px 0px 0px;border-color:#e2e2e2;border-style:solid;\" ><div class=\"fusion-builder-row fusion-row fusion-flex-align-items-flex-start\" style=\"max-width:calc( 1200px + 0px );margin-left: calc(-0px \/ 2 );margin-right: calc(-0px \/ 2 );\"><div class=\"fusion-layout-column fusion_builder_column fusion-builder-column-16 fusion_builder_column_1_1 1_1 fusion-flex-column\"><div class=\"fusion-column-wrapper fusion-flex-justify-content-flex-start fusion-content-layout-column\" style=\"background-position:left top;background-repeat:no-repeat;-webkit-background-size:cover;-moz-background-size:cover;-o-background-size:cover;background-size:cover;padding: 0px 0px 0px 0px;\"><div class=\"fusion-text fusion-text-19\"><p><strong>H\u0131zl\u0131 \u00dcr\u00fcn Geli\u015ftirme<\/strong><\/p>\n<p>Indo-MIM, mobil dizayn, m\u00fchendislik ve kal\u0131p imkanlar\u0131 ile \u00fcr\u00fcnlerinizi en h\u0131zl\u0131 \u015fekilde geli\u015ftirmenize yard\u0131mc\u0131 oluyor. T\u00fcketim pazar\u0131nda, zaman kavram\u0131n\u0131n ne kadar \u00f6nemli oldu\u011funu biliyoruz. \u00c7ok h\u0131zl\u0131 olarak, seri \u00fcretime ge\u00e7i\u015f i\u00e7in; m\u00fc\u015fterinin, \u00fcr\u00fcn dizayn\u0131, prototip haz\u0131rlama ve do\u011frulama taleplerine \u00e7ok h\u0131zl\u0131 cevap verebilecek donan\u0131mlara sahibiz.<\/p>\n<p><strong>Fonksiyonel Verimlilik ile M\u00fchendislik Harikas\u0131<\/strong><\/p>\n<p>G\u00fcn\u00fcm\u00fczde t\u00fcketiciler, tamamen entellekt\u00fceldir ve fonksiyonel, g\u00f6z al\u0131c\u0131 \u00f6zg\u00fcn dizaynlar ar\u0131yor. MIM teknolojisi, bir tasar\u0131m\u0131n kozmetik potansiyelini maksimize edebilmek i\u00e7in \u00e7ok ince detayl\u0131 kompleks komponentlerin \u00fcretilmesinde ay\u0131r\u0131c\u0131 bir \u00f6zellik sunuyor. Indo-MIM, karma\u015f\u0131k y\u00fczey detaylar\u0131 olan ve m\u00fc\u015fteriye \u00f6zel y\u00fczey dokusuna sahip MIM par\u00e7a tedari\u011finde uzmanla\u015fm\u0131\u015ft\u0131r. Tesislerimizde bulunan, y\u00fczey i\u015flem, kaplama, karartma imkanlar\u0131m\u0131zla farkl\u0131 ve ekonomik \u00e7\u00f6z\u00fcmler sunuyoruz.<\/p>\n<p><strong>\u00dcretim Taleplerine Adaptasyon<\/strong><\/p>\n<p>T\u00fcketim \u00fcr\u00fcn\u00fc uygulamalar\u0131nda, pazar \u015fartlar\u0131n\u0131n h\u0131zl\u0131 de\u011fi\u015fimine, ayn\u0131 h\u0131zla yan\u0131t verebilen tedarik \u015fekli istenir. Indo-MIM, y\u00fcksek MIM \u00fcretim kapasitesiyle, bu talepleri kar\u015f\u0131lamak \u00fczere benzersiz bir \u015fekilde pozisyonlanm\u0131\u015ft\u0131r. H\u0131zl\u0131 ve ekonomik kal\u0131p yapma kabiliyetimiz, bize talepteki ani dalgalanmalara h\u0131zl\u0131 cevap verebilecek \u015fekilde ekstra \u00fcretim kapasitesi sa\u011fl\u0131yor. Daha d\u00fc\u015f\u00fck maliyetlere ula\u015fmak i\u00e7in, bu s\u0131ras\u0131yla riskleri ve envanteri azalt\u0131yor.<\/p>\n<p><strong>Her Uygulama i\u00e7in Malzeme<\/strong><\/p>\n<p>Indo-MIM, m\u00fc\u015fterilerinin \u00fcr\u00fcnlerinden y\u00fcksek performans elde edebilmesi i\u00e7in \u00e7ok \u00e7e\u015fitli malzeme alternatiflerine sahiptir. Bunun yan\u0131s\u0131ra, \u00e7ok \u00e7e\u015fitli haz\u0131r malzeme \u00e7\u00f6z\u00fcmleriyle y\u00fcksek mukavemet, a\u015f\u0131nma ve korrozyon dayan\u0131m\u0131 i\u00e7in, Indo-MIM, \u00f6zel m\u00fc\u015fteri talebi olan \u00fcr\u00fcnlerin geli\u015ftirilmesi i\u00e7in, d\u00fcnya standartlar\u0131nda bir malzeme laboratuvar\u0131na sahiptir.<\/p>\n<p><strong>Nihai \u00dcr\u00fcn \u00c7\u00f6z\u00fcmleri<\/strong><\/p>\n<p>Indo-MIM, sadece en son MIM teknolojisine yat\u0131r\u0131m yapmakla kalm\u0131yor, ayn\u0131 zamanda hassas tala\u015fl\u0131 i\u015flem tezgahlar\u0131, \u0131s\u0131l i\u015flem ve y\u00fczey kaplama performans\u0131n\u0131n art\u0131r\u0131lmas\u0131na y\u00f6nelik yat\u0131r\u0131m yapmaya devam ediyor. Bunun yan\u0131s\u0131ra, alt montaj gruplar\u0131ndan olu\u015fan mekanik montajl\u0131 par\u00e7a \u00fcretimindeki tecr\u00fcbesine dayanarak, kullan\u0131ma haz\u0131r par\u00e7alar da temin ediyor. Biz ayn\u0131 zamanda tamamen bitmi\u015f \u00fcr\u00fcn i\u00e7in plastik par\u00e7a, kal\u0131p bask\u0131, i\u015flenmi\u015f par\u00e7a, montaj ve paketleme dahil tam bir tedarik zincirini temin ediyoruz.<\/p>\n<\/div><div class=\"fusion-separator fusion-full-width-sep\" style=\"align-self: center;margin-left: auto;margin-right: auto;margin-top:7px;width:100%;\"><\/div><\/div><style type=\"text\/css\">.fusion-body .fusion-builder-column-16{width:100% !important;margin-top : 0px;margin-bottom : 20px;}.fusion-builder-column-16 > .fusion-column-wrapper {padding-top : 0px !important;padding-right : 0px !important;margin-right : 0px;padding-bottom : 0px !important;padding-left : 0px !important;margin-left : 0px;}@media only screen and (max-width:1024px) {.fusion-body .fusion-builder-column-16{width:100% !important;}.fusion-builder-column-16 > .fusion-column-wrapper {margin-right : 0px;margin-left : 0px;}}@media only screen and (max-width:640px) {.fusion-body .fusion-builder-column-16{width:100% !important;}.fusion-builder-column-16 > .fusion-column-wrapper {margin-right : 0px;margin-left : 0px;}}<\/style><\/div><\/div><style type=\"text\/css\">.fusion-body .fusion-flex-container.fusion-builder-row-14{ padding-top : 0px;margin-top : 0px;padding-right : 0px;padding-bottom : 0px;margin-bottom : 0px;padding-left : 0px;}<\/style><\/div><div class=\"fusion-fullwidth fullwidth-box fusion-builder-row-15 fusion-flex-container nonhundred-percent-fullwidth non-hundred-percent-height-scrolling\" style=\"background-color: rgba(248,248,248,0);background-position: center center;background-repeat: no-repeat;border-width: 0px 0px 0px 0px;border-color:#e2e2e2;border-style:solid;\" ><div class=\"fusion-builder-row fusion-row fusion-flex-align-items-stretch\" style=\"max-width:calc( 1200px + 0px );margin-left: calc(-0px \/ 2 );margin-right: calc(-0px \/ 2 );\"><div class=\"fusion-layout-column fusion_builder_column fusion-builder-column-17 fusion_builder_column_1_1 1_1 fusion-flex-column\"><div class=\"fusion-column-wrapper fusion-flex-justify-content-center fusion-content-layout-column\" style=\"background-position:left top;background-repeat:no-repeat;-webkit-background-size:cover;-moz-background-size:cover;-o-background-size:cover;background-size:cover;padding: 0px 0px 0px 0px;\"><div class=\"fusion-text fusion-text-20\"><h3><strong>MIM T\u00fckerim \u00dcr\u00fcn\u00fc \u00c7\u00f6z\u00fcmleri<\/strong><\/h3>\n<ul>\n<li><strong>Ok\u00e7uluk<\/strong> \u2013 Ba\u015fl\u0131k, gez, yay mekanizmas\u0131, bo\u015faltma mekanizmas\u0131<\/li>\n<li><strong>\u00c7oklu Tak\u0131m ve B\u0131\u00e7aklar<\/strong> \u2013 tornavida, u\u00e7, klips, b\u0131\u00e7ak, kozmetik ins\u00f6rt<\/li>\n<li><strong>Golf<\/strong> \u2013 Tek plaka, m\u00fchendislik yo\u011funluk a\u011f\u0131rl\u0131\u011f\u0131<\/li>\n<li><strong>Bisiklet<\/strong> \u2013 Vites par\u00e7alar\u0131, fren par\u00e7alar\u0131<\/li>\n<li><strong>Cep Telefonu<\/strong> \u2013 Ask\u0131 mekanizmas\u0131, butonlar, kozmetik insertler<\/li>\n<li><strong>Bilgisayar \u00c7evre Birimleri<\/strong> \u2013 Ses bobin motoru, kafa park mekanizmas\u0131, printer \u00e7ekirde\u011fi<\/li>\n<li><strong>Elektrikli El Aletleri<\/strong> \u2013 Kulplar, u\u00e7lar, anahtars\u0131z mandren, b\u0131\u00e7ak tutucular\u0131<\/li>\n<\/ul>\n<\/div><div class=\"fusion-text fusion-text-21\"><h3><strong>Indo-MIM T\u00fcketim \u00dcr\u00fcn\u00fc Yeteneklerimiz<\/strong><\/h3>\n<ul>\n<li>\u00dcr\u00fcn dizayn ve malzeme se\u00e7im deste\u011fi<\/li>\n<li>End\u00fcstriyel dizayn hizmeti<\/li>\n<li>Prototip ve d\u00fc\u015f\u00fck hacim geli\u015ftirme<\/li>\n<li>Y\u00fcksek hacimli MIM \u00fcretimi<\/li>\n<li>\u0130malat ve kalite kontrol otomasyonu<\/li>\n<li>Hassas ta\u015flama ve CNC i\u015fleme<\/li>\n<li>Is\u0131l \u0130\u015flem, y\u00fczey kaplama karartma ve PVD kaplama<\/li>\n<li>Kumlama makine ve el polisaj\u0131<\/li>\n<li>Plastik ins\u00f6rt kal\u0131plama<\/li>\n<li>Montaj ve entegrasyon<\/li>\n<\/ul>\n<\/div><\/div><style type=\"text\/css\">.fusion-body .fusion-builder-column-17{width:100% !important;margin-top : 0px;margin-bottom : 20px;}.fusion-builder-column-17 > .fusion-column-wrapper {padding-top : 0px !important;padding-right : 0px !important;margin-right : 0px;padding-bottom : 0px !important;padding-left : 0px !important;margin-left : 0px;}@media only screen and (max-width:1024px) {.fusion-body .fusion-builder-column-17{width:100% !important;}.fusion-builder-column-17 > .fusion-column-wrapper {margin-right : 0px;margin-left : 0px;}}@media only screen and (max-width:640px) {.fusion-body .fusion-builder-column-17{width:100% !important;}.fusion-builder-column-17 > .fusion-column-wrapper {margin-right : 0px;margin-left : 0px;}}<\/style><\/div><\/div><style type=\"text\/css\">.fusion-body .fusion-flex-container.fusion-builder-row-15{ padding-top : 0px;margin-top : 0px;padding-right : 0px;padding-bottom : 60px;margin-bottom : 0px;padding-left : 0px;}<\/style><\/div><div class=\"fusion-fullwidth fullwidth-box fusion-builder-row-16 fusion-flex-container fusion-parallax-none hundred-percent-fullwidth non-hundred-percent-height-scrolling\" style=\"background-color: rgba(255,255,255,0);background-image: url(&quot;https:\/\/avada.theme-fusion.com\/science\/wp-content\/uploads\/sites\/79\/2016\/11\/CTA_background.jpg&quot;);background-position: center center;background-repeat: no-repeat;border-width: 0px 0px 0px 0px;border-color:#e2e2e2;border-style:solid;-webkit-background-size:cover;-moz-background-size:cover;-o-background-size:cover;background-size:cover;\" ><div class=\"fusion-builder-row fusion-row fusion-flex-align-items-flex-start\" style=\"width:calc( 100% + 0px ) !important;max-width:calc( 100% + 0px ) !important;margin-left: calc(-0px \/ 2 );margin-right: calc(-0px \/ 2 );\"><div class=\"fusion-layout-column fusion_builder_column fusion-builder-column-18 fusion_builder_column_1_1 1_1 fusion-flex-column\"><div class=\"fusion-column-wrapper fusion-flex-justify-content-flex-start fusion-content-layout-column\" style=\"background-position:left top;background-repeat:no-repeat;-webkit-background-size:cover;-moz-background-size:cover;-o-background-size:cover;background-size:cover;padding: 0px 0px 0px 0px;\"><div class=\"fusion-text fusion-text-22\"><h2 style=\"text-align: center; color: #fff; font-size: 60px;\">Indo-MIM ile \u0130novasyon<\/h2>\n<\/div><div class=\"fusion-text fusion-text-23\"><p style=\"text-align: center; color: #fff; font-size: 25px; line-height: 48px;\">Etkin MIM par\u00e7alar\u0131na odaklanm\u0131\u015f \u00e7ok disiplinli MIM \u00fcreticisiyiz<\/p>\n<\/div><div class=\"fusion-separator fusion-full-width-sep\" style=\"align-self: center;margin-left: auto;margin-right: auto;margin-top:20px;width:100%;\"><\/div><div style=\"text-align:center;\"><style>.fusion-body .fusion-button.button-3{border-color:#ffffff;border-width:1px 1px 1px 1px;border-radius:4px 4px 4px 4px;background:rgba(76,81,102,0);}.fusion-body .fusion-button.button-3 .fusion-button-text,.fusion-body .fusion-button.button-3 i,.fusion-body .fusion-button.button-3:hover .fusion-button-text,.fusion-body .fusion-button.button-3:hover i,.fusion-body .fusion-button.button-3:focus .fusion-button-text,.fusion-body .fusion-button.button-3:focus i,.fusion-body .fusion-button.button-3:active .fusion-button-text,.fusion-body .fusion-button.button-3:active i{color:#ffffff;}.fusion-body .fusion-button.button-3:hover,.fusion-body .fusion-button.button-3:active,.fusion-body .fusion-button.button-3:focus{border-color:#ffffff;border-width:1px 1px 1px 1px;background:#f78025;}<\/style><a class=\"fusion-button button-flat button-xlarge button-custom button-3 fusion-button-default-span fusion-button-default-type\" target=\"_self\" href=\"https:\/\/www.dev.indo-mim.com\/contact-mim\/\"><span class=\"fusion-button-text\"> B\u0130Z\u0130MLE \u0130LET\u0130\u015e\u0130ME GE\u00c7\u0130N<\/span><\/a><\/div><\/div><style type=\"text\/css\">.fusion-body .fusion-builder-column-18{width:100% !important;margin-top : 0px;margin-bottom : 20px;}.fusion-builder-column-18 > .fusion-column-wrapper {padding-top : 0px !important;padding-right : 0px !important;margin-right : 0px;padding-bottom : 0px !important;padding-left : 0px !important;margin-left : 0px;}@media only screen and (max-width:1024px) {.fusion-body .fusion-builder-column-18{width:100% !important;}.fusion-builder-column-18 > .fusion-column-wrapper {margin-right : 0px;margin-left : 0px;}}@media only screen and (max-width:640px) {.fusion-body .fusion-builder-column-18{width:100% !important;}.fusion-builder-column-18 > .fusion-column-wrapper {margin-right : 0px;margin-left : 0px;}}<\/style><\/div><\/div><style type=\"text\/css\">.fusion-body .fusion-flex-container.fusion-builder-row-16{ padding-top : 200px;margin-top : 0px;padding-right : 0px;padding-bottom : 200px;margin-bottom : 0px;padding-left : 0px;}<\/style><\/div><\/p>\n<h3 class=\"crm-panel-description\"><code><\/code><\/h3>\n<p><\/p>","protected":false},"excerpt":{"rendered":"","protected":false},"author":1,"featured_media":0,"parent":0,"menu_order":0,"comment_status":"closed","ping_status":"closed","template":"100-width.php","meta":[],"_links":{"self":[{"href":"https:\/\/www.dev.indo-mim.com\/tr\/wp-json\/wp\/v2\/pages\/2040"}],"collection":[{"href":"https:\/\/www.dev.indo-mim.com\/tr\/wp-json\/wp\/v2\/pages"}],"about":[{"href":"https:\/\/www.dev.indo-mim.com\/tr\/wp-json\/wp\/v2\/types\/page"}],"author":[{"embeddable":true,"href":"https:\/\/www.dev.indo-mim.com\/tr\/wp-json\/wp\/v2\/users\/1"}],"replies":[{"embeddable":true,"href":"https:\/\/www.dev.indo-mim.com\/tr\/wp-json\/wp\/v2\/comments?post=2040"}],"version-history":[{"count":0,"href":"https:\/\/www.dev.indo-mim.com\/tr\/wp-json\/wp\/v2\/pages\/2040\/revisions"}],"wp:attachment":[{"href":"https:\/\/www.dev.indo-mim.com\/tr\/wp-json\/wp\/v2\/media?parent=2040"}],"curies":[{"name":"wp","href":"https:\/\/api.w.org\/{rel}","templated":true}]}}