{"id":2037,"date":"2019-02-03T05:31:59","date_gmt":"2019-02-03T05:31:59","guid":{"rendered":"https:\/\/www.dev.indo-mim.com\/?page_id=2037"},"modified":"2022-09-27T10:32:24","modified_gmt":"2022-09-27T05:02:24","slug":"mim-medical","status":"publish","type":"page","link":"https:\/\/www.dev.indo-mim.com\/tr\/mim-medical","title":{"rendered":"Medikal"},"content":{"rendered":"<p><div class=\"fusion-fullwidth fullwidth-box fusion-builder-row-11 fusion-flex-container nonhundred-percent-fullwidth non-hundred-percent-height-scrolling\" style=\"background-color: rgba(248,248,248,0);background-position: center center;background-repeat: no-repeat;border-width: 0px 0px 0px 0px;border-color:#e2e2e2;border-style:solid;\" ><div class=\"fusion-builder-row fusion-row fusion-flex-align-items-stretch\" style=\"max-width:calc( 1200px + 0px );margin-left: calc(-0px \/ 2 );margin-right: calc(-0px \/ 2 );\"><div class=\"fusion-layout-column fusion_builder_column fusion-builder-column-10 fusion_builder_column_1_1 1_1 fusion-flex-column\"><div class=\"fusion-column-wrapper fusion-flex-justify-content-flex-start fusion-content-layout-column\" style=\"background-position:left top;background-repeat:no-repeat;-webkit-background-size:cover;-moz-background-size:cover;-o-background-size:cover;background-size:cover;padding: 0px 0px 0px 0px;\"><div class=\"fusion-separator fusion-full-width-sep\" style=\"align-self: center;margin-left: auto;margin-right: auto;margin-bottom:20px;width:100%;\"><\/div><div class=\"fusion-text fusion-text-18\"><h2><strong>Medikal \u00dcr\u00fcnlerdeki Kritik Taleplerin Kar\u015f\u0131lanmas\u0131<\/strong><\/h2>\n<hr \/>\n<\/div><div class=\"fusion-text fusion-text-19\"><p><strong>Indo-MIM, medikal alet, ortopedik ve ortodontik uygulamalar i\u00e7in, end\u00fcstriye y\u00f6n veren \u00e7\u00f6z\u00fcmler sunuyor. Size, medikal bir \u00fcr\u00fcn\u00fcn dizayn\u0131nda, kavram geli\u015ftirmeden ba\u015flayarak, prototipin \u00fcretilmesi, entegrasyonu ve paketlenmesine kadar destek sa\u011flayan tek kayna\u011f\u0131z. \u0130htiyac\u0131n\u0131z olan ve en \u00e7ok istenen medikal \u00fcr\u00fcnler i\u00e7in ekonomik \u00e7\u00f6z\u00fcmler sunuyoruz.<\/strong><\/p>\n<\/div><div class=\"fusion-separator fusion-full-width-sep\" style=\"align-self: center;margin-left: auto;margin-right: auto;margin-bottom:20px;width:100%;\"><\/div><div style=\"text-align:center;\"><span class=\" fusion-imageframe imageframe-none imageframe-5 hover-type-none\"><img decoding=\"async\" width=\"600\" height=\"450\" alt=\"(English) MIM Medical parts\" title=\"Medical-components-grp\" src=\"https:\/\/www.dev.indo-mim.com\/wp-content\/uploads\/2019\/02\/Medical-components-grp.jpg\" class=\"img-responsive wp-image-2618\" srcset=\"https:\/\/www.dev.indo-mim.com\/wp-content\/uploads\/2019\/02\/Medical-components-grp-200x150.jpg 200w, https:\/\/www.dev.indo-mim.com\/wp-content\/uploads\/2019\/02\/Medical-components-grp-400x300.jpg 400w, https:\/\/www.dev.indo-mim.com\/wp-content\/uploads\/2019\/02\/Medical-components-grp.jpg 600w\" sizes=\"(max-width: 640px) 100vw, 600px\" \/><\/span><\/div><\/div><style type=\"text\/css\">.fusion-body .fusion-builder-column-10{width:100% !important;margin-top : 0px;margin-bottom : 20px;}.fusion-builder-column-10 > .fusion-column-wrapper {padding-top : 0px !important;padding-right : 0px !important;margin-right : 0px;padding-bottom : 0px !important;padding-left : 0px !important;margin-left : 0px;}@media only screen and (max-width:1024px) {.fusion-body .fusion-builder-column-10{width:100% !important;}.fusion-builder-column-10 > .fusion-column-wrapper {margin-right : 0px;margin-left : 0px;}}@media only screen and (max-width:640px) {.fusion-body .fusion-builder-column-10{width:100% !important;}.fusion-builder-column-10 > .fusion-column-wrapper {margin-right : 0px;margin-left : 0px;}}<\/style><\/div><\/div><style type=\"text\/css\">.fusion-body .fusion-flex-container.fusion-builder-row-11{ padding-top : 50px;margin-top : 0px;padding-right : 0px;padding-bottom : 10px;margin-bottom : 0px;padding-left : 0px;}<\/style><\/div><div class=\"fusion-fullwidth fullwidth-box fusion-builder-row-12 fusion-flex-container nonhundred-percent-fullwidth non-hundred-percent-height-scrolling\" style=\"background-color: rgba(248,248,248,0);background-position: center center;background-repeat: no-repeat;border-width: 0px 0px 0px 0px;border-color:#e2e2e2;border-style:solid;\" ><div class=\"fusion-builder-row fusion-row fusion-flex-align-items-stretch\" style=\"max-width:calc( 1200px + 0px );margin-left: calc(-0px \/ 2 );margin-right: calc(-0px \/ 2 );\"><div class=\"fusion-layout-column fusion_builder_column fusion-builder-column-11 fusion_builder_column_1_1 1_1 fusion-flex-column\"><div class=\"fusion-column-wrapper fusion-flex-justify-content-flex-start fusion-content-layout-column\" style=\"background-position:left top;background-repeat:no-repeat;-webkit-background-size:cover;-moz-background-size:cover;-o-background-size:cover;background-size:cover;padding: 0px 0px 0px 0px;\"><div class=\"fusion-separator fusion-full-width-sep\" style=\"align-self: center;margin-left: auto;margin-right: auto;margin-top:7px;width:100%;\"><\/div><div class=\"fusion-text fusion-text-20\"><h4>Ba\u015far\u0131 Ortakl\u0131\u011f\u0131<\/h4>\n<p>Indo-MIM, m\u00fc\u015fterileriyle g\u00fc\u00e7l\u00fc bir i\u015f ortakl\u0131\u011f\u0131 kurarak programlara maksimum de\u011fer sa\u011fl\u0131yor. Program, ba\u015f\u0131ndan sonuna kadar sadece bu projede \u00e7al\u0131\u015fmak i\u00e7in titizlikle se\u00e7ilen bir ekip taraf\u0131ndan y\u00fcr\u00fct\u00fcl\u00fcyor. APQP prosesimiz i\u015f d\u00fcnyas\u0131ndaki proseslerin en iyisidir. Projenin, uygun kaynaklarla, sa\u011fl\u0131kl\u0131 bir \u015fekilde s\u00fcrd\u00fcr\u00fclmesini ve tamamlanmas\u0131n\u0131 sa\u011fl\u0131yor.<\/p>\n<h4>S\u0131k\u0131 Proses Kontrol\u00fc<\/h4>\n<p>Indo-MIM, Medikal End\u00fcstrinin s\u0131k\u0131 kalite taleplerini kar\u015f\u0131layabilmek i\u00e7in hakl\u0131 bir gurur kazanm\u0131\u015ft\u0131r. ISO 13485 standartlar\u0131na g\u00f6re kalite sistemimiz kay\u0131tl\u0131d\u0131r. \u00dcretti\u011fimiz her bir \u00fcr\u00fcn, tak\u0131m\u0131m\u0131z\u0131n her bir \u00fcyesi taraf\u0131ndan, \u00fcretimin her a\u015famas\u0131nda, dikkatli bir \u015fekilde uygulanan kat\u0131 kalite planlar\u0131m\u0131zda belirtilen kontrol a\u015famalar\u0131ndan ge\u00e7iriliyor. ASQ sertifikal\u0131, yal\u0131n 6 sigma ekibimizin \u00fcyeleri operasyonlar\u0131 her y\u00f6n\u00fcyle s\u00fcrekli geli\u015ftirmek i\u00e7in \u00e7aba sarfediyorlar.<\/p>\n<h4>D\u00fc\u015f\u00fck Hacim Taleplerinde Ekonomik \u00c7\u00f6z\u00fcmler<\/h4>\n<p>Ekonomik kal\u0131p yapma kabiliyetimiz, tecr\u00fcbeli m\u00fchendislik kayna\u011f\u0131m\u0131zla birle\u015fince; daha once belirtti\u011fimiz ekonomik olmayan d\u00fc\u015f\u00fck hacimli \u00fcretimleri de \u00fcretmemize imkan sa\u011fl\u0131yor. Indo-MIM, genellikle 5 eksenli CNC i\u015fleme merkezlerinde i\u015flenebilen olduk\u00e7a kompleks par\u00e7alar\u0131n, daha d\u00fc\u015f\u00fck maliyetlerle \u00fcretilebilmesini sa\u011flayan yarat\u0131c\u0131 kal\u0131p kavram\u0131n\u0131 geli\u015ftirmi\u015ftir. Bu \u00fcretim hacminde h\u0131zl\u0131 bir art\u0131\u015f istenmesi durumunda, tala\u015fl\u0131 imalata kar\u015f\u0131 tercih edilen bir alternatif olmu\u015ftur. Indo-MIM, y\u00fcksek \u00fcretim hacimlerinin istendi\u011fi, kullan-at aletlerin \u00fcretimini yapabilmek i\u00e7in t\u00fcm imkanlara sahiptir.<\/p>\n<h4>\u00c7e\u015fitli Uygulamalar i\u00e7in Malzeme \u00c7\u00f6z\u00fcmleri<\/h4>\n<p>Indo-MIM, cerrahi alet, ortodontik ara\u00e7 ve ortopedik implantlar i\u00e7in \u00e7ok \u00e7e\u015fitli malzeme \u00e7e\u015fidine sahiptir. Aletler i\u00e7in, y\u00fcksek mukavemet ve a\u015f\u0131nma dayan\u0131m\u0131 ile \u00e7ok iyi bir korrozyon dayan\u0131m\u0131n\u0131 17-4PH, 420 and 440C kalite paslanmaz \u00e7eliklerle sa\u011fl\u0131yoruz. Bizim 316L kalite paslanmaz \u00e7elik malzememiz, m\u00fckemmel bir korrozyon dayan\u0131m\u0131 ile birlikte s\u00fcnekli\u011fin de istendi\u011fi uygulamalarda \u00e7ok yo\u011fun olarak talep ediliyor. Ortodontik ara\u00e7lar i\u00e7in, 17-4PH ve ayn\u0131 zamanda i\u00e7 yap\u0131s\u0131nda Ni istenmeyen paslanmaz \u00e7elik kalitelerini temin ediyoruz. Ortopedik implant uygulamalar\u0131nda MIM kullan\u0131m\u0131 yayg\u0131nla\u015f\u0131yor, Co-Cr ve ayn\u0131 zamanda bu kritik uygulamalar i\u00e7in HIP prosesiyle titanyum ala\u015f\u0131mlar\u0131n\u0131 da kapsayan tam bir malzeme yelpazesiyle buraday\u0131z. Haz\u0131r standart malzeme \u00e7e\u015fitlerimizin yan\u0131s\u0131ra \u00f6zel m\u00fc\u015fteri talebi olan \u00fcr\u00fcnlerin geli\u015ftirilmesi i\u00e7in, d\u00fcnya standartlar\u0131nda bir malzeme laboratuvar\u0131na sahibiz.<\/p>\n<h4>Kapsaml\u0131 Tam \u00c7\u00f6z\u00fcm<\/h4>\n<p>Indo-MIM, sadece en son MIM teknolojisine yat\u0131r\u0131m yapmakla kalm\u0131yor, ayn\u0131 zamanda hassas tala\u015fl\u0131 i\u015flem tezgahlar\u0131na, \u0131s\u0131l i\u015flem ve y\u00fczey kaplama performans\u0131n\u0131n art\u0131r\u0131lmas\u0131na y\u00f6nelik yat\u0131r\u0131mlara devam ediyor. Biz sadece d\u00fcnya standartlar\u0131nda MIM par\u00e7a \u00fcretmiyoruz, ayn\u0131 zamanda plastik enjeksiyon kal\u0131plama, ins\u00f6rt kal\u0131plama, tedarik zinciri y\u00f6netimi ile ISO 8 s\u0131n\u0131f\u0131 temiz odada entegrasyon ve paketleme hizmetlerimizi de sunuyoruz.<\/p>\n<\/div><div class=\"fusion-text fusion-text-21\"><h3><strong>MIM Medikal \u00dcr\u00fcn \u00c7\u00f6z\u00fcmleri<\/strong><\/h3>\n<ul>\n<li><strong>Cerrahi Aletler<\/strong> \u2013 Endoskopik tutucu ve makaslar, cihaz g\u00f6vdeleri, ne\u015fter saplar\u0131, pensler, endoskopi ve ameliyat elektrotlar\u0131.<\/li>\n<li><strong>Ortopedik<\/strong> \u2013 Travma plakalar\u0131, vidalar, omurga (implantlar ve d\u0131\u015f sabitleyiciler), ortopedik cerrahi tak\u0131mlar (elektrikli ve elle)<\/li>\n<li><strong>Ortodontik ve Di\u015f<\/strong> \u2013 ortodontik destekler, di\u015f hekimli\u011fi aletleri<\/li>\n<li><strong>\u0130\u015fitme cihazlar\u0131<\/strong> \u2013 Yuvalar, implantlar<\/li>\n<\/ul>\n<\/div><div class=\"fusion-text fusion-text-22\"><h3><strong>Medikal Yetenekler<\/strong><\/h3>\n<ul>\n<li>\u00dcr\u00fcn dizayn ve malzeme se\u00e7im deste\u011fi<\/li>\n<li>Prototip ve d\u00fc\u015f\u00fck hacimli seri \u00fcretim geli\u015ftirme<\/li>\n<li>D\u00fc\u015f\u00fck ve y\u00fcksek hacimli MIM \u00fcretimi<\/li>\n<li>Mikro kal\u0131plama<\/li>\n<li>\u0130malat ve kalite kontrol otomasyonu<\/li>\n<li>Hassas ta\u015flama ve CNC i\u015fleme<\/li>\n<li>Laser kesim ve kayna\u011f\u0131<\/li>\n<li>Is\u0131l i\u015flem ve PVD y\u00fczey kaplama<\/li>\n<li>Mikro kumlama ve pasivasyon<\/li>\n<li>Plastik ins\u00f6rt kal\u0131plama<\/li>\n<li>Plastik enjeksiyon kal\u0131plama<\/li>\n<li>ISO 8 s\u0131n\u0131f\u0131 temiz oda i\u00e7erisinde Entegrasyon ve paketleme<\/li>\n<\/ul>\n<\/div><\/div><style type=\"text\/css\">.fusion-body .fusion-builder-column-11{width:100% !important;margin-top : 0px;margin-bottom : 20px;}.fusion-builder-column-11 > .fusion-column-wrapper {padding-top : 0px !important;padding-right : 0px !important;margin-right : 0px;padding-bottom : 0px !important;padding-left : 0px !important;margin-left : 0px;}@media only screen and (max-width:1024px) {.fusion-body .fusion-builder-column-11{width:100% !important;}.fusion-builder-column-11 > .fusion-column-wrapper {margin-right : 0px;margin-left : 0px;}}@media only screen and (max-width:640px) {.fusion-body .fusion-builder-column-11{width:100% !important;}.fusion-builder-column-11 > .fusion-column-wrapper {margin-right : 0px;margin-left : 0px;}}<\/style><\/div><\/div><style type=\"text\/css\">.fusion-body .fusion-flex-container.fusion-builder-row-12{ padding-top : ;margin-top : 0px;padding-right : 0px;padding-bottom : 0px;margin-bottom : 0px;padding-left : 0px;}<\/style><\/div><div class=\"fusion-fullwidth fullwidth-box fusion-builder-row-13 fusion-flex-container hundred-percent-fullwidth non-hundred-percent-height-scrolling\" style=\"background-color: rgba(248,248,248,0);background-position: center center;background-repeat: no-repeat;border-width: 0px 0px 0px 0px;border-color:#e2e2e2;border-style:solid;\" ><div class=\"fusion-builder-row fusion-row fusion-flex-align-items-stretch\" style=\"width:calc( 100% + 0px ) !important;max-width:calc( 100% + 0px ) !important;margin-left: calc(-0px \/ 2 );margin-right: calc(-0px \/ 2 );\"><div class=\"fusion-layout-column fusion_builder_column fusion-builder-column-12 fusion_builder_column_1_1 1_1 fusion-flex-column\"><div class=\"fusion-column-wrapper fusion-flex-justify-content-center fusion-content-layout-column\" style=\"background-position:left top;background-repeat:no-repeat;-webkit-background-size:cover;-moz-background-size:cover;-o-background-size:cover;background-size:cover;padding: 0px 0px 0px 0px;\"><div style=\"text-align:center;\"><span class=\" fusion-imageframe imageframe-none imageframe-6 hover-type-none\"><img decoding=\"async\" width=\"1200\" height=\"675\" alt=\"(English) MIM medical components collage\" title=\"Medical-collage-grp\" src=\"https:\/\/www.dev.indo-mim.com\/wp-content\/uploads\/2019\/02\/Medical-collage-grp.jpg\" class=\"img-responsive wp-image-2613\" srcset=\"https:\/\/www.dev.indo-mim.com\/wp-content\/uploads\/2019\/02\/Medical-collage-grp-200x113.jpg 200w, https:\/\/www.dev.indo-mim.com\/wp-content\/uploads\/2019\/02\/Medical-collage-grp-400x225.jpg 400w, https:\/\/www.dev.indo-mim.com\/wp-content\/uploads\/2019\/02\/Medical-collage-grp-600x338.jpg 600w, https:\/\/www.dev.indo-mim.com\/wp-content\/uploads\/2019\/02\/Medical-collage-grp-800x450.jpg 800w, https:\/\/www.dev.indo-mim.com\/wp-content\/uploads\/2019\/02\/Medical-collage-grp.jpg 1200w\" sizes=\"(max-width: 640px) 100vw, 1200px\" \/><\/span><\/div><\/div><style type=\"text\/css\">.fusion-body .fusion-builder-column-12{width:100% !important;margin-top : 0px;margin-bottom : 20px;}.fusion-builder-column-12 > .fusion-column-wrapper {padding-top : 0px !important;padding-right : 0px !important;margin-right : 0px;padding-bottom : 0px !important;padding-left : 0px !important;margin-left : 0px;}@media only screen and (max-width:1024px) {.fusion-body .fusion-builder-column-12{width:100% !important;}.fusion-builder-column-12 > .fusion-column-wrapper {margin-right : 0px;margin-left : 0px;}}@media only screen and (max-width:640px) {.fusion-body .fusion-builder-column-12{width:100% !important;}.fusion-builder-column-12 > .fusion-column-wrapper {margin-right : 0px;margin-left : 0px;}}<\/style><\/div><\/div><style type=\"text\/css\">.fusion-body .fusion-flex-container.fusion-builder-row-13{ padding-top : 30px;margin-top : 0px;padding-right : 0px;padding-bottom : 80px;margin-bottom : 0px;padding-left : 0px;}<\/style><\/div><div class=\"fusion-fullwidth fullwidth-box fusion-builder-row-14 fusion-flex-container fusion-parallax-none hundred-percent-fullwidth non-hundred-percent-height-scrolling\" style=\"background-color: rgba(255,255,255,0);background-image: url(&quot;https:\/\/avada.theme-fusion.com\/science\/wp-content\/uploads\/sites\/79\/2016\/11\/CTA_background.jpg&quot;);background-position: center center;background-repeat: no-repeat;border-width: 0px 0px 0px 0px;border-color:#e2e2e2;border-style:solid;-webkit-background-size:cover;-moz-background-size:cover;-o-background-size:cover;background-size:cover;\" ><div class=\"fusion-builder-row fusion-row fusion-flex-align-items-flex-start\" style=\"width:calc( 100% + 0px ) !important;max-width:calc( 100% + 0px ) !important;margin-left: calc(-0px \/ 2 );margin-right: calc(-0px \/ 2 );\"><div class=\"fusion-layout-column fusion_builder_column fusion-builder-column-13 fusion_builder_column_1_1 1_1 fusion-flex-column\"><div class=\"fusion-column-wrapper fusion-flex-justify-content-flex-start fusion-content-layout-column\" style=\"background-position:left top;background-repeat:no-repeat;-webkit-background-size:cover;-moz-background-size:cover;-o-background-size:cover;background-size:cover;padding: 0px 0px 0px 0px;\"><div class=\"fusion-text fusion-text-23\"><h2 style=\"text-align: center; color: #fff; font-size: 60px;\">Indo-MIM ile \u0130novasyon<\/h2>\n<\/div><div class=\"fusion-text fusion-text-24\"><p style=\"text-align: center; color: #fff; font-size: 25px; line-height: 48px;\">Etkin MIM par\u00e7alar\u0131na odaklanm\u0131\u015f \u00e7ok disiplinli MIM \u00fcreticisiyiz<\/p>\n<\/div><div class=\"fusion-separator fusion-full-width-sep\" style=\"align-self: center;margin-left: auto;margin-right: auto;margin-top:20px;width:100%;\"><\/div><div style=\"text-align:center;\"><style>.fusion-body .fusion-button.button-3{border-color:#ffffff;border-width:1px 1px 1px 1px;border-radius:4px 4px 4px 4px;background:rgba(76,81,102,0);}.fusion-body .fusion-button.button-3 .fusion-button-text,.fusion-body .fusion-button.button-3 i,.fusion-body .fusion-button.button-3:hover .fusion-button-text,.fusion-body .fusion-button.button-3:hover i,.fusion-body .fusion-button.button-3:focus .fusion-button-text,.fusion-body .fusion-button.button-3:focus i,.fusion-body .fusion-button.button-3:active .fusion-button-text,.fusion-body .fusion-button.button-3:active i{color:#ffffff;}.fusion-body .fusion-button.button-3:hover,.fusion-body .fusion-button.button-3:active,.fusion-body .fusion-button.button-3:focus{border-color:#ffffff;border-width:1px 1px 1px 1px;background:#f78025;}<\/style><a class=\"fusion-button button-flat button-xlarge button-custom button-3 fusion-button-default-span fusion-button-default-type\" target=\"_self\" href=\"https:\/\/www.dev.indo-mim.com\/contact-mim\/\"><span class=\"fusion-button-text\"> B\u0130Z\u0130MLE \u0130LET\u0130\u015e\u0130ME GE\u00c7\u0130N<\/span><\/a><\/div><\/div><style type=\"text\/css\">.fusion-body .fusion-builder-column-13{width:100% !important;margin-top : 0px;margin-bottom : 20px;}.fusion-builder-column-13 > .fusion-column-wrapper {padding-top : 0px !important;padding-right : 0px !important;margin-right : 0px;padding-bottom : 0px !important;padding-left : 0px !important;margin-left : 0px;}@media only screen and (max-width:1024px) {.fusion-body .fusion-builder-column-13{width:100% !important;}.fusion-builder-column-13 > .fusion-column-wrapper {margin-right : 0px;margin-left : 0px;}}@media only screen and (max-width:640px) {.fusion-body .fusion-builder-column-13{width:100% !important;}.fusion-builder-column-13 > .fusion-column-wrapper {margin-right : 0px;margin-left : 0px;}}<\/style><\/div><\/div><style type=\"text\/css\">.fusion-body .fusion-flex-container.fusion-builder-row-14{ padding-top : 200px;margin-top : 0px;padding-right : 0px;padding-bottom : 200px;margin-bottom : 0px;padding-left : 0px;}<\/style><\/div><div class=\"fusion-fullwidth fullwidth-box fusion-builder-row-15 fusion-flex-container nonhundred-percent-fullwidth non-hundred-percent-height-scrolling\" style=\"background-color: rgba(255,255,255,0);background-position: center center;background-repeat: no-repeat;border-width: 0px 0px 0px 0px;border-color:#e2e2e2;border-style:solid;\" ><div class=\"fusion-builder-row fusion-row fusion-flex-align-items-flex-start\" style=\"max-width:calc( 1200px + 0px );margin-left: calc(-0px \/ 2 );margin-right: calc(-0px \/ 2 );\"><div class=\"fusion-layout-column fusion_builder_column fusion-builder-column-14 fusion_builder_column_1_1 1_1 fusion-flex-column\"><div class=\"fusion-column-wrapper fusion-flex-justify-content-flex-start fusion-content-layout-column\" style=\"background-position:left top;background-repeat:no-repeat;-webkit-background-size:cover;-moz-background-size:cover;-o-background-size:cover;background-size:cover;padding: 0px 0px 0px 0px;\"><div class=\"fusion-text fusion-text-25\"><h3 class=\"crm-panel-description\"><code><\/code><\/h3>\n<\/div><\/div><style type=\"text\/css\">.fusion-body .fusion-builder-column-14{width:100% !important;margin-top : 0px;margin-bottom : 0px;}.fusion-builder-column-14 > .fusion-column-wrapper {padding-top : 0px !important;padding-right : 0px !important;margin-right : 0px;padding-bottom : 0px !important;padding-left : 0px !important;margin-left : 0px;}@media only screen and (max-width:1024px) {.fusion-body .fusion-builder-column-14{width:100% !important;}.fusion-builder-column-14 > .fusion-column-wrapper {margin-right : 0px;margin-left : 0px;}}@media only screen and (max-width:640px) {.fusion-body .fusion-builder-column-14{width:100% !important;}.fusion-builder-column-14 > .fusion-column-wrapper {margin-right : 0px;margin-left : 0px;}}<\/style><\/div><\/div><style type=\"text\/css\">.fusion-body .fusion-flex-container.fusion-builder-row-15{ padding-top : 0px;margin-top : 0px;padding-right : 0px;padding-bottom : 0px;margin-bottom : 0px;padding-left : 0px;}<\/style><\/div><\/p>","protected":false},"excerpt":{"rendered":"","protected":false},"author":1,"featured_media":0,"parent":0,"menu_order":0,"comment_status":"closed","ping_status":"closed","template":"100-width.php","meta":[],"_links":{"self":[{"href":"https:\/\/www.dev.indo-mim.com\/tr\/wp-json\/wp\/v2\/pages\/2037"}],"collection":[{"href":"https:\/\/www.dev.indo-mim.com\/tr\/wp-json\/wp\/v2\/pages"}],"about":[{"href":"https:\/\/www.dev.indo-mim.com\/tr\/wp-json\/wp\/v2\/types\/page"}],"author":[{"embeddable":true,"href":"https:\/\/www.dev.indo-mim.com\/tr\/wp-json\/wp\/v2\/users\/1"}],"replies":[{"embeddable":true,"href":"https:\/\/www.dev.indo-mim.com\/tr\/wp-json\/wp\/v2\/comments?post=2037"}],"version-history":[{"count":0,"href":"https:\/\/www.dev.indo-mim.com\/tr\/wp-json\/wp\/v2\/pages\/2037\/revisions"}],"wp:attachment":[{"href":"https:\/\/www.dev.indo-mim.com\/tr\/wp-json\/wp\/v2\/media?parent=2037"}],"curies":[{"name":"wp","href":"https:\/\/api.w.org\/{rel}","templated":true}]}}