{"id":2036,"date":"2019-02-03T05:31:50","date_gmt":"2019-02-03T05:31:50","guid":{"rendered":"https:\/\/www.dev.indo-mim.com\/?page_id=2036"},"modified":"2021-03-26T14:47:16","modified_gmt":"2021-03-26T09:17:16","slug":"automotive","status":"publish","type":"page","link":"https:\/\/www.dev.indo-mim.com\/tr\/automotive","title":{"rendered":"Otomotiv"},"content":{"rendered":"<p><div class=\"fusion-fullwidth fullwidth-box fusion-builder-row-9 fusion-flex-container nonhundred-percent-fullwidth non-hundred-percent-height-scrolling\" style=\"background-color: rgba(255,255,255,0);background-position: center center;background-repeat: no-repeat;border-width: 0px 0px 0px 0px;border-color:#e2e2e2;border-style:solid;\" ><div class=\"fusion-builder-row fusion-row fusion-flex-align-items-flex-start\" style=\"max-width:calc( 1200px + 0px );margin-left: calc(-0px \/ 2 );margin-right: calc(-0px \/ 2 );\"><div class=\"fusion-layout-column fusion_builder_column fusion-builder-column-14 fusion_builder_column_1_1 1_1 fusion-flex-column\"><div class=\"fusion-column-wrapper fusion-flex-justify-content-flex-start fusion-content-layout-column\" style=\"background-position:left top;background-repeat:no-repeat;-webkit-background-size:cover;-moz-background-size:cover;-o-background-size:cover;background-size:cover;padding: 0px 0px 0px 0px;\"><style type=\"text\/css\">@media only screen and (max-width:1024px) {.fusion-title.fusion-title-2{margin-top:0px!important; margin-right:0px!important;margin-bottom:15px!important;margin-left:0px!important;}}@media only screen and (max-width:640px) {.fusion-title.fusion-title-2{margin-top:0px!important; margin-right:0px!important;margin-bottom:10px!important; margin-left:0px!important;}}<\/style><div class=\"fusion-title title fusion-title-2 sep-underline sep-solid fusion-title-center fusion-title-text fusion-title-size-one\" style=\"border-bottom-color:#f69547;margin-top:0px;margin-right:0px;margin-bottom:15px;margin-left:0px;\"><h1 class=\"title-heading-center\" style=\"margin:0;\"><p>Otomotiv End\u00fcstrisinin Talep Etti\u011fi \u0130htiya\u00e7lara Hizmet<\/p>\n<p><iframe class=\"ginger-extension-definitionpopup\" style=\"display: none;\" data-mce-fragment=\"1\"><\/iframe><\/p><\/h1><\/div><\/div><style type=\"text\/css\">.fusion-body .fusion-builder-column-14{width:100% !important;margin-top : 0px;margin-bottom : 20px;}.fusion-builder-column-14 > .fusion-column-wrapper {padding-top : 0px !important;padding-right : 0px !important;margin-right : 0px;padding-bottom : 0px !important;padding-left : 0px !important;margin-left : 0px;}@media only screen and (max-width:1024px) {.fusion-body .fusion-builder-column-14{width:100% !important;}.fusion-builder-column-14 > .fusion-column-wrapper {margin-right : 0px;margin-left : 0px;}}@media only screen and (max-width:640px) {.fusion-body .fusion-builder-column-14{width:100% !important;}.fusion-builder-column-14 > .fusion-column-wrapper {margin-right : 0px;margin-left : 0px;}}<\/style><\/div><\/div><style type=\"text\/css\">.fusion-body .fusion-flex-container.fusion-builder-row-9{ padding-top : 0px;margin-top : 0px;padding-right : 0px;padding-bottom : 0px;margin-bottom : 0px;padding-left : 0px;}<\/style><\/div><div class=\"fusion-fullwidth fullwidth-box fusion-builder-row-10 fusion-flex-container nonhundred-percent-fullwidth non-hundred-percent-height-scrolling\" style=\"background-color: rgba(248,248,248,0);background-position: center center;background-repeat: no-repeat;border-width: 0px 0px 0px 0px;border-color:#e2e2e2;border-style:solid;\" ><div class=\"fusion-builder-row fusion-row fusion-flex-align-items-stretch\" style=\"max-width:calc( 1200px + 0px );margin-left: calc(-0px \/ 2 );margin-right: calc(-0px \/ 2 );\"><div class=\"fusion-layout-column fusion_builder_column fusion-builder-column-15 fusion_builder_column_1_2 1_2 fusion-flex-column\"><div class=\"fusion-column-wrapper fusion-flex-justify-content-center fusion-content-layout-column\" style=\"background-position:left top;background-repeat:no-repeat;-webkit-background-size:cover;-moz-background-size:cover;-o-background-size:cover;background-size:cover;border-radius:10px 10px 10px 10px;background-color:#2f5b9a;border-radius:10px 10px 10px 10px;overflow:hidden;padding: 10px 10px 10px 10px;\"><div class=\"fusion-text fusion-text-17\"><p><span style=\"color: #ffffff;\"><span class=\"fusion-dropcap dropcap\">O<\/span><\/span><\/p>\n<p><span style=\"color: #ffffff;\">tomotiv end\u00fcstrisi y\u00fcksek performansl\u0131 ve daha y\u00fcksek g\u00fcvenilirlikli ve ekonomik fiyatlarla par\u00e7a talep eder, Indo-MIM, bu \u015fartlar\u0131 kar\u015f\u0131lamak i\u00e7in haz\u0131rd\u0131r. Otomotiv end\u00fcstrisinde, \u00e7ok \u00e7e\u015fitli ara\u00e7 emniyet sistemlerinde, yak\u0131t sistemlerinde, aktarma organlar\u0131nda ve i\u00e7 uygulamalarda, bir \u00e7ok kritik MIM par\u00e7an\u0131n tedarik\u00e7isi olarak g\u00fcvenilir k\u00fcresel liderdir. Bu ihtiya\u00e7lara cevap verebilmek i\u00e7in, Indo-MIM \u00fcretim yeteneklerini yo\u011fun bir \u015fekide geli\u015ftiriyor. Kapsaml\u0131 tesislerimiz ve d\u00fcnya standartlar\u0131ndaki \u00fcretim ekibimiz OEM\u2019nin talepleri olan b\u00fcy\u00fck hacimli seri \u00fcretim MIM par\u00e7a taleplerini temin ediyor.<\/span><\/p>\n<\/div><\/div><style type=\"text\/css\">.fusion-body .fusion-builder-column-15{width:50% !important;margin-top : 0px;margin-bottom : 60px;}.fusion-builder-column-15 > .fusion-column-wrapper {padding-top : 10px !important;padding-right : 10px !important;margin-right : 0px;padding-bottom : 10px !important;padding-left : 10px !important;margin-left : 0px;}@media only screen and (max-width:1024px) {.fusion-body .fusion-builder-column-15{width:50% !important;}.fusion-builder-column-15 > .fusion-column-wrapper {margin-right : 0px;margin-left : 0px;}}@media only screen and (max-width:640px) {.fusion-body .fusion-builder-column-15{width:100% !important;}.fusion-builder-column-15 > .fusion-column-wrapper {margin-right : 0px;margin-left : 0px;}}<\/style><\/div><div class=\"fusion-layout-column fusion_builder_column fusion-builder-column-16 fusion_builder_column_1_2 1_2 fusion-flex-column\"><div class=\"fusion-column-wrapper fusion-flex-justify-content-center fusion-content-layout-column\" style=\"background-position:left top;background-repeat:no-repeat;-webkit-background-size:cover;-moz-background-size:cover;-o-background-size:cover;background-size:cover;padding: 0px 0px 0px 8%;\"><div ><span class=\" fusion-imageframe imageframe-none imageframe-5 hover-type-none fusion-animated\" data-animationType=\"slideInRight\" data-animationDuration=\"0.6\" data-animationOffset=\"top-into-view\"><img decoding=\"async\" width=\"497\" height=\"275\" alt=\"mim auto parts supplier\" title=\"car parts , auto parts manufacturer\" src=\"https:\/\/www.dev.indo-mim.com\/wp-content\/uploads\/2019\/05\/Auto.png\" class=\"img-responsive wp-image-6371\" srcset=\"https:\/\/www.dev.indo-mim.com\/wp-content\/uploads\/2019\/05\/Auto-200x111.png 200w, https:\/\/www.dev.indo-mim.com\/wp-content\/uploads\/2019\/05\/Auto-400x221.png 400w, https:\/\/www.dev.indo-mim.com\/wp-content\/uploads\/2019\/05\/Auto.png 497w\" sizes=\"(max-width: 640px) 100vw, 497px\" \/><\/span><\/div><\/div><style type=\"text\/css\">.fusion-body .fusion-builder-column-16{width:50% !important;margin-top : 0px;margin-bottom : 20px;}.fusion-builder-column-16 > .fusion-column-wrapper {padding-top : 0px !important;padding-right : 0px !important;margin-right : 0px;padding-bottom : 0px !important;padding-left : 8% !important;margin-left : 0px;}@media only screen and (max-width:1024px) {.fusion-body .fusion-builder-column-16{width:50% !important;}.fusion-builder-column-16 > .fusion-column-wrapper {margin-right : 0px;margin-left : 0px;}}@media only screen and (max-width:640px) {.fusion-body .fusion-builder-column-16{width:100% !important;}.fusion-builder-column-16 > .fusion-column-wrapper {margin-right : 0px;margin-left : 0px;}}<\/style><\/div><\/div><style type=\"text\/css\">.fusion-body .fusion-flex-container.fusion-builder-row-10{ padding-top : 20px;margin-top : 0px;padding-right : 0px;padding-bottom : 20px;margin-bottom : 0px;padding-left : 0px;}<\/style><\/div><div class=\"fusion-fullwidth fullwidth-box fusion-builder-row-11 fusion-flex-container nonhundred-percent-fullwidth non-hundred-percent-height-scrolling\" style=\"background-color: rgba(248,248,248,0);background-position: center center;background-repeat: no-repeat;border-width: 0px 0px 0px 0px;border-color:#e2e2e2;border-style:solid;\" ><div class=\"fusion-builder-row fusion-row fusion-flex-align-items-stretch\" style=\"max-width:1248px;margin-left: calc(-4% \/ 2 );margin-right: calc(-4% \/ 2 );\"><div class=\"fusion-layout-column fusion_builder_column fusion-builder-column-17 fusion_builder_column_1_1 1_1 fusion-flex-column\"><div class=\"fusion-column-wrapper fusion-flex-justify-content-center fusion-content-layout-column\" style=\"background-position:left top;background-repeat:no-repeat;-webkit-background-size:cover;-moz-background-size:cover;-o-background-size:cover;background-size:cover;padding: 0px 0px 0px 0px;\"><div class=\"fusion-text fusion-text-18\"><h4><strong>Ba\u015far\u0131 Ortakl\u0131\u011f\u0131<\/strong><\/h4>\n<p>Indo-MIM, m\u00fc\u015fterileriyle g\u00fc\u00e7l\u00fc bir i\u015f ortakl\u0131\u011f\u0131 kurarak, programlara maksimum de\u011fer sa\u011fl\u0131yor. Program, ba\u015f\u0131ndan sonuna kadar sadece bu projede \u00e7al\u0131\u015fmak i\u00e7in titizlikle se\u00e7ilen bir ekip taraf\u0131ndan y\u00fcr\u00fct\u00fcl\u00fcyor. APQP prosesimiz, i\u015f d\u00fcnyas\u0131ndaki proseslerin en iyisidir. Projenin, uygun kaynaklarla, sa\u011fl\u0131kl\u0131 bir \u015fekilde s\u00fcrd\u00fcr\u00fclmesini ve tamamlanmas\u0131n\u0131 sa\u011fl\u0131yor.<\/p>\n<h4><strong>Her \u00dcr\u00fcnde Kalite M\u00fchendisli\u011fi<\/strong><\/h4>\n<p>Otomotiv ISO \/ TS 16949:2002 sertifikal\u0131 kalite sistemimiz, \u00e7al\u0131\u015fanlar\u0131m\u0131z ve operasyonlardan m\u00fckemmelli\u011fi istiyor. Kalite bir rastlant\u0131 de\u011fildir. Kalite plan\u0131, m\u00fc\u015fterilerimiz ile haz\u0131rlan\u0131r ve ekibimizin her bir \u00fcyesi taraf\u0131ndan uygulan\u0131r. Bizim, ASQ sertifikal\u0131 Yal\u0131n Alt\u0131 Sigma ekibimizin \u00fcyeleri s\u00fcrekli olarak, operasyonlar\u0131 her a\u00e7\u0131dan geli\u015ftirmek i\u00e7in \u00e7aba harc\u0131yor. Ancak siz memnun oldu\u011funuzda, biz memnun olabiliriz.<\/p>\n<p><iframe class=\"ginger-extension-definitionpopup\" style=\"display: none;\" data-mce-fragment=\"1\"><\/iframe><\/p>\n<\/div><div class=\"fusion-text fusion-text-19\"><h4><strong>Yal\u0131n \u00c7al\u0131\u015fma<\/strong><\/h4>\n<p>Bizim otomotiv imalat felsefemizi yal\u0131n operasyonlar y\u00f6nlendirmektedir. Biz m\u00fc\u015fterilerimizle, h\u0131zl\u0131 cevap veren ve esnek bir tedarik zinciri olu\u015fturmak i\u00e7in orta\u011f\u0131z. H\u0131zl\u0131 ve ekonomik kal\u0131p yapma kabiliyetimiz, bize talepteki ani dalgalanmalara h\u0131zl\u0131 cevap verebilecek \u015fekilde ekstra \u00fcretim kapasitesi sa\u011fl\u0131yor. Daha d\u00fc\u015f\u00fck maliyetlere ula\u015fmak i\u00e7in, bu s\u0131ras\u0131yla riskleri ve envanteri azalt\u0131yor.<\/p>\n<h4><strong>Yar\u0131n\u0131n \u0130leri Malzemeleri<\/strong><\/h4>\n<p>Teknoloji h\u0131zla geli\u015fiyor ve Indo-MIM burada malzeme se\u00e7enekleri ile m\u00fc\u015fterilerimizin performanslar\u0131n\u0131n bir \u00fcst seviyeye ula\u015fmas\u0131n\u0131 sa\u011fl\u0131yor. Y\u00fcksek s\u0131cakl\u0131k, a\u015f\u0131nma, ve korozyon dayan\u0131m\u0131 ile ayn\u0131 zamanda manyetik uygulamalar\u0131n \u00e7\u00f6z\u00fcm\u00fc i\u00e7in \u00e7ok \u00e7e\u015fitli haz\u0131r raf malzemeleri bulundurmas\u0131n\u0131n yan\u0131s\u0131ra, Indo-MIM, sizin \u00e7ok talep edilen \u00fcr\u00fcnleriniz i\u00e7in \u00f6zel malzeme \u00e7\u00f6z\u00fcmleri geli\u015ftirmek i\u00e7in, d\u00fcnya standartlar\u0131nda bir laboratuvara sahiptir.<\/p>\n<h4><strong>Kapsaml\u0131 Tam \u00c7\u00f6z\u00fcm<\/strong><\/h4>\n<p style=\"text-align: justify;\">Indo-MIM sadece en son MIM teknolojisine de\u011fil, ayn\u0131 zamanda en geli\u015fmi\u015f hassas tala\u015fl\u0131 i\u015flem, \u0131s\u0131l i\u015flem ve y\u00fczey kaplama performans\u0131n\u0131n art\u0131r\u0131lmas\u0131na y\u00f6nelik yat\u0131r\u0131m yapmaya devam ediyor. Biz, ald\u0131\u011f\u0131m\u0131z sipari\u015fin, size teslim edilmeden tamamland\u0131\u011f\u0131na inanm\u0131yoruz.<\/p>\n<p><iframe class=\"ginger-extension-definitionpopup\" style=\"display: none;\" data-mce-fragment=\"1\"><\/iframe><\/p>\n<\/div><div class=\"fusion-separator fusion-full-width-sep\" style=\"align-self: center;margin-left: auto;margin-right: auto;margin-top:7px;width:100%;\"><\/div><\/div><style type=\"text\/css\">.fusion-body .fusion-builder-column-17{width:100% !important;margin-top : 0px;margin-bottom : 20px;}.fusion-builder-column-17 > .fusion-column-wrapper {padding-top : 0px !important;padding-right : 0px !important;margin-right : 1.92%;padding-bottom : 0px !important;padding-left : 0px !important;margin-left : 1.92%;}@media only screen and (max-width:1024px) {.fusion-body .fusion-builder-column-17{width:100% !important;}.fusion-builder-column-17 > .fusion-column-wrapper {margin-right : 1.92%;margin-left : 1.92%;}}@media only screen and (max-width:640px) {.fusion-body .fusion-builder-column-17{width:100% !important;}.fusion-builder-column-17 > .fusion-column-wrapper {margin-right : 1.92%;margin-left : 1.92%;}}<\/style><\/div><div class=\"fusion-layout-column fusion_builder_column fusion-builder-column-18 fusion_builder_column_1_2 1_2 fusion-flex-column\"><div class=\"fusion-column-wrapper fusion-flex-justify-content-flex-start fusion-content-layout-column\" style=\"background-position:left top;background-repeat:no-repeat;-webkit-background-size:cover;-moz-background-size:cover;-o-background-size:cover;background-size:cover;padding: 0px 0px 0px 0px;\"><div class=\"fusion-text fusion-text-20\"><h3><strong>MIM Otomotiv \u00dcr\u00fcn \u00c7\u00f6z\u00fcmleri<\/strong><\/h3>\n<ul>\n<li><strong>Emniyet Sistemleri <\/strong>\u2013 Sens\u00f6r yuvalar\u0131, fren par\u00e7alar\u0131 &amp; ABS komponentleri, emniyet kemeri mekanizmalar\u0131<\/li>\n<li><strong>Yak\u0131t Sistemleri <\/strong>\u2013 Enjekt\u00f6r nozullar\u0131, armat\u00fcrler, yuvalar<\/li>\n<li><strong>\u0130\u00e7 Sistemler <\/strong>\u2013 Koltuk mekanizmalar\u0131, kozmetik \u00fcr\u00fcnler<\/li>\n<li><strong>Aktarma Organlar\u0131<\/strong>\u2013 Turbo kanatlar\u0131 ve par\u00e7alar\u0131, hidrolik makaralar, kavrama kollar\u0131<\/li>\n<li><strong>Elektrik Sistemleri<\/strong> \u2013 Ba\u011flant\u0131 elemanlar\u0131 , so\u011futucular<\/li>\n<\/ul>\n<p><iframe class=\"ginger-extension-definitionpopup\" style=\"display: none;\" data-mce-fragment=\"1\"><\/iframe><\/p>\n<\/div><div class=\"fusion-text fusion-text-21\"><h3><strong>Otomotiv Yetenekleri<\/strong><\/h3>\n<ul>\n<li>\u00dcr\u00fcn dizayn ve malzeme se\u00e7im deste\u011fi<\/li>\n<li>Prototip ve d\u00fc\u015f\u00fck hacimli seri \u00fcretim geli\u015ftirme<\/li>\n<li>Y\u00fcksek hacimli MIM \u00fcretimi<\/li>\n<li>\u0130malat ve kalite kontrol otomasyonu<\/li>\n<li>Hassas ta\u015flama ve CNC i\u015fleme<\/li>\n<li>Is\u0131l \u0130\u015flem, y\u00fczey kaplama karartma ve PVD kaplama<\/li>\n<li>Plastik ins\u00f6rt kal\u0131plama<\/li>\n<li>Montaj ve entegrasyon<\/li>\n<\/ul>\n<\/div><\/div><style type=\"text\/css\">.fusion-body .fusion-builder-column-18{width:50% !important;margin-top : 0px;margin-bottom : 20px;}.fusion-builder-column-18 > .fusion-column-wrapper {padding-top : 0px !important;padding-right : 0px !important;margin-right : 3.84%;padding-bottom : 0px !important;padding-left : 0px !important;margin-left : 3.84%;}@media only screen and (max-width:1024px) {.fusion-body .fusion-builder-column-18{width:50% !important;}.fusion-builder-column-18 > .fusion-column-wrapper {margin-right : 3.84%;margin-left : 3.84%;}}@media only screen and (max-width:640px) {.fusion-body .fusion-builder-column-18{width:100% !important;}.fusion-builder-column-18 > .fusion-column-wrapper {margin-right : 1.92%;margin-left : 1.92%;}}<\/style><\/div><div class=\"fusion-layout-column fusion_builder_column fusion-builder-column-19 fusion_builder_column_1_2 1_2 fusion-flex-column\"><div class=\"fusion-column-wrapper fusion-flex-justify-content-center fusion-content-layout-column\" style=\"background-position:left top;background-repeat:no-repeat;-webkit-background-size:cover;-moz-background-size:cover;-o-background-size:cover;background-size:cover;padding: 0px 0px 0px 8%;\"><div ><span class=\" fusion-imageframe imageframe-dropshadow imageframe-6 hover-type-none\" style=\"-webkit-box-shadow: 5px 5px 9px rgba(0,0,0,0.3);box-shadow: 5px 5px 9px rgba(0,0,0,0.3);\"><img decoding=\"async\" width=\"800\" height=\"500\" alt=\"automotive parts supplier, companies, car parts\" title=\"Automotive parts manufacturer parts samples\" src=\"https:\/\/www.dev.indo-mim.com\/wp-content\/uploads\/2019\/02\/rsz_indo_auto_pix-1.jpg\" class=\"img-responsive wp-image-2762\" srcset=\"https:\/\/www.dev.indo-mim.com\/wp-content\/uploads\/2019\/02\/rsz_indo_auto_pix-1-200x125.jpg 200w, https:\/\/www.dev.indo-mim.com\/wp-content\/uploads\/2019\/02\/rsz_indo_auto_pix-1-400x250.jpg 400w, https:\/\/www.dev.indo-mim.com\/wp-content\/uploads\/2019\/02\/rsz_indo_auto_pix-1-600x375.jpg 600w, https:\/\/www.dev.indo-mim.com\/wp-content\/uploads\/2019\/02\/rsz_indo_auto_pix-1.jpg 800w\" sizes=\"(max-width: 640px) 100vw, 600px\" \/><\/span><\/div><\/div><style type=\"text\/css\">.fusion-body .fusion-builder-column-19{width:50% !important;margin-top : 0px;margin-bottom : 20px;}.fusion-builder-column-19 > .fusion-column-wrapper {padding-top : 0px !important;padding-right : 0px !important;margin-right : 3.84%;padding-bottom : 0px !important;padding-left : 8% !important;margin-left : 3.84%;}@media only screen and (max-width:1024px) {.fusion-body .fusion-builder-column-19{width:50% !important;}.fusion-builder-column-19 > .fusion-column-wrapper {margin-right : 3.84%;margin-left : 3.84%;}}@media only screen and (max-width:640px) {.fusion-body .fusion-builder-column-19{width:100% !important;}.fusion-builder-column-19 > .fusion-column-wrapper {margin-right : 1.92%;margin-left : 1.92%;}}<\/style><\/div><\/div><style type=\"text\/css\">.fusion-body .fusion-flex-container.fusion-builder-row-11{ padding-top : 0px;margin-top : 0px;padding-right : 0px;padding-bottom : 0px;margin-bottom : 0px;padding-left : 0px;}<\/style><\/div><div class=\"fusion-fullwidth fullwidth-box fusion-builder-row-12 fusion-flex-container fusion-parallax-none hundred-percent-fullwidth non-hundred-percent-height-scrolling\" style=\"background-color: rgba(255,255,255,0);background-image: url(&quot;https:\/\/avada.theme-fusion.com\/science\/wp-content\/uploads\/sites\/79\/2016\/11\/CTA_background.jpg&quot;);background-position: center center;background-repeat: no-repeat;border-width: 0px 0px 0px 0px;border-color:#e2e2e2;border-style:solid;-webkit-background-size:cover;-moz-background-size:cover;-o-background-size:cover;background-size:cover;\" ><div class=\"fusion-builder-row fusion-row fusion-flex-align-items-flex-start\" style=\"width:calc( 100% + 0px ) !important;max-width:calc( 100% + 0px ) !important;margin-left: calc(-0px \/ 2 );margin-right: calc(-0px \/ 2 );\"><div class=\"fusion-layout-column fusion_builder_column fusion-builder-column-20 fusion_builder_column_1_1 1_1 fusion-flex-column\"><div class=\"fusion-column-wrapper fusion-flex-justify-content-flex-start fusion-content-layout-column\" style=\"background-position:left top;background-repeat:no-repeat;-webkit-background-size:cover;-moz-background-size:cover;-o-background-size:cover;background-size:cover;padding: 0px 0px 0px 0px;\"><div class=\"fusion-text fusion-text-22\"><h2 style=\"text-align: center; color: #fff; font-size: 60px;\">Indo-MIM ile \u0130novasyon<\/h2>\n<\/div><div class=\"fusion-text fusion-text-23\"><p style=\"text-align: center; color: #fff; font-size: 25px; line-height: 48px;\">Etkin MIM par\u00e7alar\u0131na odaklanm\u0131\u015f \u00e7ok disiplinli MIM \u00fcreticisiyiz<\/p>\n<\/div><div class=\"fusion-separator fusion-full-width-sep\" style=\"align-self: center;margin-left: auto;margin-right: auto;margin-top:20px;width:100%;\"><\/div><div style=\"text-align:center;\"><style>.fusion-body .fusion-button.button-3{border-color:#ffffff;border-width:1px 1px 1px 1px;border-radius:4px 4px 4px 4px;background:rgba(76,81,102,0);}.fusion-body .fusion-button.button-3 .fusion-button-text,.fusion-body .fusion-button.button-3 i,.fusion-body .fusion-button.button-3:hover .fusion-button-text,.fusion-body .fusion-button.button-3:hover i,.fusion-body .fusion-button.button-3:focus .fusion-button-text,.fusion-body .fusion-button.button-3:focus i,.fusion-body .fusion-button.button-3:active .fusion-button-text,.fusion-body .fusion-button.button-3:active i{color:#ffffff;}.fusion-body .fusion-button.button-3:hover,.fusion-body .fusion-button.button-3:active,.fusion-body .fusion-button.button-3:focus{border-color:#ffffff;border-width:1px 1px 1px 1px;background:#f78025;}<\/style><a class=\"fusion-button button-flat button-xlarge button-custom button-3 fusion-button-default-span fusion-button-default-type\" target=\"_self\" href=\"https:\/\/www.dev.indo-mim.com\/contact-mim\/\"><span class=\"fusion-button-text\"> B\u0130Z\u0130MLE \u0130LET\u0130\u015e\u0130ME GE\u00c7\u0130N<\/span><\/a><\/div><\/div><style type=\"text\/css\">.fusion-body .fusion-builder-column-20{width:100% !important;margin-top : 0px;margin-bottom : 20px;}.fusion-builder-column-20 > .fusion-column-wrapper {padding-top : 0px !important;padding-right : 0px !important;margin-right : 0px;padding-bottom : 0px !important;padding-left : 0px !important;margin-left : 0px;}@media only screen and (max-width:1024px) {.fusion-body .fusion-builder-column-20{width:100% !important;}.fusion-builder-column-20 > .fusion-column-wrapper {margin-right : 0px;margin-left : 0px;}}@media only screen and (max-width:640px) {.fusion-body .fusion-builder-column-20{width:100% !important;}.fusion-builder-column-20 > .fusion-column-wrapper {margin-right : 0px;margin-left : 0px;}}<\/style><\/div><\/div><style type=\"text\/css\">.fusion-body .fusion-flex-container.fusion-builder-row-12{ padding-top : 20px;margin-top : 0px;padding-right : 0px;padding-bottom : 200px;margin-bottom : 0px;padding-left : 0px;}<\/style><\/div><\/p>\n<h3 class=\"crm-panel-description\"><code><\/code><\/h3>\n<p><\/p>","protected":false},"excerpt":{"rendered":"","protected":false},"author":1,"featured_media":0,"parent":0,"menu_order":0,"comment_status":"closed","ping_status":"closed","template":"100-width.php","meta":[],"_links":{"self":[{"href":"https:\/\/www.dev.indo-mim.com\/tr\/wp-json\/wp\/v2\/pages\/2036"}],"collection":[{"href":"https:\/\/www.dev.indo-mim.com\/tr\/wp-json\/wp\/v2\/pages"}],"about":[{"href":"https:\/\/www.dev.indo-mim.com\/tr\/wp-json\/wp\/v2\/types\/page"}],"author":[{"embeddable":true,"href":"https:\/\/www.dev.indo-mim.com\/tr\/wp-json\/wp\/v2\/users\/1"}],"replies":[{"embeddable":true,"href":"https:\/\/www.dev.indo-mim.com\/tr\/wp-json\/wp\/v2\/comments?post=2036"}],"version-history":[{"count":0,"href":"https:\/\/www.dev.indo-mim.com\/tr\/wp-json\/wp\/v2\/pages\/2036\/revisions"}],"wp:attachment":[{"href":"https:\/\/www.dev.indo-mim.com\/tr\/wp-json\/wp\/v2\/media?parent=2036"}],"curies":[{"name":"wp","href":"https:\/\/api.w.org\/{rel}","templated":true}]}}