{"id":2033,"date":"2019-02-03T05:31:24","date_gmt":"2019-02-03T05:31:24","guid":{"rendered":"https:\/\/www.dev.indo-mim.com\/?page_id=2033"},"modified":"2021-03-03T10:48:26","modified_gmt":"2021-03-03T05:18:26","slug":"certifications","status":"publish","type":"page","link":"https:\/\/www.dev.indo-mim.com\/tr\/certifications","title":{"rendered":"Sertifikalar"},"content":{"rendered":"<p><div class=\"fusion-fullwidth fullwidth-box fusion-builder-row-8 fusion-flex-container nonhundred-percent-fullwidth non-hundred-percent-height-scrolling\" style=\"background-color: rgba(255,255,255,0);background-position: center center;background-repeat: no-repeat;border-width: 0px 0px 0px 0px;border-color:#e2e2e2;border-style:solid;\" ><div class=\"fusion-builder-row fusion-row fusion-flex-align-items-stretch\" style=\"max-width:1248px;margin-left: calc(-4% \/ 2 );margin-right: calc(-4% \/ 2 );\"><div class=\"fusion-layout-column fusion_builder_column fusion-builder-column-15 fusion_builder_column_1_1 1_1 fusion-flex-column\"><div class=\"fusion-column-wrapper fusion-flex-justify-content-center fusion-content-layout-column\" style=\"background-position:left top;background-repeat:no-repeat;-webkit-background-size:cover;-moz-background-size:cover;-o-background-size:cover;background-size:cover;border-radius:10px 10px 10px 10px;background-color:rgba(255,255,255,0.93);border-radius:10px 10px 10px 10px;overflow:hidden;padding: 20px 20px 20px 20px;\"><style type='text\/css'>.reading-box-container-13 .element-bottomshadow:before,.reading-box-container-13 .element-bottomshadow:after{opacity:0.70;}<\/style><div class=\"fusion-reading-box-container reading-box-container-13\" style=\"margin-top:0px;margin-bottom:20px;\"><div class=\"reading-box reading-box-center element-bottomshadow\" style=\"background-color:#f79141;border-width:1px;border-color:rgba(226,226,226,0);border-style:solid;\"><div class=\"reading-box-additional\">\n<h2 style=\"text-align: center;\"><span style=\"color: #ffffff;\">SERT\u0130F\u0130KALARIMIZ<\/span><\/h2>\n<\/div><div class=\"fusion-clearfix\"><\/div><\/div><\/div><div class=\"fusion-text fusion-text-7\"><p>K\u00fcresel otomotiv tedarik\u00e7ileri i\u00e7in temel olan IATF 16949  2016 sertifikas\u0131, QMS taraf\u0131ndan istenir. Her bir otomotiv tedarik\u00e7isi, otomobilde kullan\u0131lan komponent ya da sistemi sertifikaland\u0131rmak zorundad\u0131r. Bunun yan\u0131s\u0131ra s\u00f6zle\u015fme yapan otomotiv tedarik\u00e7isi, otomotiv OEM\u2019i taraf\u0131ndan sertifikaland\u0131r\u0131l\u0131yor.<\/p>\n<p>(PDCA) Planla \u2013 Yap \u2013 Kontrol et \u2013 Ger\u00e7ekle\u015ftir yakla\u015f\u0131m\u0131 ile ISO 9001 sistemi, Indo-MIM\u2018e politikalar\u0131n ve hedeflerin tespiti, izlenmesi, proses ve \u00fcr\u00fcn karakteristiklerinin \u00f6l\u00e7\u00fclmesi d\u00fczeltici ve \u00f6nleyici aksiyonlar\u0131n belirlenmesi ve s\u00fcrekli geli\u015fmenin sa\u011flanmas\u0131 gibi y\u00f6netimsel ara\u00e7lar\u0131 sa\u011fl\u0131yor.<\/p>\n<p>Mevcut kalite sertifikalar\u0131m\u0131z\u0131 g\u00fc\u00e7lendirmek i\u00e7in, Indo-MIM medikal cihazlar\u0131n ve implantlar\u0131n \u00fcretilmesi ile ilgili aktivitelerimizi desteklemek i\u00e7in ISO 13485 ve havac\u0131l\u0131k ve ticari sekt\u00f6rlerinin kalite sistemi olan AS 9100 tescili i\u00e7in \u00e7al\u0131\u015f\u0131yor. \u00c7al\u0131\u015fanlar\u0131m\u0131z, kom\u015fular\u0131m\u0131z ve gezegenimize kar\u015f\u0131 olan sorumluluklar\u0131m\u0131z\u0131 bilerek, ISO 14001 sertifikas\u0131n\u0131 almak i\u00e7in \u00e7al\u0131\u015f\u0131yoruz.<\/p>\n<\/div><div style=\"text-align:center;\"><span class=\" fusion-imageframe imageframe-none imageframe-13 hover-type-none\"><img decoding=\"async\" width=\"757\" height=\"278\" alt=\"CErtificates\" title=\"MIM certificates metal\" src=\"https:\/\/www.dev.indo-mim.com\/wp-content\/uploads\/2019\/07\/MIM-certificates-metal.jpg\" class=\"img-responsive wp-image-11850\" srcset=\"https:\/\/www.dev.indo-mim.com\/wp-content\/uploads\/2019\/07\/MIM-certificates-metal-200x73.jpg 200w, https:\/\/www.dev.indo-mim.com\/wp-content\/uploads\/2019\/07\/MIM-certificates-metal-400x147.jpg 400w, https:\/\/www.dev.indo-mim.com\/wp-content\/uploads\/2019\/07\/MIM-certificates-metal-600x220.jpg 600w, https:\/\/www.dev.indo-mim.com\/wp-content\/uploads\/2019\/07\/MIM-certificates-metal.jpg 757w\" sizes=\"(max-width: 640px) 100vw, 757px\" \/><\/span><\/div><\/div><style type=\"text\/css\">.fusion-body .fusion-builder-column-15{width:100% !important;margin-top : 0px;margin-bottom : 20px;}.fusion-builder-column-15 > .fusion-column-wrapper {padding-top : 20px !important;padding-right : 20px !important;margin-right : 1.92%;padding-bottom : 20px !important;padding-left : 20px !important;margin-left : 1.92%;}@media only screen and (max-width:1024px) {.fusion-body .fusion-builder-column-15{width:100% !important;}.fusion-builder-column-15 > .fusion-column-wrapper {margin-right : 1.92%;margin-left : 1.92%;}}@media only screen and (max-width:640px) {.fusion-body .fusion-builder-column-15{width:100% !important;}.fusion-builder-column-15 > .fusion-column-wrapper {margin-right : 1.92%;margin-left : 1.92%;}}<\/style><\/div><\/div><style type=\"text\/css\">.fusion-body .fusion-flex-container.fusion-builder-row-8{ padding-top : 0px;margin-top : 0px;padding-right : 0px;padding-bottom : 20px;margin-bottom : 0px;padding-left : 0px;}<\/style><\/div><div class=\"fusion-fullwidth fullwidth-box fusion-builder-row-9 fusion-flex-container nonhundred-percent-fullwidth non-hundred-percent-height-scrolling\" style=\"background-color: rgba(255,255,255,0);background-position: center center;background-repeat: no-repeat;border-width: 0px 0px 0px 0px;border-color:#e2e2e2;border-style:solid;\" ><div class=\"fusion-builder-row fusion-row fusion-flex-align-items-flex-start\" style=\"max-width:1248px;margin-left: calc(-4% \/ 2 );margin-right: calc(-4% \/ 2 );\"><div class=\"fusion-layout-column fusion_builder_column fusion-builder-column-16 fusion_builder_column_1_1 1_1 fusion-flex-column\"><div class=\"fusion-column-wrapper fusion-flex-justify-content-flex-start fusion-content-layout-column\" style=\"background-position:left top;background-repeat:no-repeat;-webkit-background-size:cover;-moz-background-size:cover;-o-background-size:cover;background-size:cover;padding: 0px 0px 0px 0px;\"><style type='text\/css'>.reading-box-container-14 .element-bottomshadow:before,.reading-box-container-14 .element-bottomshadow:after{opacity:0.70;}<\/style><div class=\"fusion-reading-box-container reading-box-container-14\" style=\"margin-top:0px;margin-bottom:20px;\"><div class=\"reading-box reading-box-center element-bottomshadow\" style=\"background-color:#f79141;border-width:1px;border-color:rgba(226,226,226,0);border-style:solid;\"><div class=\"reading-box-additional\">\n<h2 style=\"text-align: center;\"><span style=\"color: #ffffff;\">Sertikalar \u2013 Hoskote Fabrikam\u0131z<\/span><\/h2>\n<\/div><div class=\"fusion-clearfix\"><\/div><\/div><\/div><div style=\"text-align:center;\"><span class=\" fusion-imageframe imageframe-none imageframe-14 hover-type-none\"><img decoding=\"async\" width=\"1200\" height=\"474\" alt=\"MIM company certificates Hoskote\" title=\"HSK-certificates-MIM-company\" src=\"https:\/\/www.dev.indo-mim.com\/wp-content\/uploads\/2020\/10\/HSK-certificates-MIM-company.jpg\" class=\"img-responsive wp-image-15506\" srcset=\"https:\/\/www.dev.indo-mim.com\/wp-content\/uploads\/2020\/10\/HSK-certificates-MIM-company-200x79.jpg 200w, https:\/\/www.dev.indo-mim.com\/wp-content\/uploads\/2020\/10\/HSK-certificates-MIM-company-400x158.jpg 400w, https:\/\/www.dev.indo-mim.com\/wp-content\/uploads\/2020\/10\/HSK-certificates-MIM-company-600x237.jpg 600w, https:\/\/www.dev.indo-mim.com\/wp-content\/uploads\/2020\/10\/HSK-certificates-MIM-company-800x316.jpg 800w, https:\/\/www.dev.indo-mim.com\/wp-content\/uploads\/2020\/10\/HSK-certificates-MIM-company.jpg 1200w\" sizes=\"(max-width: 640px) 100vw, 1200px\" \/><\/span><\/div><\/div><style type=\"text\/css\">.fusion-body .fusion-builder-column-16{width:100% !important;margin-top : 0px;margin-bottom : 20px;}.fusion-builder-column-16 > .fusion-column-wrapper {padding-top : 0px !important;padding-right : 0px !important;margin-right : 1.92%;padding-bottom : 0px !important;padding-left : 0px !important;margin-left : 1.92%;}@media only screen and (max-width:1024px) {.fusion-body .fusion-builder-column-16{width:100% !important;}.fusion-builder-column-16 > .fusion-column-wrapper {margin-right : 1.92%;margin-left : 1.92%;}}@media only screen and (max-width:640px) {.fusion-body .fusion-builder-column-16{width:100% !important;}.fusion-builder-column-16 > .fusion-column-wrapper {margin-right : 1.92%;margin-left : 1.92%;}}<\/style><\/div><div class=\"fusion-layout-column fusion_builder_column fusion-builder-column-17 fusion_builder_column_1_1 1_1 fusion-flex-column\"><div class=\"fusion-column-wrapper fusion-flex-justify-content-flex-start fusion-content-layout-column\" style=\"background-position:left top;background-repeat:no-repeat;-webkit-background-size:cover;-moz-background-size:cover;-o-background-size:cover;background-size:cover;padding: 0px 0px 0px 0px;\"><style type='text\/css'>.reading-box-container-15 .element-bottomshadow:before,.reading-box-container-15 .element-bottomshadow:after{opacity:0.70;}<\/style><div class=\"fusion-reading-box-container reading-box-container-15\" style=\"margin-top:0px;margin-bottom:20px;\"><div class=\"reading-box reading-box-center element-bottomshadow\" style=\"background-color:#f79141;border-width:1px;border-color:rgba(226,226,226,0);border-style:solid;\"><div class=\"reading-box-additional\">\n<h2 style=\"text-align: center;\"><span style=\"color: #ffffff;\">Sertifikalar \u2013 Doddaballapur Fabrikam\u0131z<\/span><\/h2>\n<\/div><div class=\"fusion-clearfix\"><\/div><\/div><\/div><div style=\"text-align:center;\"><span class=\" fusion-imageframe imageframe-none imageframe-15 hover-type-none\"><img decoding=\"async\" width=\"1200\" height=\"261\" alt=\"Dodballapur MIM company certificates updated\" title=\"DBP-certificates\" src=\"https:\/\/www.dev.indo-mim.com\/wp-content\/uploads\/2020\/10\/DBP-certificates.jpg\" class=\"img-responsive wp-image-15505\" srcset=\"https:\/\/www.dev.indo-mim.com\/wp-content\/uploads\/2020\/10\/DBP-certificates-200x44.jpg 200w, https:\/\/www.dev.indo-mim.com\/wp-content\/uploads\/2020\/10\/DBP-certificates-400x87.jpg 400w, https:\/\/www.dev.indo-mim.com\/wp-content\/uploads\/2020\/10\/DBP-certificates-600x131.jpg 600w, https:\/\/www.dev.indo-mim.com\/wp-content\/uploads\/2020\/10\/DBP-certificates-800x174.jpg 800w, https:\/\/www.dev.indo-mim.com\/wp-content\/uploads\/2020\/10\/DBP-certificates.jpg 1200w\" sizes=\"(max-width: 640px) 100vw, 1200px\" \/><\/span><\/div><\/div><style type=\"text\/css\">.fusion-body .fusion-builder-column-17{width:100% !important;margin-top : 0px;margin-bottom : 20px;}.fusion-builder-column-17 > .fusion-column-wrapper {padding-top : 0px !important;padding-right : 0px !important;margin-right : 1.92%;padding-bottom : 0px !important;padding-left : 0px !important;margin-left : 1.92%;}@media only screen and (max-width:1024px) {.fusion-body .fusion-builder-column-17{width:100% !important;}.fusion-builder-column-17 > .fusion-column-wrapper {margin-right : 1.92%;margin-left : 1.92%;}}@media only screen and (max-width:640px) {.fusion-body .fusion-builder-column-17{width:100% !important;}.fusion-builder-column-17 > .fusion-column-wrapper {margin-right : 1.92%;margin-left : 1.92%;}}<\/style><\/div><div class=\"fusion-layout-column fusion_builder_column fusion-builder-column-18 fusion_builder_column_1_1 1_1 fusion-flex-column\"><div class=\"fusion-column-wrapper fusion-flex-justify-content-flex-start fusion-content-layout-column\" style=\"background-position:left top;background-repeat:no-repeat;-webkit-background-size:cover;-moz-background-size:cover;-o-background-size:cover;background-size:cover;padding: 0px 0px 0px 0px;\"><style type='text\/css'>.reading-box-container-16 .element-bottomshadow:before,.reading-box-container-16 .element-bottomshadow:after{opacity:0.70;}<\/style><div class=\"fusion-reading-box-container reading-box-container-16\" style=\"margin-top:0px;margin-bottom:20px;\"><div class=\"reading-box reading-box-center element-bottomshadow\" style=\"background-color:#f79141;border-width:1px;border-color:rgba(226,226,226,0);border-style:solid;\"><div class=\"reading-box-additional\">\n<h2 style=\"text-align: center;\"><span style=\"color: #ffffff;\">Sertifikalar-INDO-MIM Inc. ABD<\/span><\/h2>\n<\/div><div class=\"fusion-clearfix\"><\/div><\/div><\/div><div style=\"text-align:center;\"><span class=\" fusion-imageframe imageframe-none imageframe-16 hover-type-none\"><img decoding=\"async\" width=\"491\" height=\"382\" alt=\"(Portugu\u00eas) INDO-MIM Certificates\" title=\"Certificate san antonio\" src=\"https:\/\/www.dev.indo-mim.com\/wp-content\/uploads\/2020\/07\/Certificate-san-antonio.jpg\" class=\"img-responsive wp-image-15194\" srcset=\"https:\/\/www.dev.indo-mim.com\/wp-content\/uploads\/2020\/07\/Certificate-san-antonio-200x156.jpg 200w, https:\/\/www.dev.indo-mim.com\/wp-content\/uploads\/2020\/07\/Certificate-san-antonio-400x311.jpg 400w, https:\/\/www.dev.indo-mim.com\/wp-content\/uploads\/2020\/07\/Certificate-san-antonio.jpg 491w\" sizes=\"(max-width: 640px) 100vw, 491px\" \/><\/span><\/div><\/div><style type=\"text\/css\">.fusion-body .fusion-builder-column-18{width:100% !important;margin-top : 0px;margin-bottom : 20px;}.fusion-builder-column-18 > .fusion-column-wrapper {padding-top : 0px !important;padding-right : 0px !important;margin-right : 1.92%;padding-bottom : 0px !important;padding-left : 0px !important;margin-left : 1.92%;}@media only screen and (max-width:1024px) {.fusion-body .fusion-builder-column-18{width:100% !important;}.fusion-builder-column-18 > .fusion-column-wrapper {margin-right : 1.92%;margin-left : 1.92%;}}@media only screen and (max-width:640px) {.fusion-body .fusion-builder-column-18{width:100% !important;}.fusion-builder-column-18 > .fusion-column-wrapper {margin-right : 1.92%;margin-left : 1.92%;}}<\/style><\/div><div class=\"fusion-layout-column fusion_builder_column fusion-builder-column-19 fusion_builder_column_1_1 1_1 fusion-flex-column\"><div class=\"fusion-column-wrapper fusion-flex-justify-content-flex-start fusion-content-layout-column\" style=\"background-position:left top;background-repeat:no-repeat;-webkit-background-size:cover;-moz-background-size:cover;-o-background-size:cover;background-size:cover;padding: 0px 0px 0px 0px;\"><style type='text\/css'>.reading-box-container-17 .element-bottomshadow:before,.reading-box-container-17 .element-bottomshadow:after{opacity:0.70;}<\/style><div class=\"fusion-reading-box-container reading-box-container-17\" style=\"margin-top:0px;margin-bottom:20px;\"><div class=\"reading-box reading-box-center element-bottomshadow\" style=\"background-color:#f79141;border-width:1px;border-color:rgba(226,226,226,0);border-style:solid;\"><div class=\"reading-box-additional\">\n<h2 style=\"text-align: center;\"><span style=\"color: #ffffff;\">Sertifikalar \u2013 Hassas D\u00f6k\u00fcm, Tirupati Fabrikam\u0131z<\/span><\/h2>\n<\/div><div class=\"fusion-clearfix\"><\/div><\/div><\/div><div style=\"text-align:center;\"><span class=\" fusion-imageframe imageframe-none imageframe-17 hover-type-none\"><img decoding=\"async\" width=\"1200\" height=\"382\" alt=\"ic\" title=\"Ic\" src=\"https:\/\/www.dev.indo-mim.com\/wp-content\/uploads\/2019\/06\/IC-CERTIFICATES-1200x382.jpg\" class=\"img-responsive wp-image-7461\" srcset=\"https:\/\/www.dev.indo-mim.com\/wp-content\/uploads\/2019\/06\/IC-CERTIFICATES-200x64.jpg 200w, https:\/\/www.dev.indo-mim.com\/wp-content\/uploads\/2019\/06\/IC-CERTIFICATES-400x127.jpg 400w, https:\/\/www.dev.indo-mim.com\/wp-content\/uploads\/2019\/06\/IC-CERTIFICATES-600x191.jpg 600w, https:\/\/www.dev.indo-mim.com\/wp-content\/uploads\/2019\/06\/IC-CERTIFICATES-800x255.jpg 800w, https:\/\/www.dev.indo-mim.com\/wp-content\/uploads\/2019\/06\/IC-CERTIFICATES.jpg 1000w, https:\/\/www.dev.indo-mim.com\/wp-content\/uploads\/2019\/06\/IC-CERTIFICATES-1200x382.jpg 1200w\" sizes=\"(max-width: 640px) 100vw, 1200px\" \/><\/span><\/div><\/div><style type=\"text\/css\">.fusion-body .fusion-builder-column-19{width:100% !important;margin-top : 0px;margin-bottom : 20px;}.fusion-builder-column-19 > .fusion-column-wrapper {padding-top : 0px !important;padding-right : 0px !important;margin-right : 1.92%;padding-bottom : 0px !important;padding-left : 0px !important;margin-left : 1.92%;}@media only screen and (max-width:1024px) {.fusion-body .fusion-builder-column-19{width:100% !important;}.fusion-builder-column-19 > .fusion-column-wrapper {margin-right : 1.92%;margin-left : 1.92%;}}@media only screen and (max-width:640px) {.fusion-body .fusion-builder-column-19{width:100% !important;}.fusion-builder-column-19 > .fusion-column-wrapper {margin-right : 1.92%;margin-left : 1.92%;}}<\/style><\/div><div class=\"fusion-layout-column fusion_builder_column fusion-builder-column-20 fusion_builder_column_1_1 1_1 fusion-flex-column\"><div class=\"fusion-column-wrapper fusion-flex-justify-content-flex-start fusion-content-layout-column\" style=\"background-position:left top;background-repeat:no-repeat;-webkit-background-size:cover;-moz-background-size:cover;-o-background-size:cover;background-size:cover;padding: 0px 0px 0px 0px;\"><style type='text\/css'>.reading-box-container-18 .element-bottomshadow:before,.reading-box-container-18 .element-bottomshadow:after{opacity:0.70;}<\/style><div class=\"fusion-reading-box-container reading-box-container-18\" style=\"margin-top:0px;margin-bottom:20px;\"><div class=\"reading-box reading-box-center element-bottomshadow\" style=\"background-color:#f79141;border-width:1px;border-color:rgba(226,226,226,0);border-style:solid;\"><div class=\"reading-box-additional\">\n<h2 style=\"text-align: center;\"><span style=\"color: #ffffff;\">Sertifikalar \u2013 Hassas Tala\u015fl\u0131 \u0130malat, Devanahalli Fabrikam\u0131z<\/span><\/h2>\n<\/div><div class=\"fusion-clearfix\"><\/div><\/div><\/div><div style=\"text-align:center;\"><span class=\" fusion-imageframe imageframe-none imageframe-18 hover-type-none\"><img decoding=\"async\" width=\"947\" height=\"798\" alt=\"TOOL ROOM CERTIFICATES\" title=\"TOOL ROOM CERTIFICATES\" src=\"https:\/\/www.dev.indo-mim.com\/wp-content\/uploads\/2019\/06\/TOOL-ROOM-CERTIFICATES.jpg\" class=\"img-responsive wp-image-7480\" srcset=\"https:\/\/www.dev.indo-mim.com\/wp-content\/uploads\/2019\/06\/TOOL-ROOM-CERTIFICATES-200x169.jpg 200w, https:\/\/www.dev.indo-mim.com\/wp-content\/uploads\/2019\/06\/TOOL-ROOM-CERTIFICATES-400x337.jpg 400w, https:\/\/www.dev.indo-mim.com\/wp-content\/uploads\/2019\/06\/TOOL-ROOM-CERTIFICATES-600x506.jpg 600w, https:\/\/www.dev.indo-mim.com\/wp-content\/uploads\/2019\/06\/TOOL-ROOM-CERTIFICATES-800x674.jpg 800w, https:\/\/www.dev.indo-mim.com\/wp-content\/uploads\/2019\/06\/TOOL-ROOM-CERTIFICATES.jpg 947w\" sizes=\"(max-width: 640px) 100vw, 947px\" \/><\/span><\/div><\/div><style type=\"text\/css\">.fusion-body .fusion-builder-column-20{width:100% !important;margin-top : 0px;margin-bottom : 20px;}.fusion-builder-column-20 > .fusion-column-wrapper {padding-top : 0px !important;padding-right : 0px !important;margin-right : 1.92%;padding-bottom : 0px !important;padding-left : 0px !important;margin-left : 1.92%;}@media only screen and (max-width:1024px) {.fusion-body .fusion-builder-column-20{width:100% !important;}.fusion-builder-column-20 > .fusion-column-wrapper {margin-right : 1.92%;margin-left : 1.92%;}}@media only screen and (max-width:640px) {.fusion-body .fusion-builder-column-20{width:100% !important;}.fusion-builder-column-20 > .fusion-column-wrapper {margin-right : 1.92%;margin-left : 1.92%;}}<\/style><\/div><\/div><style type=\"text\/css\">.fusion-body .fusion-flex-container.fusion-builder-row-9{ padding-top : 20px;margin-top : 0px;padding-right : 20px;padding-bottom : 20px;margin-bottom : 0px;padding-left : 20px;}<\/style><\/div><div class=\"fusion-fullwidth fullwidth-box fusion-builder-row-10 fusion-flex-container fusion-parallax-none nonhundred-percent-fullwidth non-hundred-percent-height-scrolling\" style=\"background-color: rgba(255,255,255,0);background-image: url(&quot;https:\/\/avada.theme-fusion.com\/science\/wp-content\/uploads\/sites\/79\/2016\/11\/CTA_background.jpg&quot;);background-position: center center;background-repeat: no-repeat;border-width: 0px 0px 0px 0px;border-color:#e2e2e2;border-style:solid;-webkit-background-size:cover;-moz-background-size:cover;-o-background-size:cover;background-size:cover;\" ><div class=\"fusion-builder-row fusion-row fusion-flex-align-items-flex-start\" style=\"max-width:1248px;margin-left: calc(-4% \/ 2 );margin-right: calc(-4% \/ 2 );\"><div class=\"fusion-layout-column fusion_builder_column fusion-builder-column-21 fusion_builder_column_1_1 1_1 fusion-flex-column\"><div class=\"fusion-column-wrapper fusion-flex-justify-content-flex-start fusion-content-layout-column\" style=\"background-position:left top;background-repeat:no-repeat;-webkit-background-size:cover;-moz-background-size:cover;-o-background-size:cover;background-size:cover;padding: 0px 0px 0px 0px;\"><div class=\"fusion-text fusion-text-8\"><h2 style=\"text-align: center; color: #fff; font-size: 60px;\">Indo-MIM ile yenilik\u00e7ilik<\/h2>\n<\/div><div class=\"fusion-text fusion-text-9\"><p style=\"text-align: center; color: #fff; font-size: 25px; line-height: 48px;\">Verimli MIM par\u00e7a ke\u015fiflerine odaklanm\u0131\u015f \u00e7ok disiplinli bir MIM \u00fcreticisiyiz<\/p>\n<\/div><div class=\"fusion-separator fusion-full-width-sep\" style=\"align-self: center;margin-left: auto;margin-right: auto;margin-top:20px;width:100%;\"><\/div><div style=\"text-align:center;\"><style>.fusion-body .fusion-button.button-2{border-color:#ffffff;border-width:1px 1px 1px 1px;border-radius:4px 4px 4px 4px;background:rgba(76,81,102,0);}.fusion-body .fusion-button.button-2 .fusion-button-text,.fusion-body .fusion-button.button-2 i,.fusion-body .fusion-button.button-2:hover .fusion-button-text,.fusion-body .fusion-button.button-2:hover i,.fusion-body .fusion-button.button-2:focus .fusion-button-text,.fusion-body .fusion-button.button-2:focus i,.fusion-body .fusion-button.button-2:active .fusion-button-text,.fusion-body .fusion-button.button-2:active i{color:#ffffff;}.fusion-body .fusion-button.button-2:hover,.fusion-body .fusion-button.button-2:active,.fusion-body .fusion-button.button-2:focus{border-color:#ffffff;border-width:1px 1px 1px 1px;background:#f78025;}<\/style><a class=\"fusion-button button-flat button-xlarge button-custom button-2 fusion-button-default-span fusion-button-default-type\" target=\"_self\" href=\"https:\/\/www.dev.indo-mim.com\/contact-mim\/\"><span class=\"fusion-button-text\">Bizimle ileti\u015fime ge\u00e7in<\/span><\/a><\/div><\/div><style type=\"text\/css\">.fusion-body .fusion-builder-column-21{width:100% !important;margin-top : 0px;margin-bottom : 20px;}.fusion-builder-column-21 > .fusion-column-wrapper {padding-top : 0px !important;padding-right : 0px !important;margin-right : 1.92%;padding-bottom : 0px !important;padding-left : 0px !important;margin-left : 1.92%;}@media only screen and (max-width:1024px) {.fusion-body .fusion-builder-column-21{width:100% !important;}.fusion-builder-column-21 > .fusion-column-wrapper {margin-right : 1.92%;margin-left : 1.92%;}}@media only screen and (max-width:640px) {.fusion-body .fusion-builder-column-21{width:100% !important;}.fusion-builder-column-21 > .fusion-column-wrapper {margin-right : 1.92%;margin-left : 1.92%;}}<\/style><\/div><\/div><style type=\"text\/css\">.fusion-body .fusion-flex-container.fusion-builder-row-10{ padding-top : 200px;margin-top : 0px;padding-right : 0px;padding-bottom : 200px;margin-bottom : 0px;padding-left : 0px;}<\/style><\/div><div class=\"fusion-fullwidth fullwidth-box fusion-builder-row-11 fusion-flex-container nonhundred-percent-fullwidth non-hundred-percent-height-scrolling\" style=\"background-color: rgba(255,255,255,0);background-position: center center;background-repeat: no-repeat;border-width: 0px 0px 0px 0px;border-color:#e2e2e2;border-style:solid;\" ><div class=\"fusion-builder-row fusion-row fusion-flex-align-items-flex-start\" style=\"max-width:1248px;margin-left: calc(-4% \/ 2 );margin-right: calc(-4% \/ 2 );\"><div class=\"fusion-layout-column fusion_builder_column fusion-builder-column-22 fusion_builder_column_1_1 1_1 fusion-flex-column\"><div class=\"fusion-column-wrapper fusion-flex-justify-content-flex-start fusion-content-layout-column\" style=\"background-position:left top;background-repeat:no-repeat;-webkit-background-size:cover;-moz-background-size:cover;-o-background-size:cover;background-size:cover;padding: 0px 0px 0px 0px;\"><div class=\"fusion-text fusion-text-10\"><h3 class=\"crm-panel-description\"><code><\/code><\/h3>\n<\/div><\/div><style type=\"text\/css\">.fusion-body .fusion-builder-column-22{width:100% !important;margin-top : 0px;margin-bottom : 0px;}.fusion-builder-column-22 > .fusion-column-wrapper {padding-top : 0px !important;padding-right : 0px !important;margin-right : 1.92%;padding-bottom : 0px !important;padding-left : 0px !important;margin-left : 1.92%;}@media only screen and (max-width:1024px) {.fusion-body .fusion-builder-column-22{width:100% !important;}.fusion-builder-column-22 > .fusion-column-wrapper {margin-right : 1.92%;margin-left : 1.92%;}}@media only screen and (max-width:640px) {.fusion-body .fusion-builder-column-22{width:100% !important;}.fusion-builder-column-22 > .fusion-column-wrapper {margin-right : 1.92%;margin-left : 1.92%;}}<\/style><\/div><\/div><style type=\"text\/css\">.fusion-body .fusion-flex-container.fusion-builder-row-11{ padding-top : 0px;margin-top : 0px;padding-right : 0px;padding-bottom : 0px;margin-bottom : 0px;padding-left : 0px;}<\/style><\/div><\/p>","protected":false},"excerpt":{"rendered":"","protected":false},"author":1,"featured_media":0,"parent":0,"menu_order":0,"comment_status":"closed","ping_status":"closed","template":"100-width.php","meta":[],"_links":{"self":[{"href":"https:\/\/www.dev.indo-mim.com\/tr\/wp-json\/wp\/v2\/pages\/2033"}],"collection":[{"href":"https:\/\/www.dev.indo-mim.com\/tr\/wp-json\/wp\/v2\/pages"}],"about":[{"href":"https:\/\/www.dev.indo-mim.com\/tr\/wp-json\/wp\/v2\/types\/page"}],"author":[{"embeddable":true,"href":"https:\/\/www.dev.indo-mim.com\/tr\/wp-json\/wp\/v2\/users\/1"}],"replies":[{"embeddable":true,"href":"https:\/\/www.dev.indo-mim.com\/tr\/wp-json\/wp\/v2\/comments?post=2033"}],"version-history":[{"count":0,"href":"https:\/\/www.dev.indo-mim.com\/tr\/wp-json\/wp\/v2\/pages\/2033\/revisions"}],"wp:attachment":[{"href":"https:\/\/www.dev.indo-mim.com\/tr\/wp-json\/wp\/v2\/media?parent=2033"}],"curies":[{"name":"wp","href":"https:\/\/api.w.org\/{rel}","templated":true}]}}