{"id":2016,"date":"2019-02-03T05:27:02","date_gmt":"2019-02-03T05:27:02","guid":{"rendered":"https:\/\/www.dev.indo-mim.com\/?page_id=2016"},"modified":"2022-09-27T10:14:30","modified_gmt":"2022-09-27T04:44:30","slug":"mim-design-guidelines","status":"publish","type":"page","link":"https:\/\/www.dev.indo-mim.com\/tr\/mim-design-guidelines","title":{"rendered":"Dizayn Rehberi"},"content":{"rendered":"<p><div class=\"fusion-fullwidth fullwidth-box fusion-builder-row-7 fusion-flex-container hundred-percent-fullwidth non-hundred-percent-height-scrolling\" style=\"background-color: rgba(255,255,255,0);background-position: center center;background-repeat: no-repeat;border-width: 0px 0px 0px 0px;border-color:#e2e2e2;border-style:solid;\" ><div class=\"fusion-builder-row fusion-row fusion-flex-align-items-flex-start\" style=\"width:104% !important;max-width:104% !important;margin-left: calc(-4% \/ 2 );margin-right: calc(-4% \/ 2 );\"><div class=\"fusion-layout-column fusion_builder_column fusion-builder-column-8 fusion_builder_column_1_6 1_6 fusion-flex-column fusion-animated\" data-animationType=\"slideInRight\" data-animationDuration=\"0.6\" data-animationOffset=\"top-into-view\"><div class=\"fusion-column-wrapper fusion-flex-justify-content-flex-start fusion-content-layout-column\" style=\"background-position:left top;background-repeat:no-repeat;-webkit-background-size:cover;-moz-background-size:cover;-o-background-size:cover;background-size:cover;padding: 0px 0px 0px 0px;\"><\/div><style type=\"text\/css\">.fusion-body .fusion-builder-column-8{width:16.666666666667% !important;margin-top : 40px;margin-bottom : 40px;}.fusion-builder-column-8 > .fusion-column-wrapper {padding-top : 0px !important;padding-right : 0px !important;margin-right : 4.8%;padding-bottom : 0px !important;padding-left : 0px !important;margin-left : 11.52%;}@media only screen and (max-width:1024px) {.fusion-body .fusion-builder-column-8{width:16.666666666667% !important;}.fusion-builder-column-8 > .fusion-column-wrapper {margin-right : 4.8%;margin-left : 11.52%;}}@media only screen and (max-width:640px) {.fusion-body .fusion-builder-column-8{width:100% !important;}.fusion-builder-column-8 > .fusion-column-wrapper {margin-right : 1.92%;margin-left : 1.92%;}}<\/style><\/div><div class=\"fusion-layout-column fusion_builder_column fusion-builder-column-9 fusion_builder_column_3_4 3_4 fusion-flex-column\"><div class=\"fusion-column-wrapper fusion-flex-justify-content-flex-start fusion-content-layout-column\" style=\"background-position:left top;background-repeat:no-repeat;-webkit-background-size:cover;-moz-background-size:cover;-o-background-size:cover;background-size:cover;padding: 0px 0px 0px 0px;\"><style type=\"text\/css\">@media only screen and (max-width:1024px) {.fusion-title.fusion-title-5{margin-top:0px!important; margin-right:0px!important;margin-bottom:15px!important;margin-left:0px!important;}}@media only screen and (max-width:640px) {.fusion-title.fusion-title-5{margin-top:0px!important; margin-right:0px!important;margin-bottom:10px!important; margin-left:0px!important;}}<\/style><div class=\"fusion-title title fusion-title-5 fusion-sep-none fusion-title-text fusion-title-size-two\" style=\"margin-top:0px;margin-right:0px;margin-bottom:15px;margin-left:0px;\"><h2 class=\"title-heading-left\" style=\"margin:0;\">Tasar\u0131m Rehberi<\/h2><\/div><div class=\"fusion-text fusion-text-7\"><p>MIM bug\u00fcn, otomotiv, havac\u0131l\u0131k ve savunma, t\u00fcketim elektroni\u011fi, di\u015f hekimli\u011fi implantlar\u0131 ve aletleri, elektronik ve fiber optik ba\u011flant\u0131lar, hermetik paketler, cerrahi aletler ve implantlar, end\u00fcstriyel tak\u0131mlar, elektrikli el aletleri ve spor ekipmanlar\u0131 gibi \u00e7ok geni\u015f bir yelpazedeki end\u00fcstride kritik performans istenen par\u00e7alar\u0131n \u00fcretiminde kullan\u0131lmaktad\u0131r.<\/p>\n<\/div><\/div><style type=\"text\/css\">.fusion-body .fusion-builder-column-9{width:75% !important;margin-top : 0px;margin-bottom : 20px;}.fusion-builder-column-9 > .fusion-column-wrapper {padding-top : 0px !important;padding-right : 0px !important;margin-right : 2.56%;padding-bottom : 0px !important;padding-left : 0px !important;margin-left : 4.8%;}@media only screen and (max-width:1024px) {.fusion-body .fusion-builder-column-9{width:75% !important;}.fusion-builder-column-9 > .fusion-column-wrapper {margin-right : 2.56%;margin-left : 4.8%;}}@media only screen and (max-width:640px) {.fusion-body .fusion-builder-column-9{width:100% !important;}.fusion-builder-column-9 > .fusion-column-wrapper {margin-right : 1.92%;margin-left : 1.92%;}}<\/style><\/div><\/div><style type=\"text\/css\">.fusion-body .fusion-flex-container.fusion-builder-row-7{ padding-top : 0px;margin-top : 0px;padding-right : 0px;padding-bottom : 0px;margin-bottom : 0px;padding-left : 0px;}<\/style><\/div><div class=\"fusion-fullwidth fullwidth-box fusion-builder-row-8 fusion-flex-container hundred-percent-fullwidth non-hundred-percent-height-scrolling\" style=\"background-color: rgba(255,255,255,0);background-position: left top;background-repeat: no-repeat;border-width: 0px 0px 0px 0px;border-color:#e2e2e2;border-style:solid;\" ><div class=\"fusion-builder-row fusion-row fusion-flex-align-items-stretch\" style=\"width:104% !important;max-width:104% !important;margin-left: calc(-4% \/ 2 );margin-right: calc(-4% \/ 2 );\"><div class=\"fusion-layout-column fusion_builder_column fusion-builder-column-10 fusion_builder_column_1_6 1_6 fusion-flex-column fusion-animated\" data-animationType=\"slideInRight\" data-animationDuration=\"0.6\" data-animationOffset=\"top-into-view\"><div class=\"fusion-column-wrapper fusion-flex-justify-content-flex-start fusion-content-layout-column\" style=\"background-position:left top;background-repeat:no-repeat;-webkit-background-size:cover;-moz-background-size:cover;-o-background-size:cover;background-size:cover;padding: 0px 0px 0px 0px;\"><\/div><style type=\"text\/css\">.fusion-body .fusion-builder-column-10{width:16.666666666667% !important;margin-top : 40px;margin-bottom : 40px;}.fusion-builder-column-10 > .fusion-column-wrapper {padding-top : 0px !important;padding-right : 0px !important;margin-right : 14.4%;padding-bottom : 0px !important;padding-left : 0px !important;margin-left : 11.52%;}@media only screen and (max-width:1024px) {.fusion-body .fusion-builder-column-10{width:16.666666666667% !important;}.fusion-builder-column-10 > .fusion-column-wrapper {margin-right : 14.4%;margin-left : 11.52%;}}@media only screen and (max-width:640px) {.fusion-body .fusion-builder-column-10{width:100% !important;}.fusion-builder-column-10 > .fusion-column-wrapper {margin-right : 1.92%;margin-left : 1.92%;}}<\/style><\/div><div class=\"fusion-layout-column fusion_builder_column fusion-builder-column-11 fusion_builder_column_1_2 1_2 fusion-flex-column\"><div class=\"fusion-column-wrapper fusion-flex-justify-content-center fusion-content-layout-column\" style=\"background-position:left top;background-repeat:no-repeat;-webkit-background-size:cover;-moz-background-size:cover;-o-background-size:cover;background-size:cover;padding: 0px 0px 0px 0px;\"><div class=\"fusion-separator fusion-full-width-sep\" style=\"align-self: center;margin-left: auto;margin-right: auto;margin-top:15px;width:100%;\"><\/div><div class=\"fusion-text fusion-text-8\"><p><strong>Genellikle MIM i\u00e7in uygun \u00fcr\u00fcnler a\u015fa\u011f\u0131daki \u00f6zelliklere sahiptir <\/strong><\/p>\n<p><strong>Komplekslik:<\/strong> Plastik enjeksiyonda bulunan neredeyse k\u0131s\u0131tlamas\u0131z y\u00fczey elde etme dizayn \u00f6zg\u00fcrl\u00fc\u011f\u00fc, aynen MIM\u2019de de bulunmaktad\u0131r. MIM\u2019 de bir kal\u0131plama prosesi oldu\u011fu i\u00e7in, \u00e7ok fonksiyon istenen \u00fcr\u00fcnleri olu\u015fturan par\u00e7alar\u0131n, ilave \u00fcr\u00fcn \u00f6zellikleri maliyeti art\u0131rmaz, bundan dolay\u0131 da MIM ideal bir \u00e7\u00f6z\u00fcmd\u00fcr. MIM dizayn kurallar\u0131, plastik enjeksiyon kal\u0131plama kurallar\u0131na \u00e7ok yak\u0131nd\u0131r, bundan dolay\u0131, \u00e7o\u011funlukla t\u00fcm \u00fcr\u00fcnlere uygulanmas\u0131 kolayd\u0131r.<\/p>\n<p><strong>Hassasiyet:<\/strong> MIM hassasiyeti i\u00e7in genel prensip; tolerans, boyutun \u00b1 % 0.5 \u2018i \u015feklindedir. Baz\u0131 durumlarda \u00b1 % 0.3 \u2018i sa\u011flamak m\u00fcmk\u00fcnd\u00fcr. T\u00fcm \u00fcretim teknolojilerinde, daha y\u00fcksek hassasiyet, daha y\u00fcksek maliyettir, bunu azaltmak, m\u00fcmk\u00fcn olan yerlerde tolerans geni\u015flemesine gidilmesi \u00f6nerilmektedir. Tek ba\u015f\u0131na MIM\u2019de ula\u015f\u0131lamayan toleranslara, farkl\u0131 son i\u015flem prosesleri ile ula\u015f\u0131labilinir.<\/p>\n<p><strong>A\u011f\u0131rl\u0131k ve Boyut:<\/strong> MIM, 100 gr\u2019\u0131n alt\u0131ndaki par\u00e7alar i\u00e7in uygundur, en ekonomik \u00e7\u00f6z\u00fcm ise 50 gr\u2019\u0131n alt\u0131ndaki uygulamalard\u0131r. 250 gr\u2019a kadar olan par\u00e7alar da MIM yap\u0131labilir. MIM prosesi i\u00e7in anahtar maliyet y\u00f6nlendiricisi hammaddedir. MIM, m\u00fcmk\u00fcn olan yerlerde, maliyeti azaltmak i\u00e7in par\u00e7a a\u011f\u0131rl\u0131\u011f\u0131n\u0131 d\u00fc\u015f\u00fcrmeyi \u00f6nerir. Plastikte oldu\u011fu gibi, a\u011f\u0131rl\u0131\u011f\u0131 azaltmak i\u00e7in, i\u00e7 k\u0131s\u0131mlarda bo\u015fluklar ve g\u00fc\u00e7lendirici kaburgalar, malzeme entegrasyonunu bozmamak kayd\u0131yla kullan\u0131labilir. MIM ile a\u011f\u0131rl\u0131\u011f\u0131 0,1 gr\u2019\u0131n alt\u0131ndaki mikro boyutlu par\u00e7alar\u0131n \u00fcretilmesi de m\u00fcmk\u00fcnd\u00fcr. A\u011f\u0131rl\u0131k tek ba\u015f\u0131na k\u0131s\u0131tlay\u0131c\u0131 bir faktor de\u011fildir, 250 mm yi ge\u00e7en \u00fcr\u00fcnler de MIM olarak \u00fcretilebilir.<\/p>\n<p><strong>Kesit Kal\u0131nl\u0131\u011f\u0131:<\/strong> MIM prosesi i\u00e7in, 6 mm\u2019nin alt\u0131nda olan cidar kal\u0131nl\u0131klar\u0131 uygundur. Daha kal\u0131n cidarlar m\u00fcmk\u00fcnd\u00fcr ancak bu ilave malzeme ve daha uzun proses zaman\u0131 gerektirdi\u011fi i\u00e7in maliyeti art\u0131r\u0131r. Alternatif olarak 0,5 mm\u2019den ince cidar kesitlerine ula\u015f\u0131labilir ancak bu y\u00fcksek oranda dizayna ba\u011fl\u0131d\u0131r.<\/p>\n<p><strong>\u00dcretim Hacmi:<\/strong> Y\u0131ll\u0131k olarak, binlerle ifade edilebilen d\u00fc\u015f\u00fck hacimlerin yan\u0131s\u0131ra milyonlarca par\u00e7a MIM olarak ekonomik bir \u015fekilde \u00fcretilebilir. D\u00f6k\u00fcm ve plastikte oldu\u011fu gibi, MIM prosesinde de kal\u0131p ve m\u00fchendislik yat\u0131r\u0131m\u0131 yap\u0131lmas\u0131 zorunludur, bu da d\u00fc\u015f\u00fck hacimli par\u00e7a \u00fcretim prosesinde maliyet a\u00e7\u0131s\u0131ndan \u00f6nemli bir karar a\u015famas\u0131d\u0131r.<\/p>\n<p><strong>Malzeme:<\/strong> Demir ala\u015f\u0131mlar\u0131, s\u00fcper ala\u015f\u0131mlar, titanyum ala\u015f\u0131mlar\u0131, bak\u0131r ala\u015f\u0131mlar\u0131, refrakter metaller, karb\u00fcrler, seramik ve metal matris kompozitleri gibi \u00e7ok geni\u015f bir yelpazedeki malzeme MIM prosesinde kullan\u0131labilir. Al\u00fcminyum ve bronz gibi demir d\u0131\u015f\u0131 ala\u015f\u0131mlar\u0131n kullan\u0131lmas\u0131 teknik olarak m\u00fcmk\u00fcnd\u00fcr, ancak, bunlar\u0131n d\u00f6k\u00fcm ya da tala\u015fl\u0131 imalat y\u00f6ntemleriyle \u00fcretilmesi daha ekonomiktir. Daha detayl\u0131 bilgi i\u00e7in l\u00fctfen malzeme b\u00f6l\u00fcm\u00fcne bak\u0131n\u0131z..<\/p>\n<p><strong>Uygulama Yard\u0131mc\u0131s\u0131:<\/strong> Indo-MIM, MIM prosesinden daha fazla kazan\u00e7 elde edilebilmesi i\u00e7in \u00f6nemli bir destek sa\u011fl\u0131yor. Mevcut \u00fcr\u00fcnlerin dizayn de\u011fi\u015fikli\u011fi, malzeme se\u00e7imi ile ayn\u0131 zamanda end\u00fcstriyel \u00fcr\u00fcn dizayn\u0131, FEA, h\u0131zl\u0131 prototipleme ve lazer tarama gibi hizmetlerle destek sa\u011fl\u0131yoruz.<\/p>\n<\/div><\/div><style type=\"text\/css\">.fusion-body .fusion-builder-column-11{width:50% !important;margin-top : 20px;margin-bottom : 20px;}.fusion-builder-column-11 > .fusion-column-wrapper {padding-top : 0px !important;padding-right : 0px !important;margin-right : 3.84%;padding-bottom : 0px !important;padding-left : 0px !important;margin-left : 4.8%;}@media only screen and (max-width:1024px) {.fusion-body .fusion-builder-column-11{width:50% !important;}.fusion-builder-column-11 > .fusion-column-wrapper {margin-right : 3.84%;margin-left : 4.8%;}}@media only screen and (max-width:640px) {.fusion-body .fusion-builder-column-11{width:100% !important;}.fusion-builder-column-11 > .fusion-column-wrapper {margin-right : 1.92%;margin-left : 1.92%;}}<\/style><\/div><div class=\"fusion-layout-column fusion_builder_column fusion-builder-column-12 fusion_builder_column_1_4 1_4 fusion-flex-column fusion-animated\" data-animationType=\"slideInRight\" data-animationDuration=\"0.6\" data-animationOffset=\"top-into-view\"><div class=\"fusion-column-wrapper fusion-flex-justify-content-flex-start fusion-content-layout-column\" style=\"background-position:left top;background-repeat:no-repeat;-webkit-background-size:cover;-moz-background-size:cover;-o-background-size:cover;background-size:cover;padding: 0px 0px 0px 0px;\"><div class=\"fusion-separator fusion-full-width-sep\" style=\"align-self: center;margin-left: auto;margin-right: auto;margin-top:20%;width:100%;\"><\/div><div class=\"fusion-builder-row fusion-builder-row-inner fusion-row fusion-flex-align-items-stretch\" style=\"width:104% !important;max-width:104% !important;margin-left: calc(-4% \/ 2 );margin-right: calc(-4% \/ 2 );\"><div class=\"fusion-layout-column fusion_builder_column_inner fusion-builder-nested-column-2 fusion_builder_column_inner_1_1 1_1 fusion-flex-column\"><div class=\"fusion-column-wrapper fusion-flex-justify-content-flex-start fusion-content-layout-column fusion-empty-dims-bg-image\" style=\"background-image: url(&#039;https:\/\/www.dev.indo-mim.com\/wp-content\/uploads\/2017\/10\/background1.jpg&#039;);background-position:left top;background-blend-mode: overlay;background-repeat:no-repeat;-webkit-background-size:cover;-moz-background-size:cover;-o-background-size:cover;background-size:cover;background-color:rgba(1,91,181,0.78);padding: 12% 12% 15% 12%;\" data-bg-url=\"https:\/\/www.dev.indo-mim.com\/wp-content\/uploads\/2017\/10\/background1.jpg\"><style type=\"text\/css\">@media only screen and (max-width:1024px) {.fusion-title.fusion-title-6{margin-top:0px!important; margin-right:0px!important;margin-bottom:15px!important;margin-left:0px!important;}}@media only screen and (max-width:640px) {.fusion-title.fusion-title-6{margin-top:0px!important; margin-right:0px!important;margin-bottom:10px!important; margin-left:0px!important;}}<\/style><div class=\"fusion-title title fusion-title-6 fusion-sep-none fusion-title-text fusion-title-size-three\" style=\"margin-top:0px;margin-right:0px;margin-bottom:15px;margin-left:0px;\"><h3 class=\"title-heading-left\" style=\"margin:0;color:#ffffff;\">M\u00dcHEND\u0130SLER\u0130M\u0130ZE SORUN<\/h3><\/div><div class=\"fusion-separator fusion-full-width-sep\" style=\"align-self: center;margin-left: auto;margin-right: auto;margin-top:10px;width:100%;\"><\/div><div role=\"form\" class=\"wpcf7\" id=\"wpcf7-f12346-o3\" lang=\"en-US\" dir=\"ltr\">\n<div class=\"screen-reader-response\"><p role=\"status\" aria-live=\"polite\" aria-atomic=\"true\"><\/p> <ul><\/ul><\/div>\n<form action=\"\/tr\/wp-json\/wp\/v2\/pages\/2016#wpcf7-f12346-o3\" method=\"post\" class=\"wpcf7-form init\" novalidate=\"novalidate\" data-status=\"init\">\n<div style=\"display: none;\">\n<input type=\"hidden\" name=\"_wpcf7\" value=\"12346\" \/>\n<input type=\"hidden\" name=\"_wpcf7_version\" value=\"5.6.4\" \/>\n<input type=\"hidden\" name=\"_wpcf7_locale\" value=\"en_US\" \/>\n<input type=\"hidden\" name=\"_wpcf7_unit_tag\" value=\"wpcf7-f12346-o3\" \/>\n<input type=\"hidden\" name=\"_wpcf7_container_post\" value=\"0\" \/>\n<input type=\"hidden\" name=\"_wpcf7_posted_data_hash\" value=\"\" \/>\n<\/div>\n<div style=\"margin:16px 0;\"><span class=\"wpcf7-form-control-wrap\" data-name=\"contact-name\"><input type=\"text\" name=\"contact-name\" value=\"\" size=\"40\" class=\"wpcf7-form-control wpcf7-text wpcf7-validates-as-required\" aria-required=\"true\" aria-invalid=\"false\" placeholder=\"\u0130sim\" \/><\/span><\/div>\n<div style=\"margin:16px 0;\"><span class=\"wpcf7-form-control-wrap\" data-name=\"contact-tel\"><input type=\"tel\" name=\"contact-tel\" value=\"\" size=\"40\" class=\"wpcf7-form-control wpcf7-text wpcf7-tel wpcf7-validates-as-required wpcf7-validates-as-tel\" aria-required=\"true\" aria-invalid=\"false\" placeholder=\"Telefon Numarasi\" \/><\/span><\/div>\n<div style=\"margin:16px 0;\"><span class=\"wpcf7-form-control-wrap\" data-name=\"contact-email\"><input type=\"email\" name=\"contact-email\" value=\"\" size=\"40\" class=\"wpcf7-form-control wpcf7-text wpcf7-email wpcf7-validates-as-required wpcf7-validates-as-email\" aria-required=\"true\" aria-invalid=\"false\" placeholder=\"Email\" \/><\/span><\/div>\n<div style=\"margin:16px 0;\"><span class=\"wpcf7-form-control-wrap\" data-name=\"contact-message\"><textarea name=\"contact-message\" cols=\"40\" rows=\"10\" class=\"wpcf7-form-control wpcf7-textarea wpcf7-validates-as-required\" aria-required=\"true\" aria-invalid=\"false\" placeholder=\"Mesaj\u0131n\u0131z\"><\/textarea><\/span><\/div>\n<div style=\"margin:16px 0;\"><input type=\"submit\" value=\"G\u00f6nder\" class=\"wpcf7-form-control has-spinner wpcf7-submit\" \/><\/div>\n<div style=\"clear:both\"><\/div>\n<input type=\"hidden\" id=\"ct_checkjs_cf7_854d9fca60b4bd07f9bb215d59ef5561\" name=\"ct_checkjs_cf7\" value=\"0\" \/><input \n        id=\"apbct__email_id__wp_contact_form_7_48235\" \n        class=\"apbct_special_field apbct__email_id__wp_contact_form_7\"\n        autocomplete=\"off\" \n        name=\"apbct__email_id__wp_contact_form_7_48235\"  \n        type=\"text\" \n        value=\"\" \n        size=\"30\" \n        maxlength=\"200\" \n    \/><input \n        id=\"apbct_event_id\"\n        class=\"apbct_special_field\"\n        name=\"apbct_event_id\"\n        type=\"hidden\" \n        value=\"48235\" \n            \/><div class=\"fusion-alert alert custom alert-custom fusion-alert-center wpcf7-response-output alert-dismissable\" role=\"alert\" style=\"border-width:1px;\"><div class=\"fusion-alert-content-wrapper\"><span class=\"fusion-alert-content\"><\/span><\/div><button type=\"button\" class=\"close toggle-alert\" data-dismiss=\"alert\" aria-label=\"Close\">&times;<\/button><\/div><\/form><\/div><\/div><style type=\"text\/css\">.fusion-body .fusion-builder-nested-column-2{width:100% !important;margin-top : 0px;margin-bottom : 20px;}.fusion-builder-nested-column-2 > .fusion-column-wrapper {padding-top : 12% !important;padding-right : 12% !important;margin-right : 1.92%;padding-bottom : 15% !important;padding-left : 12% !important;margin-left : 1.92%;}@media only screen and (max-width:1024px) {.fusion-body .fusion-builder-nested-column-2{width:100% !important;}.fusion-builder-nested-column-2 > .fusion-column-wrapper {margin-right : 1.92%;margin-left : 1.92%;}}@media only screen and (min-width:1024px) {.fusion-body .fusion-builder-nested-column-2 .fusion-empty-dims-img-placeholder { display: none; } }@media only screen and (max-width:640px) {.fusion-body .fusion-builder-nested-column-2{width:100% !important;}.fusion-builder-nested-column-2 > .fusion-column-wrapper {margin-right : 1.92%;margin-left : 1.92%;}}<\/style><\/div><\/div><\/div><style type=\"text\/css\">.fusion-body .fusion-builder-column-12{width:25% !important;margin-top : 40px;margin-bottom : 40px;}.fusion-builder-column-12 > .fusion-column-wrapper {padding-top : 0px !important;padding-right : 0px !important;margin-right : 7.68%;padding-bottom : 0px !important;padding-left : 0px !important;margin-left : 7.68%;}@media only screen and (max-width:1024px) {.fusion-body .fusion-builder-column-12{width:25% !important;}.fusion-builder-column-12 > .fusion-column-wrapper {margin-right : 7.68%;margin-left : 7.68%;}}@media only screen and (max-width:640px) {.fusion-body .fusion-builder-column-12{width:100% !important;}.fusion-builder-column-12 > .fusion-column-wrapper {margin-right : 1.92%;margin-left : 1.92%;}}<\/style><\/div><\/div><style type=\"text\/css\">.fusion-body .fusion-flex-container.fusion-builder-row-8{ padding-top : 10px;margin-top : 0px;padding-right : 0px;padding-bottom : 90px;margin-bottom : 0px;padding-left : 0px;}<\/style><\/div><div class=\"fusion-fullwidth fullwidth-box fusion-builder-row-9 fusion-flex-container nonhundred-percent-fullwidth non-hundred-percent-height-scrolling\" style=\"background-color: rgba(255,255,255,0);background-position: center center;background-repeat: no-repeat;border-width: 0px 0px 0px 0px;border-color:#e2e2e2;border-style:solid;\" ><div class=\"fusion-builder-row fusion-row fusion-flex-align-items-flex-start\" style=\"max-width:calc( 1200px + 0px );margin-left: calc(-0px \/ 2 );margin-right: calc(-0px \/ 2 );\"><div class=\"fusion-layout-column fusion_builder_column fusion-builder-column-13 fusion_builder_column_1_1 1_1 fusion-flex-column\"><div class=\"fusion-column-wrapper fusion-flex-justify-content-flex-start fusion-content-layout-column\" style=\"background-position:left top;background-repeat:no-repeat;-webkit-background-size:cover;-moz-background-size:cover;-o-background-size:cover;background-size:cover;padding: 0px 0px 0px 0px;\"><div class=\"fusion-text fusion-text-9\"><h3 class=\"crm-panel-description\"><code><\/code><\/h3>\n<\/div><\/div><style type=\"text\/css\">.fusion-body .fusion-builder-column-13{width:100% !important;margin-top : 0px;margin-bottom : 0px;}.fusion-builder-column-13 > .fusion-column-wrapper {padding-top : 0px !important;padding-right : 0px !important;margin-right : 0px;padding-bottom : 0px !important;padding-left : 0px !important;margin-left : 0px;}@media only screen and (max-width:1024px) {.fusion-body .fusion-builder-column-13{width:100% !important;}.fusion-builder-column-13 > .fusion-column-wrapper {margin-right : 0px;margin-left : 0px;}}@media only screen and (max-width:640px) {.fusion-body .fusion-builder-column-13{width:100% !important;}.fusion-builder-column-13 > .fusion-column-wrapper {margin-right : 0px;margin-left : 0px;}}<\/style><\/div><\/div><style type=\"text\/css\">.fusion-body .fusion-flex-container.fusion-builder-row-9{ padding-top : 0px;margin-top : 0px;padding-right : 0px;padding-bottom : 0px;margin-bottom : 0px;padding-left : 0px;}<\/style><\/div><\/p>","protected":false},"excerpt":{"rendered":"","protected":false},"author":1,"featured_media":0,"parent":0,"menu_order":0,"comment_status":"closed","ping_status":"closed","template":"100-width.php","meta":[],"_links":{"self":[{"href":"https:\/\/www.dev.indo-mim.com\/tr\/wp-json\/wp\/v2\/pages\/2016"}],"collection":[{"href":"https:\/\/www.dev.indo-mim.com\/tr\/wp-json\/wp\/v2\/pages"}],"about":[{"href":"https:\/\/www.dev.indo-mim.com\/tr\/wp-json\/wp\/v2\/types\/page"}],"author":[{"embeddable":true,"href":"https:\/\/www.dev.indo-mim.com\/tr\/wp-json\/wp\/v2\/users\/1"}],"replies":[{"embeddable":true,"href":"https:\/\/www.dev.indo-mim.com\/tr\/wp-json\/wp\/v2\/comments?post=2016"}],"version-history":[{"count":0,"href":"https:\/\/www.dev.indo-mim.com\/tr\/wp-json\/wp\/v2\/pages\/2016\/revisions"}],"wp:attachment":[{"href":"https:\/\/www.dev.indo-mim.com\/tr\/wp-json\/wp\/v2\/media?parent=2016"}],"curies":[{"name":"wp","href":"https:\/\/api.w.org\/{rel}","templated":true}]}}