{"id":2014,"date":"2019-02-03T05:26:34","date_gmt":"2019-02-03T05:26:34","guid":{"rendered":"https:\/\/www.dev.indo-mim.com\/?page_id=2014"},"modified":"2021-03-22T11:53:41","modified_gmt":"2021-03-22T06:23:41","slug":"metal-injection-molding-advantages","status":"publish","type":"page","link":"https:\/\/www.dev.indo-mim.com\/tr\/metal-injection-molding-advantages","title":{"rendered":"MIM\u2019in Avantajlar\u0131"},"content":{"rendered":"<p><div class=\"fusion-fullwidth fullwidth-box fusion-builder-row-8 fusion-flex-container nonhundred-percent-fullwidth non-hundred-percent-height-scrolling\" style=\"background-color: rgba(255,255,255,0);background-position: left top;background-repeat: no-repeat;border-width: 0px 0px 0px 0px;border-color:#e2e2e2;border-style:solid;\" ><div class=\"fusion-builder-row fusion-row fusion-flex-align-items-stretch\" style=\"max-width:calc( 1200px + 0px );margin-left: calc(-0px \/ 2 );margin-right: calc(-0px \/ 2 );\"><div class=\"fusion-layout-column fusion_builder_column fusion-builder-column-11 fusion_builder_column_1_1 1_1 fusion-flex-column\"><div class=\"fusion-column-wrapper fusion-flex-justify-content-flex-start fusion-content-layout-column\" style=\"background-position:left top;background-repeat:no-repeat;-webkit-background-size:cover;-moz-background-size:cover;-o-background-size:cover;background-size:cover;padding: 0px 0px 0px 0px;\"><div class=\"fusion-separator fusion-full-width-sep\" style=\"align-self: center;margin-left: auto;margin-right: auto;margin-top:15px;width:100%;\"><\/div><style type=\"text\/css\">@media only screen and (max-width:1024px) {.fusion-title.fusion-title-6{margin-top:0px!important; margin-right:0px!important;margin-bottom:15px!important;margin-left:0px!important;}}@media only screen and (max-width:640px) {.fusion-title.fusion-title-6{margin-top:0px!important; margin-right:0px!important;margin-bottom:10px!important; margin-left:0px!important;}}<\/style><div class=\"fusion-title title fusion-title-6 fusion-sep-none fusion-title-center fusion-title-text fusion-title-size-one\" style=\"margin-top:0px;margin-right:0px;margin-bottom:15px;margin-left:0px;\"><h1 class=\"title-heading-center\" style=\"margin:0;\"><p>MIM\u2019in Avantajlar\u0131<\/p>\n<p><iframe class=\"ginger-extension-definitionpopup\" style=\"display: none;\" data-mce-fragment=\"1\"><\/iframe><\/p><\/h1><\/div><div class=\"fusion-text fusion-text-8\"><p style=\"font-size: 21px; text-align: left;\">Metal enjeksiyon kal\u0131plama (MIM) tekni\u011fi, k\u00fc\u00e7\u00fck, karma\u015f\u0131k, dar toleransl\u0131 ve y\u00fcksek performans istenen metal par\u00e7alar\u0131 \u00fcretmek i\u00e7in uygulanan bir \u00fcretim tekni\u011fidir. MIM, geleneksel metale \u015fekil verme tekniklerinden olan tala\u015fl\u0131 imalat, hassas d\u00f6k\u00fcm ve toz metalurjisine alternatif, maliyet avantaj\u0131 olan bir \u00fcretim tekni\u011fidir.<\/p>\n<\/div><\/div><style type=\"text\/css\">.fusion-body .fusion-builder-column-11{width:100% !important;margin-top : 0px;margin-bottom : 20px;}.fusion-builder-column-11 > .fusion-column-wrapper {padding-top : 0px !important;padding-right : 0px !important;margin-right : 0px;padding-bottom : 0px !important;padding-left : 0px !important;margin-left : 0px;}@media only screen and (max-width:1024px) {.fusion-body .fusion-builder-column-11{width:100% !important;}.fusion-builder-column-11 > .fusion-column-wrapper {margin-right : 0px;margin-left : 0px;}}@media only screen and (max-width:640px) {.fusion-body .fusion-builder-column-11{width:100% !important;}.fusion-builder-column-11 > .fusion-column-wrapper {margin-right : 0px;margin-left : 0px;}}<\/style><\/div><\/div><style type=\"text\/css\">.fusion-body .fusion-flex-container.fusion-builder-row-8{ padding-top : 10px;margin-top : 0px;padding-right : 0px;padding-bottom : 10px;margin-bottom : 0px;padding-left : 0px;}<\/style><\/div><div class=\"fusion-fullwidth fullwidth-box fusion-builder-row-9 fusion-flex-container nonhundred-percent-fullwidth non-hundred-percent-height-scrolling\" style=\"background-color: rgba(255,255,255,0);background-position: left top;background-repeat: no-repeat;border-width: 0px 0px 0px 0px;border-color:#e2e2e2;border-style:solid;\" ><div class=\"fusion-builder-row fusion-row fusion-flex-align-items-stretch\" style=\"max-width:1248px;margin-left: calc(-4% \/ 2 );margin-right: calc(-4% \/ 2 );\"><div class=\"fusion-layout-column fusion_builder_column fusion-builder-column-12 fusion_builder_column_1_2 1_2 fusion-flex-column\"><div class=\"fusion-column-wrapper fusion-flex-justify-content-center fusion-content-layout-column\" style=\"background-position:left top;background-repeat:no-repeat;-webkit-background-size:cover;-moz-background-size:cover;-o-background-size:cover;background-size:cover;padding: 0px 0px 0px 0px;\"><style type=\"text\/css\">@media only screen and (max-width:1024px) {.fusion-title.fusion-title-7{margin-top:0px!important; margin-right:0px!important;margin-bottom:15px!important;margin-left:0px!important;}}@media only screen and (max-width:640px) {.fusion-title.fusion-title-7{margin-top:0px!important; margin-right:0px!important;margin-bottom:10px!important; margin-left:0px!important;}}<\/style><div class=\"fusion-title title fusion-title-7 fusion-sep-none fusion-title-center fusion-title-text fusion-title-size-two\" style=\"margin-top:0px;margin-right:0px;margin-bottom:15px;margin-left:0px;\"><h2 class=\"title-heading-center\" style=\"margin:0;\"><p>Karma\u015f\u0131kl\u0131k Basitle\u015ftirilmi\u015f<\/p>\n<p><iframe class=\"ginger-extension-definitionpopup\" style=\"display: none;\" data-mce-fragment=\"1\"><\/iframe><\/p><\/h2><\/div><div ><span class=\" fusion-imageframe imageframe-dropshadow imageframe-5 hover-type-none\" style=\"-webkit-box-shadow: 5px 5px 9px rgba(0,0,0,0.3);box-shadow: 5px 5px 9px rgba(0,0,0,0.3);\"><img decoding=\"async\" width=\"800\" height=\"500\" alt=\"MIM Micro\" title=\"Metal Injection Molding Micro Part Image\" src=\"https:\/\/www.dev.indo-mim.com\/wp-content\/uploads\/2019\/02\/MIM-Advantages.jpg\" class=\"img-responsive wp-image-2496\" srcset=\"https:\/\/www.dev.indo-mim.com\/wp-content\/uploads\/2019\/02\/MIM-Advantages-200x125.jpg 200w, https:\/\/www.dev.indo-mim.com\/wp-content\/uploads\/2019\/02\/MIM-Advantages-400x250.jpg 400w, https:\/\/www.dev.indo-mim.com\/wp-content\/uploads\/2019\/02\/MIM-Advantages-600x375.jpg 600w, https:\/\/www.dev.indo-mim.com\/wp-content\/uploads\/2019\/02\/MIM-Advantages.jpg 800w\" sizes=\"(max-width: 640px) 100vw, 600px\" \/><\/span><\/div><\/div><style type=\"text\/css\">.fusion-body .fusion-builder-column-12{width:50% !important;margin-top : 20px;margin-bottom : 20px;}.fusion-builder-column-12 > .fusion-column-wrapper {padding-top : 0px !important;padding-right : 0px !important;margin-right : 8.64%;padding-bottom : 0px !important;padding-left : 0px !important;margin-left : 3.84%;}@media only screen and (max-width:1024px) {.fusion-body .fusion-builder-column-12{width:50% !important;}.fusion-builder-column-12 > .fusion-column-wrapper {margin-right : 8.64%;margin-left : 3.84%;}}@media only screen and (max-width:640px) {.fusion-body .fusion-builder-column-12{width:100% !important;}.fusion-builder-column-12 > .fusion-column-wrapper {margin-right : 1.92%;margin-left : 1.92%;}}<\/style><\/div><div class=\"fusion-layout-column fusion_builder_column fusion-builder-column-13 fusion_builder_column_1_2 1_2 fusion-flex-column\"><div class=\"fusion-column-wrapper fusion-flex-justify-content-flex-start fusion-content-layout-column\" style=\"background-position:left top;background-repeat:no-repeat;-webkit-background-size:cover;-moz-background-size:cover;-o-background-size:cover;background-size:cover;padding: 0px 0px 0px 0px;\"><div class=\"fusion-separator fusion-full-width-sep\" style=\"align-self: center;margin-left: auto;margin-right: auto;margin-top:40px;width:100%;\"><\/div><div class=\"fusion-text fusion-text-9\"><p>MIM, \u015fekil karma\u015f\u0131kl\u0131\u011f\u0131 ve y\u00fcksek malzeme \u00f6zellikleri (y\u00fcksek mukavemet, manyetik ge\u00e7irgenlik ve korrozyon dayan\u0131m\u0131) isteklerini m\u00fckemmel bir \u015fekilde kar\u015f\u0131lar, plastik yada hafif metal ala\u015f\u0131mlar\u0131 taraf\u0131ndan bu istekler kar\u015f\u0131lanamaz. Onun muazzam tek a\u015famada par\u00e7a konsalidasyonu \u00f6zelli\u011fi, kal\u0131p\/tala\u015fl\u0131 imalat tekni\u011fiyle \u00fcretilen par\u00e7alara kar\u015f\u0131 maliyet avantajl\u0131 bir alternatif sunuyor. MIM, geleneksel metal i\u015fleme tekniklerindeki bir\u00e7ok dizayn ve maliyet k\u0131s\u0131tlar\u0131n\u0131n \u00fcstesinden gelebiliyor.<\/p>\n<p>MIM bug\u00fcn, otomotiv, havac\u0131l\u0131k , cep telefonu, di\u015f hekimli\u011fi aletleri, elektronik so\u011futucular, hermetik paketler, elektrik ba\u011flant\u0131 par\u00e7alar\u0131, end\u00fcstriyel tak\u0131mlar, fiber optik ba\u011flant\u0131lar\u0131, ak\u0131\u015fkan sprey sistemleri, hard disk s\u00fcr\u00fcc\u00fcleri, eczac\u0131l\u0131k cihazlar\u0131, elektrikli el aletleri, ameliyat ekipmanlar\u0131 ve spor ekipmanlar\u0131 gibi \u00e7ok geni\u015f bir yelpazedeki end\u00fcstride kritik performans istenen par\u00e7alarda kullan\u0131lmaktad\u0131r.<\/p>\n<\/div><\/div><style type=\"text\/css\">.fusion-body .fusion-builder-column-13{width:50% !important;margin-top : 0px;margin-bottom : 20px;}.fusion-builder-column-13 > .fusion-column-wrapper {padding-top : 0px !important;padding-right : 0px !important;margin-right : 3.84%;padding-bottom : 0px !important;padding-left : 0px !important;margin-left : 8.64%;}@media only screen and (max-width:1024px) {.fusion-body .fusion-builder-column-13{width:50% !important;}.fusion-builder-column-13 > .fusion-column-wrapper {margin-right : 3.84%;margin-left : 8.64%;}}@media only screen and (max-width:640px) {.fusion-body .fusion-builder-column-13{width:100% !important;}.fusion-builder-column-13 > .fusion-column-wrapper {margin-right : 1.92%;margin-left : 1.92%;}}<\/style><\/div><\/div><style type=\"text\/css\">.fusion-body .fusion-flex-container.fusion-builder-row-9{ padding-top : 10px;margin-top : 0px;padding-right : 0px;padding-bottom : 10px;margin-bottom : 0px;padding-left : 0px;}<\/style><\/div><div class=\"fusion-fullwidth fullwidth-box fusion-builder-row-10 fusion-flex-container nonhundred-percent-fullwidth non-hundred-percent-height-scrolling\" style=\"background-color: rgba(255,255,255,0);background-position: left top;background-repeat: no-repeat;border-width: 0px 0px 0px 0px;border-color:#e2e2e2;border-style:solid;\" ><div class=\"fusion-builder-row fusion-row fusion-flex-align-items-stretch\" style=\"max-width:1248px;margin-left: calc(-4% \/ 2 );margin-right: calc(-4% \/ 2 );\"><div class=\"fusion-layout-column fusion_builder_column fusion-builder-column-14 fusion_builder_column_1_2 1_2 fusion-flex-column\"><div class=\"fusion-column-wrapper fusion-flex-justify-content-center fusion-content-layout-column\" style=\"background-position:left top;background-repeat:no-repeat;-webkit-background-size:cover;-moz-background-size:cover;-o-background-size:cover;background-size:cover;padding: 0px 0px 0px 0px;\"><style type=\"text\/css\">@media only screen and (max-width:1024px) {.fusion-title.fusion-title-8{margin-top:0px!important; margin-right:0px!important;margin-bottom:15px!important;margin-left:0px!important;}}@media only screen and (max-width:640px) {.fusion-title.fusion-title-8{margin-top:0px!important; margin-right:0px!important;margin-bottom:10px!important; margin-left:0px!important;}}<\/style><div class=\"fusion-title title fusion-title-8 fusion-sep-none fusion-title-center fusion-title-text fusion-title-size-two\" style=\"margin-top:0px;margin-right:0px;margin-bottom:15px;margin-left:0px;\"><h2 class=\"title-heading-center\" style=\"margin:0;\"><p>MIM Neden En \u0130yi \u00c7\u00f6z\u00fcmd\u00fcr?<\/p>\n<p><iframe class=\"ginger-extension-definitionpopup\" style=\"display: none;\" data-mce-fragment=\"1\"><\/iframe><\/p>\n<p><iframe class=\"ginger-extension-definitionpopup\" style=\"display: none;\" data-mce-fragment=\"1\"><\/iframe><\/p><\/h2><\/div><div class=\"fusion-separator fusion-full-width-sep\" style=\"align-self: center;margin-left: auto;margin-right: auto;margin-top:15px;width:100%;\"><\/div><div ><span class=\" fusion-imageframe imageframe-dropshadow imageframe-6 hover-type-none\" style=\"-webkit-box-shadow: 5px 5px 9px rgba(0,0,0,0.3);box-shadow: 5px 5px 9px rgba(0,0,0,0.3);\"><img decoding=\"async\" width=\"600\" height=\"848\" alt=\"(English) Metal Injection Molded Parts for Defense\" title=\"Metal Injection Molding Advantages\" src=\"https:\/\/www.dev.indo-mim.com\/wp-content\/uploads\/2019\/02\/MIM-advantages-3.jpg\" class=\"img-responsive wp-image-2690\" srcset=\"https:\/\/www.dev.indo-mim.com\/wp-content\/uploads\/2019\/02\/MIM-advantages-3-200x283.jpg 200w, https:\/\/www.dev.indo-mim.com\/wp-content\/uploads\/2019\/02\/MIM-advantages-3-400x565.jpg 400w, https:\/\/www.dev.indo-mim.com\/wp-content\/uploads\/2019\/02\/MIM-advantages-3.jpg 600w\" sizes=\"(max-width: 640px) 100vw, 600px\" \/><\/span><\/div><\/div><style type=\"text\/css\">.fusion-body .fusion-builder-column-14{width:50% !important;margin-top : 20px;margin-bottom : 20px;}.fusion-builder-column-14 > .fusion-column-wrapper {padding-top : 0px !important;padding-right : 0px !important;margin-right : 8.64%;padding-bottom : 0px !important;padding-left : 0px !important;margin-left : 3.84%;}@media only screen and (max-width:1024px) {.fusion-body .fusion-builder-column-14{width:50% !important;}.fusion-builder-column-14 > .fusion-column-wrapper {margin-right : 8.64%;margin-left : 3.84%;}}@media only screen and (max-width:640px) {.fusion-body .fusion-builder-column-14{width:100% !important;}.fusion-builder-column-14 > .fusion-column-wrapper {margin-right : 1.92%;margin-left : 1.92%;}}<\/style><\/div><div class=\"fusion-layout-column fusion_builder_column fusion-builder-column-15 fusion_builder_column_1_2 1_2 fusion-flex-column\"><div class=\"fusion-column-wrapper fusion-flex-justify-content-center fusion-content-layout-column\" style=\"background-position:left top;background-repeat:no-repeat;-webkit-background-size:cover;-moz-background-size:cover;-o-background-size:cover;background-size:cover;padding: 30px 0px 0px 0px;\"><div class=\"fusion-separator fusion-full-width-sep\" style=\"align-self: center;margin-left: auto;margin-right: auto;margin-top:15px;width:100%;\"><\/div><div class=\"fusion-text fusion-text-10\"><p><strong>Maliyet Avantajl\u0131 Dizayn Esnekli\u011fi<\/strong><\/p>\n<ul>\n<li>Di\u011fer \u00fcretim metodlar\u0131n\u0131n maliyet bask\u0131s\u0131n\u0131n m\u00fcsaade etmedi\u011fi, karma\u015f\u0131k \u015fekilli par\u00e7alar\u0131n \u00fcretimlerindeki \u00f6zg\u00fcrl\u00fck.<\/li>\n<li>\u00c7ok k\u00fc\u00e7\u00fck boyutlu, fazla miktardaki par\u00e7an\u0131n seri \u00fcretimini m\u00fcmk\u00fcn k\u0131lar.<\/li>\n<li>K\u00fc\u00e7\u00fck \u00e7apl\u0131 delik, ince cidar ve hassas y\u00fczey detaylar\u0131 bulunan ve hassas d\u00f6k\u00fcmle kar\u015f\u0131lanamayan \u00f6zelliklere sahip par\u00e7alar\u0131n \u00fcretilebilmesi.<\/li>\n<li>\u0130\u00e7 ve d\u0131\u015f di\u015f, profilli delik, \u00e7ok hassas y\u00fczey dokusu, y\u00fczeyde t\u0131rt\u0131k, oyma ve markalama gibi net y\u00fczey i\u015flemeleri sa\u011flanabilir.<\/li>\n<li>Binlerce adet par\u00e7adan milyonlarca adet par\u00e7a say\u0131s\u0131na kadar \u00fcretim, h\u0131zl\u0131 ve verimli bir \u015fekilde yap\u0131labilir.<\/li>\n<\/ul>\n<p><strong>Malzeme \u00c7e\u015fitlili\u011fi ve B\u00fct\u00fcnl\u00fc\u011f\u00fc<\/strong><\/p>\n<ul>\n<li>Ula\u015f\u0131lan y\u00fcksek yo\u011funluk nedeniyle, geleneksel toz metalurjisi ve d\u00f6k\u00fcm teknikleriyle mukayese edildi\u011finde, y\u00fcksek mukavemet, manyetik ve korrozyon dayan\u0131m\u0131 gibi \u00fcst\u00fcn \u00f6zelliklere ula\u015f\u0131l\u0131r.<\/li>\n<li>S\u00fcper ala\u015f\u0131m, tungsten ala\u015f\u0131mlar\u0131 ve titanium gibi \u00e7ok zor i\u015flenen malzemelerden, istenen net \u015fekilde par\u00e7alar\u0131n \u00fcretilmesi.<\/li>\n<li>Homojen bir malzeme \u00f6zelli\u011fi i\u00e7in izotropik ve d\u00fczg\u00fcn bir malzeme mikro yap\u0131s\u0131.<\/li>\n<li>D\u00f6k\u00fcm yada d\u00f6vme metodu i\u00e7in uygun olmayan ala\u015f\u0131mlar\u0131n kullan\u0131labilme imkan\u0131.<\/li>\n<li>Kritik a\u011f\u0131rl\u0131k problemi olan uygulamalarda m\u00fchendislik yo\u011funluklu malzeme temin imkan\u0131.<\/li>\n<\/ul>\n<\/div><\/div><style type=\"text\/css\">.fusion-body .fusion-builder-column-15{width:50% !important;margin-top : 20px;margin-bottom : 20px;}.fusion-builder-column-15 > .fusion-column-wrapper {padding-top : 30px !important;padding-right : 0px !important;margin-right : 3.84%;padding-bottom : 0px !important;padding-left : 0px !important;margin-left : 8.64%;}@media only screen and (max-width:1024px) {.fusion-body .fusion-builder-column-15{width:50% !important;}.fusion-builder-column-15 > .fusion-column-wrapper {margin-right : 3.84%;margin-left : 8.64%;}}@media only screen and (max-width:640px) {.fusion-body .fusion-builder-column-15{width:100% !important;}.fusion-builder-column-15 > .fusion-column-wrapper {margin-right : 1.92%;margin-left : 1.92%;}}<\/style><\/div><\/div><style type=\"text\/css\">.fusion-body .fusion-flex-container.fusion-builder-row-10{ padding-top : 10px;margin-top : 0px;padding-right : 0px;padding-bottom : 10px;margin-bottom : 0px;padding-left : 0px;}<\/style><\/div><\/p>\n<h3 class=\"crm-panel-description\"><code><\/code><\/h3>\n<p><\/p>","protected":false},"excerpt":{"rendered":"","protected":false},"author":1,"featured_media":0,"parent":0,"menu_order":0,"comment_status":"closed","ping_status":"closed","template":"","meta":[],"_links":{"self":[{"href":"https:\/\/www.dev.indo-mim.com\/tr\/wp-json\/wp\/v2\/pages\/2014"}],"collection":[{"href":"https:\/\/www.dev.indo-mim.com\/tr\/wp-json\/wp\/v2\/pages"}],"about":[{"href":"https:\/\/www.dev.indo-mim.com\/tr\/wp-json\/wp\/v2\/types\/page"}],"author":[{"embeddable":true,"href":"https:\/\/www.dev.indo-mim.com\/tr\/wp-json\/wp\/v2\/users\/1"}],"replies":[{"embeddable":true,"href":"https:\/\/www.dev.indo-mim.com\/tr\/wp-json\/wp\/v2\/comments?post=2014"}],"version-history":[{"count":0,"href":"https:\/\/www.dev.indo-mim.com\/tr\/wp-json\/wp\/v2\/pages\/2014\/revisions"}],"wp:attachment":[{"href":"https:\/\/www.dev.indo-mim.com\/tr\/wp-json\/wp\/v2\/media?parent=2014"}],"curies":[{"name":"wp","href":"https:\/\/api.w.org\/{rel}","templated":true}]}}