{"id":2004,"date":"2019-02-03T05:18:22","date_gmt":"2019-02-03T05:18:22","guid":{"rendered":"https:\/\/www.dev.indo-mim.com\/?page_id=2004"},"modified":"2021-07-24T10:07:52","modified_gmt":"2021-07-24T04:37:52","slug":"corporate-vision","status":"publish","type":"page","link":"https:\/\/www.dev.indo-mim.com\/tr\/corporate-vision","title":{"rendered":"Kurumsal Vizyon"},"content":{"rendered":"<p><div class=\"fusion-fullwidth fullwidth-box fusion-builder-row-10 fusion-flex-container nonhundred-percent-fullwidth non-hundred-percent-height-scrolling\" style=\"background-color: rgba(255,255,255,0);background-position: center center;background-repeat: no-repeat;border-width: 0px 0px 0px 0px;border-color:#e2e2e2;border-style:solid;\" ><div class=\"fusion-builder-row fusion-row fusion-flex-align-items-flex-start\" style=\"max-width:calc( 1200px + 0px );margin-left: calc(-0px \/ 2 );margin-right: calc(-0px \/ 2 );\"><div class=\"fusion-layout-column fusion_builder_column fusion-builder-column-13 fusion_builder_column_1_1 1_1 fusion-flex-column\"><div class=\"fusion-column-wrapper fusion-flex-justify-content-flex-start fusion-content-layout-column\" style=\"background-position:left top;background-repeat:no-repeat;-webkit-background-size:cover;-moz-background-size:cover;-o-background-size:cover;background-size:cover;padding: 0px 0px 0px 0px;\"><div class=\"fusion-text fusion-text-7\"><\/div><style type=\"text\/css\">@media only screen and (max-width:1024px) {.fusion-title.fusion-title-3{margin-top:0px!important; margin-right:0px!important;margin-bottom:15px!important;margin-left:0px!important;}}@media only screen and (max-width:640px) {.fusion-title.fusion-title-3{margin-top:0px!important; margin-right:0px!important;margin-bottom:10px!important; margin-left:0px!important;}}<\/style><div class=\"fusion-title title fusion-title-3 fusion-sep-none fusion-title-center fusion-title-text fusion-title-size-two\" style=\"margin-top:0px;margin-right:0px;margin-bottom:15px;margin-left:0px;\"><h2 class=\"title-heading-center\" style=\"margin:0;color:#2d4d8d;\"><h2 style=\"text-align: left;\"><strong>Kurumsal Vizyon<\/strong><\/h2><\/h2><\/div><\/div><style type=\"text\/css\">.fusion-body .fusion-builder-column-13{width:100% !important;margin-top : 0px;margin-bottom : 0px;}.fusion-builder-column-13 > .fusion-column-wrapper {padding-top : 0px !important;padding-right : 0px !important;margin-right : 0px;padding-bottom : 0px !important;padding-left : 0px !important;margin-left : 0px;}@media only screen and (max-width:1024px) {.fusion-body .fusion-builder-column-13{width:100% !important;}.fusion-builder-column-13 > .fusion-column-wrapper {margin-right : 0px;margin-left : 0px;}}@media only screen and (max-width:640px) {.fusion-body .fusion-builder-column-13{width:100% !important;}.fusion-builder-column-13 > .fusion-column-wrapper {margin-right : 0px;margin-left : 0px;}}<\/style><\/div><\/div><style type=\"text\/css\">.fusion-body .fusion-flex-container.fusion-builder-row-10{ padding-top : 0px;margin-top : 0px;padding-right : 0px;padding-bottom : 0px;margin-bottom : 0px;padding-left : 0px;}<\/style><\/div><div class=\"fusion-fullwidth fullwidth-box fusion-builder-row-11 fusion-flex-container nonhundred-percent-fullwidth non-hundred-percent-height-scrolling\" style=\"background-color: rgba(255,255,255,0);background-position: center center;background-repeat: no-repeat;border-width: 0px 0px 0px 0px;border-color:#e2e2e2;border-style:solid;\" ><div class=\"fusion-builder-row fusion-row fusion-flex-align-items-flex-start\" style=\"max-width:calc( 1200px + 0px );margin-left: calc(-0px \/ 2 );margin-right: calc(-0px \/ 2 );\"><div class=\"fusion-layout-column fusion_builder_column fusion-builder-column-14 fusion_builder_column_1_1 1_1 fusion-flex-column\"><div class=\"fusion-column-wrapper fusion-flex-justify-content-flex-start fusion-content-layout-column\" style=\"background-position:left top;background-repeat:no-repeat;-webkit-background-size:cover;-moz-background-size:cover;-o-background-size:cover;background-size:cover;padding: 0px 0px 0px 0px;\"><div class=\"fusion-separator fusion-full-width-sep\" style=\"align-self: center;margin-left: auto;margin-right: auto;margin-top:0px;margin-bottom:0px;width:100%;\"><\/div><\/div><style type=\"text\/css\">.fusion-body .fusion-builder-column-14{width:100% !important;margin-top : 0px;margin-bottom : 20px;}.fusion-builder-column-14 > .fusion-column-wrapper {padding-top : 0px !important;padding-right : 0px !important;margin-right : 0px;padding-bottom : 0px !important;padding-left : 0px !important;margin-left : 0px;}@media only screen and (max-width:1024px) {.fusion-body .fusion-builder-column-14{width:100% !important;}.fusion-builder-column-14 > .fusion-column-wrapper {margin-right : 0px;margin-left : 0px;}}@media only screen and (max-width:640px) {.fusion-body .fusion-builder-column-14{width:100% !important;}.fusion-builder-column-14 > .fusion-column-wrapper {margin-right : 0px;margin-left : 0px;}}<\/style><\/div><div class=\"fusion-layout-column fusion_builder_column fusion-builder-column-15 fusion_builder_column_1_1 1_1 fusion-flex-column fusion-animated\" data-animationType=\"slideInRight\" data-animationDuration=\"0.3\" data-animationOffset=\"top-into-view\"><div class=\"fusion-column-wrapper fusion-flex-justify-content-flex-start fusion-content-layout-column\" style=\"background-position:left top;background-repeat:no-repeat;-webkit-background-size:cover;-moz-background-size:cover;-o-background-size:cover;background-size:cover;padding: 0px 0px 0px 0px;\"><div class=\"fusion-separator fusion-full-width-sep\" style=\"align-self: center;margin-left: auto;margin-right: auto;margin-top:20px;margin-bottom:20px;width:100%;\"><\/div><div style=\"text-align:center;\"><span class=\" fusion-imageframe imageframe-dropshadow imageframe-3 hover-type-zoomin\" style=\"-webkit-box-shadow: 6px 6px 10px rgba(0,0,0,0.3);box-shadow: 6px 6px 10px rgba(0,0,0,0.3);\"><img decoding=\"async\" width=\"800\" height=\"978\" alt=\"VISION_POSTER\" title=\"VISION_POSTER\" src=\"https:\/\/www.dev.indo-mim.com\/wp-content\/uploads\/2019\/02\/VISION_POSTER-800x978.jpg\" class=\"img-responsive wp-image-3182\" srcset=\"https:\/\/www.dev.indo-mim.com\/wp-content\/uploads\/2019\/02\/VISION_POSTER-200x245.jpg 200w, https:\/\/www.dev.indo-mim.com\/wp-content\/uploads\/2019\/02\/VISION_POSTER-400x489.jpg 400w, https:\/\/www.dev.indo-mim.com\/wp-content\/uploads\/2019\/02\/VISION_POSTER-600x734.jpg 600w, https:\/\/www.dev.indo-mim.com\/wp-content\/uploads\/2019\/02\/VISION_POSTER-800x978.jpg 800w, https:\/\/www.dev.indo-mim.com\/wp-content\/uploads\/2019\/02\/VISION_POSTER.jpg 883w\" sizes=\"(max-width: 640px) 100vw, 800px\" \/><\/span><\/div><\/div><style type=\"text\/css\">.fusion-body .fusion-builder-column-15{width:100% !important;margin-top : 0px;margin-bottom : 20px;}.fusion-builder-column-15 > .fusion-column-wrapper {padding-top : 0px !important;padding-right : 0px !important;margin-right : 0px;padding-bottom : 0px !important;padding-left : 0px !important;margin-left : 0px;}@media only screen and (max-width:1024px) {.fusion-body .fusion-builder-column-15{width:100% !important;}.fusion-builder-column-15 > .fusion-column-wrapper {margin-right : 0px;margin-left : 0px;}}@media only screen and (max-width:640px) {.fusion-body .fusion-builder-column-15{width:100% !important;}.fusion-builder-column-15 > .fusion-column-wrapper {margin-right : 0px;margin-left : 0px;}}<\/style><\/div><\/div><style type=\"text\/css\">.fusion-body .fusion-flex-container.fusion-builder-row-11{ padding-top : 0px;margin-top : 0px;padding-right : 0px;padding-bottom : 0px;margin-bottom : 0px;padding-left : 0px;}<\/style><\/div><div class=\"fusion-fullwidth fullwidth-box fusion-builder-row-12 fusion-flex-container nonhundred-percent-fullwidth non-hundred-percent-height-scrolling\" style=\"background-color: rgba(255,255,255,0);background-position: center center;background-repeat: no-repeat;border-width: 0px 0px 0px 0px;border-color:#e2e2e2;border-style:solid;\" ><div class=\"fusion-builder-row fusion-row fusion-flex-align-items-flex-start\" style=\"max-width:calc( 1200px + 0px );margin-left: calc(-0px \/ 2 );margin-right: calc(-0px \/ 2 );\"><div class=\"fusion-layout-column fusion_builder_column fusion-builder-column-16 fusion_builder_column_1_1 1_1 fusion-flex-column\"><div class=\"fusion-column-wrapper fusion-flex-justify-content-flex-start fusion-content-layout-column\" style=\"background-position:left top;background-repeat:no-repeat;-webkit-background-size:cover;-moz-background-size:cover;-o-background-size:cover;background-size:cover;border-radius:10px 10px 10px 10px;background-color:#2f5b9a;border-radius:10px 10px 10px 10px;overflow:hidden;padding: 20px 20px 20px 20px;\"><div class=\"fusion-text fusion-text-8\"><p><span style=\"color: #ffffff;\"><span class=\"fusion-dropcap dropcap dropcap-boxed\" style=\"border-radius:50%;\">H<\/span><\/span><\/p>\n<p><span style=\"color: #ffffff;\"><strong>edefimiz, karma\u015f\u0131k problemlere basit ve yarat\u0131c\u0131 \u00e7\u00f6z\u00fcmler sunarak; m\u00fc\u015fterilerimize, \u00e7al\u0131\u015fanlar\u0131m\u0131za ve ortaklar\u0131m\u0131za de\u011fer katmakt\u0131r.<\/strong><\/span><\/p>\n<p><span style=\"color: #ffffff;\">Bu hedefe ula\u015fmak i\u00e7in, m\u00fc\u015fteri beklentilerini derinlemesine anlayan, en ileri \u00fcretim proseslerini, yetenekli i\u015f g\u00fcc\u00fc ve teknik know how\u2019\u0131 kullanan yarat\u0131c\u0131 enerjik atmosfere sahip olmak zorunday\u0131z. Bu yarat\u0131c\u0131l\u0131\u011f\u0131n sonucu olarak, m\u00fc\u015fterilerimize daha de\u011ferli, y\u00fcksek performansl\u0131, s\u00fcrekli olarak y\u00fcksek karl\u0131l\u0131\u011f\u0131 olan, \u00fcst\u00fcn kaliteye sahip \u00fcr\u00fcnler tedarik ediyoruz. T\u00fcm \u00e7abam\u0131z, m\u00fc\u015fterilerimize, \u00e7al\u0131\u015fanlar\u0131m\u0131za, ortaklar\u0131m\u0131za ve topluma hizmet edebilmek i\u00e7in kendimizi s\u00fcrekli geli\u015ftirme y\u00f6n\u00fcndedir. Biz bunlar\u0131 \u015fu basit kurallarla uyguluyoruz; do\u011fru olan\u0131 yap, m\u00fckemmel bir \u015fekilde yap, ba\u015fkalar\u0131n\u0131n haklar\u0131na sayg\u0131 g\u00f6ster.<\/span><\/p>\n<\/div><\/div><style type=\"text\/css\">.fusion-body .fusion-builder-column-16{width:100% !important;margin-top : 0px;margin-bottom : 20px;}.fusion-builder-column-16 > .fusion-column-wrapper {padding-top : 20 !important;padding-right : 20 !important;margin-right : 0px;padding-bottom : 20 !important;padding-left : 20 !important;margin-left : 0px;}@media only screen and (max-width:1024px) {.fusion-body .fusion-builder-column-16{width:100% !important;}.fusion-builder-column-16 > .fusion-column-wrapper {margin-right : 0px;margin-left : 0px;}}@media only screen and (max-width:640px) {.fusion-body .fusion-builder-column-16{width:100% !important;}.fusion-builder-column-16 > .fusion-column-wrapper {margin-right : 0px;margin-left : 0px;}}<\/style><\/div><div class=\"fusion-layout-column fusion_builder_column fusion-builder-column-17 fusion_builder_column_1_1 1_1 fusion-flex-column\"><div class=\"fusion-column-wrapper fusion-flex-justify-content-flex-start fusion-content-layout-column\" style=\"background-position:left top;background-repeat:no-repeat;-webkit-background-size:cover;-moz-background-size:cover;-o-background-size:cover;background-size:cover;padding: 0px 0px 0px 0px;\"><div class=\"fusion-text fusion-text-9\"><h3 class=\"crm-panel-description\"><code><\/code><\/h3>\n<\/div><\/div><style type=\"text\/css\">.fusion-body .fusion-builder-column-17{width:100% !important;margin-top : 0px;margin-bottom : 0px;}.fusion-builder-column-17 > .fusion-column-wrapper {padding-top : 0px !important;padding-right : 0px !important;margin-right : 0px;padding-bottom : 0px !important;padding-left : 0px !important;margin-left : 0px;}@media only screen and (max-width:1024px) {.fusion-body .fusion-builder-column-17{width:100% !important;}.fusion-builder-column-17 > .fusion-column-wrapper {margin-right : 0px;margin-left : 0px;}}@media only screen and (max-width:640px) {.fusion-body .fusion-builder-column-17{width:100% !important;}.fusion-builder-column-17 > .fusion-column-wrapper {margin-right : 0px;margin-left : 0px;}}<\/style><\/div><\/div><style type=\"text\/css\">.fusion-body .fusion-flex-container.fusion-builder-row-12{ padding-top : 0px;margin-top : 0px;padding-right : 0px;padding-bottom : 0px;margin-bottom : 0px;padding-left : 0px;}<\/style><\/div><\/p>","protected":false},"excerpt":{"rendered":"","protected":false},"author":1,"featured_media":0,"parent":0,"menu_order":0,"comment_status":"closed","ping_status":"closed","template":"100-width.php","meta":[],"_links":{"self":[{"href":"https:\/\/www.dev.indo-mim.com\/tr\/wp-json\/wp\/v2\/pages\/2004"}],"collection":[{"href":"https:\/\/www.dev.indo-mim.com\/tr\/wp-json\/wp\/v2\/pages"}],"about":[{"href":"https:\/\/www.dev.indo-mim.com\/tr\/wp-json\/wp\/v2\/types\/page"}],"author":[{"embeddable":true,"href":"https:\/\/www.dev.indo-mim.com\/tr\/wp-json\/wp\/v2\/users\/1"}],"replies":[{"embeddable":true,"href":"https:\/\/www.dev.indo-mim.com\/tr\/wp-json\/wp\/v2\/comments?post=2004"}],"version-history":[{"count":0,"href":"https:\/\/www.dev.indo-mim.com\/tr\/wp-json\/wp\/v2\/pages\/2004\/revisions"}],"wp:attachment":[{"href":"https:\/\/www.dev.indo-mim.com\/tr\/wp-json\/wp\/v2\/media?parent=2004"}],"curies":[{"name":"wp","href":"https:\/\/api.w.org\/{rel}","templated":true}]}}