{"id":2043,"date":"2019-02-03T05:32:27","date_gmt":"2019-02-03T05:32:27","guid":{"rendered":"https:\/\/www.dev.indo-mim.com\/?page_id=2043"},"modified":"2022-09-27T10:36:11","modified_gmt":"2022-09-27T05:06:11","slug":"industrial","status":"publish","type":"page","link":"https:\/\/www.dev.indo-mim.com\/pt\/industrial","title":{"rendered":"Industrial"},"content":{"rendered":"<p><div class=\"fusion-fullwidth fullwidth-box fusion-builder-row-15 fusion-flex-container nonhundred-percent-fullwidth non-hundred-percent-height-scrolling\" style=\"background-color: rgba(255,255,255,0);background-position: center center;background-repeat: no-repeat;border-width: 0px 0px 0px 0px;border-color:#e2e2e2;border-style:solid;\" ><div class=\"fusion-builder-row fusion-row fusion-flex-align-items-flex-start\" style=\"max-width:calc( 1200px + 0px );margin-left: calc(-0px \/ 2 );margin-right: calc(-0px \/ 2 );\"><div class=\"fusion-layout-column fusion_builder_column fusion-builder-column-17 fusion_builder_column_1_1 1_1 fusion-flex-column\"><div class=\"fusion-column-wrapper fusion-flex-justify-content-flex-start fusion-content-layout-column\" style=\"background-position:left top;background-repeat:no-repeat;-webkit-background-size:cover;-moz-background-size:cover;-o-background-size:cover;background-size:cover;padding: 0px 0px 0px 0px;\"><div class=\"fusion-text fusion-text-26\"><h2><strong>Produtos projetados para aplica\u00e7\u00f5es industriais<\/strong><\/h2>\n<hr \/>\n<\/div><\/div><style type=\"text\/css\">.fusion-body .fusion-builder-column-17{width:100% !important;margin-top : 0px;margin-bottom : 20px;}.fusion-builder-column-17 > .fusion-column-wrapper {padding-top : 0px !important;padding-right : 0px !important;margin-right : 0px;padding-bottom : 0px !important;padding-left : 0px !important;margin-left : 0px;}@media only screen and (max-width:1024px) {.fusion-body .fusion-builder-column-17{width:100% !important;}.fusion-builder-column-17 > .fusion-column-wrapper {margin-right : 0px;margin-left : 0px;}}@media only screen and (max-width:640px) {.fusion-body .fusion-builder-column-17{width:100% !important;}.fusion-builder-column-17 > .fusion-column-wrapper {margin-right : 0px;margin-left : 0px;}}<\/style><\/div><\/div><style type=\"text\/css\">.fusion-body .fusion-flex-container.fusion-builder-row-15{ padding-top : 0px;margin-top : 0px;padding-right : 0px;padding-bottom : 0px;margin-bottom : 0px;padding-left : 0px;}<\/style><\/div><div class=\"fusion-fullwidth fullwidth-box fusion-builder-row-16 fusion-flex-container nonhundred-percent-fullwidth non-hundred-percent-height-scrolling\" style=\"background-color: rgba(255,255,255,0);background-position: center center;background-repeat: no-repeat;border-width: 0px 0px 0px 0px;border-color:#e2e2e2;border-style:solid;\" ><div class=\"fusion-builder-row fusion-row fusion-flex-align-items-stretch\" style=\"max-width:1248px;margin-left: calc(-4% \/ 2 );margin-right: calc(-4% \/ 2 );\"><div class=\"fusion-layout-column fusion_builder_column fusion-builder-column-18 fusion_builder_column_1_2 1_2 fusion-flex-column\"><div class=\"fusion-column-wrapper fusion-flex-justify-content-center fusion-content-layout-column\" style=\"background-position:left top;background-repeat:no-repeat;-webkit-background-size:cover;-moz-background-size:cover;-o-background-size:cover;background-size:cover;padding: 0px 0px 0px 0px;\"><div class=\"fusion-text fusion-text-27\"><p>A Indo-MIM \u00e9 um fornecedor global l\u00edder e confi\u00e1vel de produtos usados em uma ampla gama de aplica\u00e7\u00f5es industriais. De pe\u00e7as estruturais de alta resist\u00eancia a min\u00fasculos conectores de fibra \u00f3tica, os componentes industriais exigem alto desempenho e alta confiabilidade a um custo competitivo e o Indo-MIM est\u00e1 aqui para enfrentar esse desafio. Nossas instala\u00e7\u00f5es amplas e nossa equipe de fabrica\u00e7\u00e3o de classe mundial podem gerenciar com capacidade qualquer tamanho de projeto   para as aplica\u00e7\u00f5es mais desafiadoras.<\/p>\n<\/div><\/div><style type=\"text\/css\">.fusion-body .fusion-builder-column-18{width:50% !important;margin-top : 0px;margin-bottom : 60px;}.fusion-builder-column-18 > .fusion-column-wrapper {padding-top : 0px !important;padding-right : 0px !important;margin-right : 3.84%;padding-bottom : 0px !important;padding-left : 0px !important;margin-left : 3.84%;}@media only screen and (max-width:1024px) {.fusion-body .fusion-builder-column-18{width:50% !important;}.fusion-builder-column-18 > .fusion-column-wrapper {margin-right : 3.84%;margin-left : 3.84%;}}@media only screen and (max-width:640px) {.fusion-body .fusion-builder-column-18{width:100% !important;}.fusion-builder-column-18 > .fusion-column-wrapper {margin-right : 1.92%;margin-left : 1.92%;}}<\/style><\/div><div class=\"fusion-layout-column fusion_builder_column fusion-builder-column-19 fusion_builder_column_1_2 1_2 fusion-flex-column\"><div class=\"fusion-column-wrapper fusion-flex-justify-content-center fusion-content-layout-column\" style=\"background-position:left top;background-repeat:no-repeat;-webkit-background-size:cover;-moz-background-size:cover;-o-background-size:cover;background-size:cover;padding: 0px 0px 0px 8%;\"><div ><span class=\" fusion-imageframe imageframe-dropshadow imageframe-4 hover-type-zoomin\" style=\"-webkit-box-shadow: 5px 5px 9px rgba(0,0,0,0.3);box-shadow: 5px 5px 9px rgba(0,0,0,0.3);\"><img decoding=\"async\" width=\"600\" height=\"300\" alt=\"(English) Metal parts manufacturer for industries\" title=\"industrial-Components-grp\" src=\"https:\/\/www.dev.indo-mim.com\/wp-content\/uploads\/2019\/02\/industrial-Components-grp.jpg\" class=\"img-responsive wp-image-2776\" srcset=\"https:\/\/www.dev.indo-mim.com\/wp-content\/uploads\/2019\/02\/industrial-Components-grp-200x100.jpg 200w, https:\/\/www.dev.indo-mim.com\/wp-content\/uploads\/2019\/02\/industrial-Components-grp-400x200.jpg 400w, https:\/\/www.dev.indo-mim.com\/wp-content\/uploads\/2019\/02\/industrial-Components-grp.jpg 600w\" sizes=\"(max-width: 640px) 100vw, 600px\" \/><\/span><\/div><\/div><style type=\"text\/css\">.fusion-body .fusion-builder-column-19{width:50% !important;margin-top : 0px;margin-bottom : 20px;}.fusion-builder-column-19 > .fusion-column-wrapper {padding-top : 0px !important;padding-right : 0px !important;margin-right : 3.84%;padding-bottom : 0px !important;padding-left : 8% !important;margin-left : 3.84%;}@media only screen and (max-width:1024px) {.fusion-body .fusion-builder-column-19{width:50% !important;}.fusion-builder-column-19 > .fusion-column-wrapper {margin-right : 3.84%;margin-left : 3.84%;}}@media only screen and (max-width:640px) {.fusion-body .fusion-builder-column-19{width:100% !important;}.fusion-builder-column-19 > .fusion-column-wrapper {margin-right : 1.92%;margin-left : 1.92%;}}<\/style><\/div><\/div><style type=\"text\/css\">.fusion-body .fusion-flex-container.fusion-builder-row-16{ padding-top : 20px;margin-top : 0px;padding-right : 0px;padding-bottom : 10px;margin-bottom : 0px;padding-left : 0px;}<\/style><\/div><div class=\"fusion-fullwidth fullwidth-box fusion-builder-row-17 fusion-flex-container nonhundred-percent-fullwidth non-hundred-percent-height-scrolling\" style=\"background-color: rgba(248,248,248,0);background-position: center center;background-repeat: no-repeat;border-width: 0px 0px 0px 0px;border-color:#e2e2e2;border-style:solid;\" ><div class=\"fusion-builder-row fusion-row fusion-flex-align-items-stretch\" style=\"max-width:calc( 1200px + 0px );margin-left: calc(-0px \/ 2 );margin-right: calc(-0px \/ 2 );\"><div class=\"fusion-layout-column fusion_builder_column fusion-builder-column-20 fusion_builder_column_1_1 1_1 fusion-flex-column\"><div class=\"fusion-column-wrapper fusion-flex-justify-content-center fusion-content-layout-column\" style=\"background-position:left top;background-repeat:no-repeat;-webkit-background-size:cover;-moz-background-size:cover;-o-background-size:cover;background-size:cover;padding: 0px 0px 0px 0px;\"><div class=\"fusion-text fusion-text-28\"><p><strong>Parceria para o sucesso<\/strong><\/p>\n<p>A Indo-MIM estabelece parcerias s\u00f3lidas com nossos clientes para que possamos fornecer o m\u00e1ximo valor ao longo da vida de um programa. Planejamos meticulosamente um projeto com um time seleto, dedicado ao programa, do come\u00e7o ao fim. Nosso processo APQP est\u00e1 entre os melhores do mercado. Ele garante que temos recursos adequados para levar o projeto no prazo, com um lan\u00e7amento tranquilo.<\/p>\n<p><strong>Projetado para o valor m\u00e1ximo<\/strong><\/p>\n<p>A tecnologia MIM oferece a capacidade exclusiva de produzir componentes altamente complexos que n\u00e3o poderiam ser economicamente vi\u00e1veis por nenhum outro processo. O Indo-MIM trabalha em estreita colabora\u00e7\u00e3o com voc\u00ea nos requisitos de design, materiais e acabamento para extrair o valor m\u00e1ximo do processo MIM. Nossas amplas capacidades internas de usinagem, tratamento t\u00e9rmico e acabamento de superf\u00edcie fornecem uma maneira de gerenciar o custo total do programa.<\/p>\n<p><strong>Demandas de produ\u00e7\u00e3o adapt\u00e1veis<\/strong><\/p>\n<p>A ampla gama de aplica\u00e7\u00f5es para produtos industriais exige um fornecedor capaz de atender aos requisitos de fabrica\u00e7\u00e3o de lotes pequenos e grandes. A Indo-MIM desenvolveu conceitos inovadores de ferramentas que reduzem o limite de custo para necessidades de programas de baixo volume, tornando o MIM uma op\u00e7\u00e3o acess\u00edvel. Nossa capacidade ferramental r\u00e1pida e econ\u00f4mica, juntamente com nossas grandes instala\u00e7\u00f5es de fabrica\u00e7\u00e3o, permitem gerenciar os maiores requisitos de produ\u00e7\u00e3o.<\/p>\n<p><strong>Materiais para diversas aplica\u00e7\u00f5es<\/strong><\/p>\n<p>A Indo-MIM oferece diversas op\u00e7\u00f5es de materiais que permitem que nossos clientes obtenham alto desempenho em seus produtos. Al\u00e9m de uma vasta gama de solu\u00e7\u00f5es materiais prontas para uso em aplica\u00e7\u00f5es de resist\u00eancia ao calor, desgaste e corros\u00e3o, a Indo-MIM mant\u00e9m um laborat\u00f3rio de materiais de qualidade internacional para desenvolver uma solu\u00e7\u00e3o personalizada para seus produtos mais exigentes.<\/p>\n<p><strong>Fornecendo uma solu\u00e7\u00e3o total<\/strong><\/p>\n<p>O Indo-MIM continua investindo n\u00e3o apenas na mais recente tecnologia MIM, mas tamb\u00e9m nos recursos mais avan\u00e7ados em usinagem de acabamento, tratamento t\u00e9rmico e revestimento de superf\u00edcie de desempenho. Acreditamos que o trabalho n\u00e3o est\u00e1 completo at\u00e9 que voc\u00ea receba uma solu\u00e7\u00e3o \u00e0 sua porta.<\/p>\n<\/div><div class=\"fusion-separator fusion-full-width-sep\" style=\"align-self: center;margin-left: auto;margin-right: auto;margin-top:7px;width:100%;\"><\/div><div class=\"fusion-text fusion-text-29\"><h3 style=\"text-align: left;\">Solu\u00e7\u00f5es de produtos industriais MIM:<\/h3>\n<ul>\n<li><strong>Ferragens para portas:<\/strong> caixas de bloqueio e travamento, cilindros, portadores, pinos<\/li>\n<li><strong>Ferramentas manuais e el\u00e9tricas:<\/strong> Al\u00e7as, bits, mandris sem chave, l\u00e2minas bra\u00e7adeiras, linguetas, mecanismos de catraca<\/li>\n<li><strong>Eletr\u00f4nicos:<\/strong> Caixas de sensor, fibra \u00f3ptica conectores, pacotes de microondas, dissipadores de calor<\/li>\n<li><strong>Hidr\u00e1ulica:<\/strong> Carret\u00e9is de valor, caixas, lavat\u00f3rios acess\u00f3rios,<\/li>\n<li><strong>Fixadores e sistema hidr\u00e1ulico:<\/strong> Bobinas de v\u00e1lvulas, equipamentos para torneira<\/li>\n<li><strong>Seguran\u00e7a:<\/strong> Mecanismos de prote\u00e7\u00e3o contra quedas<\/li>\n<li><strong>\u00d3leo e G\u00e1s:<\/strong> Componentes de v\u00e1lvulas para altas<\/li>\n<\/ul>\n<\/div><div class=\"fusion-text fusion-text-30\"><h3><strong>Recursos de produtos industriais da INDO-MIM<\/strong><\/h3>\n<ul>\n<li>Assist\u00eancia no projeto e na sele\u00e7\u00e3o de materiais<\/li>\n<li>Servi\u00e7os de projeto industrial<\/li>\n<li>Desenvolvimento de prot\u00f3tipos e produ\u00e7\u00e3o de baixo volume<\/li>\n<li>Produ\u00e7\u00e3o de MIM de alto volume<\/li>\n<li>Micromoldagem<\/li>\n<li>Fabrica\u00e7\u00e3o e inspe\u00e7\u00e3o automatizadas<\/li>\n<li>Usinagem CNC e ret\u00edfica de precis\u00e3o<\/li>\n<li>Tratamento t\u00e9rmico, metaliza\u00e7\u00e3o e revestimentos<\/li>\n<li>Moldagem de insertos de pl\u00e1stico<\/li>\n<li>Montagem e integra\u00e7\u00e3o<\/li>\n<\/ul>\n<\/div><\/div><style type=\"text\/css\">.fusion-body .fusion-builder-column-20{width:100% !important;margin-top : 0px;margin-bottom : 20px;}.fusion-builder-column-20 > .fusion-column-wrapper {padding-top : 0px !important;padding-right : 0px !important;margin-right : 0px;padding-bottom : 0px !important;padding-left : 0px !important;margin-left : 0px;}@media only screen and (max-width:1024px) {.fusion-body .fusion-builder-column-20{width:100% !important;}.fusion-builder-column-20 > .fusion-column-wrapper {margin-right : 0px;margin-left : 0px;}}@media only screen and (max-width:640px) {.fusion-body .fusion-builder-column-20{width:100% !important;}.fusion-builder-column-20 > .fusion-column-wrapper {margin-right : 0px;margin-left : 0px;}}<\/style><\/div><\/div><style type=\"text\/css\">.fusion-body .fusion-flex-container.fusion-builder-row-17{ padding-top : 0px;margin-top : 0px;padding-right : 0px;padding-bottom : 20px;margin-bottom : 0px;padding-left : 0px;}<\/style><\/div><div class=\"fusion-fullwidth fullwidth-box fusion-builder-row-18 fusion-flex-container fusion-parallax-none nonhundred-percent-fullwidth non-hundred-percent-height-scrolling\" style=\"background-color: rgba(255,255,255,0);background-image: url(&quot;https:\/\/avada.theme-fusion.com\/science\/wp-content\/uploads\/sites\/79\/2016\/11\/CTA_background.jpg&quot;);background-position: center center;background-repeat: no-repeat;border-width: 0px 0px 0px 0px;border-color:#e2e2e2;border-style:solid;-webkit-background-size:cover;-moz-background-size:cover;-o-background-size:cover;background-size:cover;\" ><div class=\"fusion-builder-row fusion-row fusion-flex-align-items-flex-start\" style=\"max-width:1248px;margin-left: calc(-4% \/ 2 );margin-right: calc(-4% \/ 2 );\"><div class=\"fusion-layout-column fusion_builder_column fusion-builder-column-21 fusion_builder_column_1_6 1_6 fusion-flex-column fusion-animated\" data-animationType=\"fadeInUp\" data-animationDuration=\"0.5\" data-animationOffset=\"top-into-view\"><div class=\"fusion-column-wrapper fusion-flex-justify-content-flex-start fusion-content-layout-column\" style=\"background-position:left top;background-repeat:no-repeat;-webkit-background-size:cover;-moz-background-size:cover;-o-background-size:cover;background-size:cover;padding: 0px 0px 0px 0px;\"><\/div><style type=\"text\/css\">.fusion-body .fusion-builder-column-21{width:16.666666666667% !important;margin-top : 0px;margin-bottom : 20px;}.fusion-builder-column-21 > .fusion-column-wrapper {padding-top : 0px !important;padding-right : 0px !important;margin-right : 11.52%;padding-bottom : 0px !important;padding-left : 0px !important;margin-left : 11.52%;}@media only screen and (max-width:1024px) {.fusion-body .fusion-builder-column-21{width:16.666666666667% !important;}.fusion-builder-column-21 > .fusion-column-wrapper {margin-right : 11.52%;margin-left : 11.52%;}}@media only screen and (max-width:640px) {.fusion-body .fusion-builder-column-21{width:100% !important;}.fusion-builder-column-21 > .fusion-column-wrapper {margin-right : 1.92%;margin-left : 1.92%;}}<\/style><\/div><div class=\"fusion-layout-column fusion_builder_column fusion-builder-column-22 fusion_builder_column_2_3 2_3 fusion-flex-column fusion-animated\" data-animationType=\"fadeInUp\" data-animationDuration=\"0.5\" data-animationOffset=\"top-into-view\"><div class=\"fusion-column-wrapper fusion-flex-justify-content-flex-start fusion-content-layout-column\" style=\"background-position:left top;background-repeat:no-repeat;-webkit-background-size:cover;-moz-background-size:cover;-o-background-size:cover;background-size:cover;padding: 0px 0px 0px 0px;\"><div class=\"fusion-text fusion-text-31\"><h2 style=\"text-align: center; color: #fff; font-size: 60px;\">Inova\u00e7\u00e3o com a<\/h2>\n<h2 style=\"text-align: center; color: #fff; font-size: 60px;\">INDO-MIM<\/h2>\n<\/div><div class=\"fusion-separator fusion-full-width-sep\" style=\"align-self: center;margin-left: auto;margin-right: auto;margin-top:20px;width:100%;\"><\/div><div class=\"fusion-text fusion-text-32\"><p style=\"text-align: center; color: #fff; font-size: 25px; line-height: 48px;\">Somos um fabricante MIM multidisciplinar, comprometido com a descoberta focada e eficiente de pe\u00e7as MIM<\/p>\n<\/div><div class=\"fusion-separator fusion-full-width-sep\" style=\"align-self: center;margin-left: auto;margin-right: auto;margin-top:20px;width:100%;\"><\/div><div style=\"text-align:center;\"><style>.fusion-body .fusion-button.button-4{border-color:#ffffff;border-width:1px 1px 1px 1px;border-radius:4px 4px 4px 4px;background:rgba(76,81,102,0);}.fusion-body .fusion-button.button-4 .fusion-button-text,.fusion-body .fusion-button.button-4 i,.fusion-body .fusion-button.button-4:hover .fusion-button-text,.fusion-body .fusion-button.button-4:hover i,.fusion-body .fusion-button.button-4:focus .fusion-button-text,.fusion-body .fusion-button.button-4:focus i,.fusion-body .fusion-button.button-4:active .fusion-button-text,.fusion-body .fusion-button.button-4:active i{color:#ffffff;}.fusion-body .fusion-button.button-4:hover,.fusion-body .fusion-button.button-4:active,.fusion-body .fusion-button.button-4:focus{border-color:#ffffff;border-width:1px 1px 1px 1px;background:#f78025;}<\/style><a class=\"fusion-button button-flat button-xlarge button-custom button-4 fusion-button-default-span fusion-button-default-type\" target=\"_self\" href=\"https:\/\/www.dev.indo-mim.com\/pt\/contact-mim\/\"><span class=\"fusion-button-text\">Contate-Nos<\/span><\/a><\/div><\/div><style type=\"text\/css\">.fusion-body .fusion-builder-column-22{width:66.666666666667% !important;margin-top : 0px;margin-bottom : 20px;}.fusion-builder-column-22 > .fusion-column-wrapper {padding-top : 0px !important;padding-right : 0px !important;margin-right : 2.88%;padding-bottom : 0px !important;padding-left : 0px !important;margin-left : 2.88%;}@media only screen and (max-width:1024px) {.fusion-body .fusion-builder-column-22{width:66.666666666667% !important;}.fusion-builder-column-22 > .fusion-column-wrapper {margin-right : 2.88%;margin-left : 2.88%;}}@media only screen and (max-width:640px) {.fusion-body .fusion-builder-column-22{width:100% !important;}.fusion-builder-column-22 > .fusion-column-wrapper {margin-right : 1.92%;margin-left : 1.92%;}}<\/style><\/div><div class=\"fusion-layout-column fusion_builder_column fusion-builder-column-23 fusion_builder_column_1_6 1_6 fusion-flex-column fusion-animated\" data-animationType=\"fadeInUp\" data-animationDuration=\"0.5\" data-animationOffset=\"top-into-view\"><div class=\"fusion-column-wrapper fusion-flex-justify-content-flex-start fusion-content-layout-column\" style=\"background-position:left top;background-repeat:no-repeat;-webkit-background-size:cover;-moz-background-size:cover;-o-background-size:cover;background-size:cover;padding: 0px 0px 0px 0px;\"><\/div><style type=\"text\/css\">.fusion-body .fusion-builder-column-23{width:16.666666666667% !important;margin-top : 0px;margin-bottom : 20px;}.fusion-builder-column-23 > .fusion-column-wrapper {padding-top : 0px !important;padding-right : 0px !important;margin-right : 11.52%;padding-bottom : 0px !important;padding-left : 0px !important;margin-left : 11.52%;}@media only screen and (max-width:1024px) {.fusion-body .fusion-builder-column-23{width:16.666666666667% !important;}.fusion-builder-column-23 > .fusion-column-wrapper {margin-right : 11.52%;margin-left : 11.52%;}}@media only screen and (max-width:640px) {.fusion-body .fusion-builder-column-23{width:100% !important;}.fusion-builder-column-23 > .fusion-column-wrapper {margin-right : 1.92%;margin-left : 1.92%;}}<\/style><\/div><\/div><style type=\"text\/css\">.fusion-body .fusion-flex-container.fusion-builder-row-18{ padding-top : 200px;margin-top : 0px;padding-right : 0px;padding-bottom : 200px;margin-bottom : 0px;padding-left : 0px;}<\/style><\/div><div class=\"fusion-fullwidth fullwidth-box fusion-builder-row-19 fusion-flex-container nonhundred-percent-fullwidth non-hundred-percent-height-scrolling\" style=\"background-color: rgba(255,255,255,0);background-position: center center;background-repeat: no-repeat;border-width: 0px 0px 0px 0px;border-color:#e2e2e2;border-style:solid;\" ><div class=\"fusion-builder-row fusion-row fusion-flex-align-items-flex-start\" style=\"max-width:calc( 1200px + 0px );margin-left: calc(-0px \/ 2 );margin-right: calc(-0px \/ 2 );\"><div class=\"fusion-layout-column fusion_builder_column fusion-builder-column-24 fusion_builder_column_1_1 1_1 fusion-flex-column\"><div class=\"fusion-column-wrapper fusion-flex-justify-content-flex-start fusion-content-layout-column\" style=\"background-position:left top;background-repeat:no-repeat;-webkit-background-size:cover;-moz-background-size:cover;-o-background-size:cover;background-size:cover;padding: 0px 0px 0px 0px;\"><div class=\"fusion-text fusion-text-33\"><h3 class=\"crm-panel-description\"><code><\/code><\/h3>\n<\/div><\/div><style type=\"text\/css\">.fusion-body .fusion-builder-column-24{width:100% !important;margin-top : 0px;margin-bottom : 0px;}.fusion-builder-column-24 > .fusion-column-wrapper {padding-top : 0px !important;padding-right : 0px !important;margin-right : 0px;padding-bottom : 0px !important;padding-left : 0px !important;margin-left : 0px;}@media only screen and (max-width:1024px) {.fusion-body .fusion-builder-column-24{width:100% !important;}.fusion-builder-column-24 > .fusion-column-wrapper {margin-right : 0px;margin-left : 0px;}}@media only screen and (max-width:640px) {.fusion-body .fusion-builder-column-24{width:100% !important;}.fusion-builder-column-24 > .fusion-column-wrapper {margin-right : 0px;margin-left : 0px;}}<\/style><\/div><\/div><style type=\"text\/css\">.fusion-body .fusion-flex-container.fusion-builder-row-19{ padding-top : 0px;margin-top : 0px;padding-right : 0px;padding-bottom : 0px;margin-bottom : 0px;padding-left : 0px;}<\/style><\/div><\/p>","protected":false},"excerpt":{"rendered":"","protected":false},"author":1,"featured_media":0,"parent":0,"menu_order":0,"comment_status":"closed","ping_status":"closed","template":"100-width.php","meta":[],"_links":{"self":[{"href":"https:\/\/www.dev.indo-mim.com\/pt\/wp-json\/wp\/v2\/pages\/2043"}],"collection":[{"href":"https:\/\/www.dev.indo-mim.com\/pt\/wp-json\/wp\/v2\/pages"}],"about":[{"href":"https:\/\/www.dev.indo-mim.com\/pt\/wp-json\/wp\/v2\/types\/page"}],"author":[{"embeddable":true,"href":"https:\/\/www.dev.indo-mim.com\/pt\/wp-json\/wp\/v2\/users\/1"}],"replies":[{"embeddable":true,"href":"https:\/\/www.dev.indo-mim.com\/pt\/wp-json\/wp\/v2\/comments?post=2043"}],"version-history":[{"count":0,"href":"https:\/\/www.dev.indo-mim.com\/pt\/wp-json\/wp\/v2\/pages\/2043\/revisions"}],"wp:attachment":[{"href":"https:\/\/www.dev.indo-mim.com\/pt\/wp-json\/wp\/v2\/media?parent=2043"}],"curies":[{"name":"wp","href":"https:\/\/api.w.org\/{rel}","templated":true}]}}