{"id":2040,"date":"2019-02-03T05:32:17","date_gmt":"2019-02-03T05:32:17","guid":{"rendered":"https:\/\/www.dev.indo-mim.com\/?page_id=2040"},"modified":"2022-09-27T10:44:04","modified_gmt":"2022-09-27T05:14:04","slug":"mim-consumer","status":"publish","type":"page","link":"https:\/\/www.dev.indo-mim.com\/pt\/mim-consumer","title":{"rendered":"Produtos de consumo"},"content":{"rendered":"<p><div class=\"fusion-fullwidth fullwidth-box fusion-builder-row-17 fusion-flex-container nonhundred-percent-fullwidth non-hundred-percent-height-scrolling\" style=\"background-color: rgba(255,255,255,0);background-position: center center;background-repeat: no-repeat;border-width: 0px 0px 0px 0px;border-color:#e2e2e2;border-style:solid;\" ><div class=\"fusion-builder-row fusion-row fusion-flex-align-items-flex-start\" style=\"max-width:1248px;margin-left: calc(-4% \/ 2 );margin-right: calc(-4% \/ 2 );\"><div class=\"fusion-layout-column fusion_builder_column fusion-builder-column-19 fusion_builder_column_1_1 1_1 fusion-flex-column\"><div class=\"fusion-column-wrapper fusion-flex-justify-content-flex-start fusion-content-layout-column\" style=\"background-position:left top;background-repeat:no-repeat;-webkit-background-size:cover;-moz-background-size:cover;-o-background-size:cover;background-size:cover;padding: 0px 0px 0px 0px;\"><div class=\"fusion-text fusion-text-24\"><h2 style=\"text-align: left;\">Custom Metal Injection Molding Solutions for Consumer Product Applications<\/h2>\n<hr \/>\n<\/div><\/div><style type=\"text\/css\">.fusion-body .fusion-builder-column-19{width:100% !important;margin-top : 0px;margin-bottom : 20px;}.fusion-builder-column-19 > .fusion-column-wrapper {padding-top : 0px !important;padding-right : 0px !important;margin-right : 1.92%;padding-bottom : 0px !important;padding-left : 0px !important;margin-left : 1.92%;}@media only screen and (max-width:1024px) {.fusion-body .fusion-builder-column-19{width:100% !important;}.fusion-builder-column-19 > .fusion-column-wrapper {margin-right : 1.92%;margin-left : 1.92%;}}@media only screen and (max-width:640px) {.fusion-body .fusion-builder-column-19{width:100% !important;}.fusion-builder-column-19 > .fusion-column-wrapper {margin-right : 1.92%;margin-left : 1.92%;}}<\/style><\/div><\/div><style type=\"text\/css\">.fusion-body .fusion-flex-container.fusion-builder-row-17{ padding-top : 0px;margin-top : 0px;padding-right : 0px;padding-bottom : 0px;margin-bottom : 0px;padding-left : 0px;}<\/style><\/div><div class=\"fusion-fullwidth fullwidth-box fusion-builder-row-18 fusion-flex-container nonhundred-percent-fullwidth non-hundred-percent-height-scrolling\" style=\"background-color: rgba(255,255,255,0.3);background-position: center center;background-repeat: no-repeat;border-width: 0px 0px 0px 0px;border-color:#e2e2e2;border-style:solid;\" ><div class=\"fusion-builder-row fusion-row fusion-flex-align-items-stretch\" style=\"max-width:1248px;margin-left: calc(-4% \/ 2 );margin-right: calc(-4% \/ 2 );\"><div class=\"fusion-layout-column fusion_builder_column fusion-builder-column-20 fusion_builder_column_2_3 2_3 fusion-flex-column fusion-no-small-visibility\"><div class=\"fusion-column-wrapper fusion-flex-justify-content-center fusion-content-layout-column\" style=\"background-position:left top;background-repeat:no-repeat;-webkit-background-size:cover;-moz-background-size:cover;-o-background-size:cover;background-size:cover;background-color:#2f5b9a;padding: 0px 0px 0px 8%;\"><div class=\"fusion-text fusion-text-25\" style=\"color:#ffffff;\"><p style=\"text-align: left;\"><strong><span class=\"fusion-dropcap dropcap\">C<\/span>onsumer products demand creatively engineered designs married with high strength materials wrapped in attractive finishes. Indo-MIM satisfies this need with the unbeatable design and materials flexibility of Metal Injection Molding (MIM) strengthened with our world-class production and finishing capabilities. Indo-MIM is a leading global supplier of custom engineered MIM products for sporting goods, electronics, tools and hardware applications.<\/strong><\/p>\n<\/div><\/div><style type=\"text\/css\">.fusion-body .fusion-builder-column-20{width:66.666666666667% !important;margin-top : 0px;margin-bottom : 20px;}.fusion-builder-column-20 > .fusion-column-wrapper {padding-top : 0px !important;padding-right : 0px !important;margin-right : 2.88%;padding-bottom : 0px !important;padding-left : 8% !important;margin-left : 2.88%;}@media only screen and (max-width:1024px) {.fusion-body .fusion-builder-column-20{width:66.666666666667% !important;order : 0;}.fusion-builder-column-20 > .fusion-column-wrapper {margin-right : 2.88%;margin-left : 2.88%;}}@media only screen and (max-width:640px) {.fusion-body .fusion-builder-column-20{width:100% !important;order : 0;}.fusion-builder-column-20 > .fusion-column-wrapper {margin-right : 1.92%;margin-left : 1.92%;}}<\/style><\/div><div class=\"fusion-layout-column fusion_builder_column fusion-builder-column-21 fusion_builder_column_1_3 1_3 fusion-flex-column\"><div class=\"fusion-column-wrapper fusion-flex-justify-content-flex-start fusion-content-layout-column\" style=\"background-position:left top;background-repeat:no-repeat;-webkit-background-size:cover;-moz-background-size:cover;-o-background-size:cover;background-size:cover;padding: 0px 0px 0px 0px;\"><div ><span class=\" fusion-imageframe imageframe-none imageframe-4 hover-type-none\"><img decoding=\"async\" width=\"327\" height=\"247\" alt=\"Consumer MIM parts\" title=\"Consumer-components\" src=\"https:\/\/www.dev.indo-mim.com\/wp-content\/uploads\/2019\/05\/Consumer-components.jpg\" class=\"img-responsive wp-image-7222\" srcset=\"https:\/\/www.dev.indo-mim.com\/wp-content\/uploads\/2019\/05\/Consumer-components-200x151.jpg 200w, https:\/\/www.dev.indo-mim.com\/wp-content\/uploads\/2019\/05\/Consumer-components.jpg 327w\" sizes=\"(max-width: 640px) 100vw, 327px\" \/><\/span><\/div><div class=\"fusion-text fusion-text-26\"><p>Fig: MIM consumer parts<\/p>\n<\/div><\/div><style type=\"text\/css\">.fusion-body .fusion-builder-column-21{width:33.333333333333% !important;margin-top : 0px;margin-bottom : 20px;}.fusion-builder-column-21 > .fusion-column-wrapper {padding-top : 0px !important;padding-right : 0px !important;margin-right : 5.76%;padding-bottom : 0px !important;padding-left : 0px !important;margin-left : 5.76%;}@media only screen and (max-width:1024px) {.fusion-body .fusion-builder-column-21{width:33.333333333333% !important;}.fusion-builder-column-21 > .fusion-column-wrapper {margin-right : 5.76%;margin-left : 5.76%;}}@media only screen and (max-width:640px) {.fusion-body .fusion-builder-column-21{width:100% !important;}.fusion-builder-column-21 > .fusion-column-wrapper {margin-right : 1.92%;margin-left : 1.92%;}}<\/style><\/div><\/div><style type=\"text\/css\">.fusion-body .fusion-flex-container.fusion-builder-row-18{ padding-top : 2%;margin-top : 0px;padding-right : 0px;padding-bottom : 5%;margin-bottom : 0px;padding-left : 0px;}<\/style><\/div><div class=\"fusion-fullwidth fullwidth-box fusion-builder-row-19 fusion-flex-container nonhundred-percent-fullwidth non-hundred-percent-height-scrolling\" style=\"background-color: rgba(255,255,255,0);background-position: center center;background-repeat: no-repeat;border-width: 0px 0px 0px 0px;border-color:#e2e2e2;border-style:solid;\" ><div class=\"fusion-builder-row fusion-row fusion-flex-align-items-flex-start\" style=\"max-width:1248px;margin-left: calc(-4% \/ 2 );margin-right: calc(-4% \/ 2 );\"><div class=\"fusion-layout-column fusion_builder_column fusion-builder-column-22 fusion_builder_column_1_1 1_1 fusion-flex-column\"><div class=\"fusion-column-wrapper fusion-flex-justify-content-flex-start fusion-content-layout-column\" style=\"background-position:left top;background-repeat:no-repeat;-webkit-background-size:cover;-moz-background-size:cover;-o-background-size:cover;background-size:cover;padding: 0px 0px 0px 0px;\"><div class=\"fusion-text fusion-text-27\"><ul>\n<li><strong>Rapid Product Development<\/strong><\/li>\n<\/ul>\n<p>Indo-MIM has the ability to mobilize design, engineering, and tooling resources to help you develop products at breakneck speed. We understand that time to market is key for the consumer market. We have equipped ourselves with the capability to quickly react to customer needs for product design, prototyping, and validation, then quickly achieve a transition to mass production.<\/p>\n<ul>\n<li><strong>Engineered Beauty with Functional Efficiency<\/strong><\/li>\n<\/ul>\n<p>Consumers today are highly sophisticated and look for unique designs that are functional and eye-catching. MIM technology provides the distinctive ability to produce highly complex components with fine detail to maximize the cosmetic potential of a design. Indo-MIM specializes in providing MIM parts with intricate surface detail and custom surface textures. Our in-house capabilities in surface finishing, plating, blackening, and coatings provide a diverse and cost-effective range of options.<\/p>\n<ul>\n<li><strong>Adaptable Production Demands<\/strong><\/li>\n<\/ul>\n<p>Consumer product applications demand a quick response in supply to adapt to fast-changing market conditions. Indo-MIM is uniquely positioned to meet these needs with its large installed MIM manufacturing capacity. Our fast and cost-effective tooling capability affords the ability to plan for excess production capacity which allows us to quickly adapt for surges in demand. This in turn reduces risk and lessens inventory to achieve lower cost.<\/p>\n<p><strong>Materials for every Application<\/strong><\/p>\n<p>Indo-MIM provides a wealth of material options that allow our customers to achieve high performance in their products. Besides a vast array of off-the-shelf material solutions for high strength, wear, and corrosion applications, Indo-MIM maintains a world-class materials laboratory to develop a custom solution for your most demanding products.<\/p>\n<p><strong>Finished Product Solutions<\/strong><\/p>\n<p>Indo-MIM continues to invest in not only the latest MIM technology, but also the most advanced capabilities in finish machining, heat-treating, and performance surface coatings. Besides providing a ready-to-use component, we are experienced in managing mechanical assembly operations for subassemblies. We can also manage a complete supply chain including plastic parts, stampings, machined parts, hardware, assembly, and packaging for a fully finished product.<\/p>\n<\/div><div class=\"fusion-separator fusion-full-width-sep\" style=\"align-self: center;margin-left: auto;margin-right: auto;margin-top:7px;width:100%;\"><\/div><\/div><style type=\"text\/css\">.fusion-body .fusion-builder-column-22{width:100% !important;margin-top : 0px;margin-bottom : 20px;}.fusion-builder-column-22 > .fusion-column-wrapper {padding-top : 0px !important;padding-right : 0px !important;margin-right : 1.92%;padding-bottom : 0px !important;padding-left : 0px !important;margin-left : 1.92%;}@media only screen and (max-width:1024px) {.fusion-body .fusion-builder-column-22{width:100% !important;}.fusion-builder-column-22 > .fusion-column-wrapper {margin-right : 1.92%;margin-left : 1.92%;}}@media only screen and (max-width:640px) {.fusion-body .fusion-builder-column-22{width:100% !important;}.fusion-builder-column-22 > .fusion-column-wrapper {margin-right : 1.92%;margin-left : 1.92%;}}<\/style><\/div><\/div><style type=\"text\/css\">.fusion-body .fusion-flex-container.fusion-builder-row-19{ padding-top : 0px;margin-top : 0px;padding-right : 0px;padding-bottom : 0px;margin-bottom : 0px;padding-left : 0px;}<\/style><\/div><div class=\"fusion-fullwidth fullwidth-box fusion-builder-row-20 fusion-flex-container nonhundred-percent-fullwidth non-hundred-percent-height-scrolling\" style=\"background-color: rgba(248,248,248,0);background-position: center center;background-repeat: no-repeat;border-width: 0px 0px 0px 0px;border-color:#e2e2e2;border-style:solid;\" ><div class=\"fusion-builder-row fusion-row fusion-flex-align-items-stretch\" style=\"max-width:1248px;margin-left: calc(-4% \/ 2 );margin-right: calc(-4% \/ 2 );\"><div class=\"fusion-layout-column fusion_builder_column fusion-builder-column-23 fusion_builder_column_1_1 1_1 fusion-flex-column\"><div class=\"fusion-column-wrapper fusion-flex-justify-content-center fusion-content-layout-column\" style=\"background-position:left top;background-repeat:no-repeat;-webkit-background-size:cover;-moz-background-size:cover;-o-background-size:cover;background-size:cover;padding: 0px 0px 0px 0px;\"><div class=\"fusion-text fusion-text-28\"><h3 style=\"text-align: left;\"><strong>Metal Injection Molding Consumer Product Solutions<\/strong><\/h3>\n<ul>\n<li><strong>Archery &#8211;<\/strong> Broadheads, sights, cross bow mechanisms, release aids<\/li>\n<li><strong>Multi Tools &amp; Knives &#8211; <\/strong>Drivers, bit holders, clips, blades, cosmetic inserts<\/li>\n<li><strong>Golf  &#8211; <\/strong>Sole plates, weights of engineered density<\/li>\n<li><strong>Cycling &#8211; <\/strong>Derailleur parts, braking parts, clipless pedals<\/li>\n<li><strong>Mobile Telephone &#8211; <\/strong>Hinge mechanisms, buttons, cosmetic inserts<\/li>\n<li><strong>Computer Peripherals &#8211; <\/strong>Voice coil motor, head parking mechanisms, printer cores<\/li>\n<li><strong>Hand &amp; Power Tools &#8211;<\/strong> Handles, bits, keyless chucks, blade clamps<\/li>\n<\/ul>\n<\/div><div class=\"fusion-text fusion-text-29\"><h3 style=\"text-align: left;\"><strong>Consumer Product Capabilities<\/strong><\/h3>\n<ul>\n<li>Product design and material selection assistance<\/li>\n<li>Industrial design services<\/li>\n<li>Prototyping and low volume development<\/li>\n<li>High volume MIM production<\/li>\n<li>Automated manufacturing and inspection<\/li>\n<li>Precision grinding and CNC machining<\/li>\n<li>Heat-treating, plating, blackening and PVD coatings<\/li>\n<li>Bead and grit blasting, machine and hand polishing<\/li>\n<li>Plastic insert molding<\/li>\n<li>Assembly and integration<\/li>\n<\/ul>\n<\/div><\/div><style type=\"text\/css\">.fusion-body .fusion-builder-column-23{width:100% !important;margin-top : 0px;margin-bottom : 20px;}.fusion-builder-column-23 > .fusion-column-wrapper {padding-top : 0px !important;padding-right : 0px !important;margin-right : 1.92%;padding-bottom : 0px !important;padding-left : 0px !important;margin-left : 1.92%;}@media only screen and (max-width:1024px) {.fusion-body .fusion-builder-column-23{width:100% !important;}.fusion-builder-column-23 > .fusion-column-wrapper {margin-right : 1.92%;margin-left : 1.92%;}}@media only screen and (max-width:640px) {.fusion-body .fusion-builder-column-23{width:100% !important;}.fusion-builder-column-23 > .fusion-column-wrapper {margin-right : 1.92%;margin-left : 1.92%;}}<\/style><\/div><\/div><style type=\"text\/css\">.fusion-body .fusion-flex-container.fusion-builder-row-20{ padding-top : 0px;margin-top : 0px;padding-right : 0px;padding-bottom : 60px;margin-bottom : 0px;padding-left : 0px;}<\/style><\/div><div class=\"fusion-fullwidth fullwidth-box fusion-builder-row-21 fusion-flex-container fusion-parallax-none hundred-percent-fullwidth non-hundred-percent-height-scrolling\" style=\"background-color: rgba(255,255,255,0);background-image: url(&quot;https:\/\/avada.theme-fusion.com\/science\/wp-content\/uploads\/sites\/79\/2016\/11\/CTA_background.jpg&quot;);background-position: center center;background-repeat: no-repeat;border-width: 0px 0px 0px 0px;border-color:#e2e2e2;border-style:solid;-webkit-background-size:cover;-moz-background-size:cover;-o-background-size:cover;background-size:cover;\" ><div class=\"fusion-builder-row fusion-row fusion-flex-align-items-flex-start\" style=\"width:104% !important;max-width:104% !important;margin-left: calc(-4% \/ 2 );margin-right: calc(-4% \/ 2 );\"><div class=\"fusion-layout-column fusion_builder_column fusion-builder-column-24 fusion_builder_column_1_1 1_1 fusion-flex-column\"><div class=\"fusion-column-wrapper fusion-flex-justify-content-flex-start fusion-content-layout-column\" style=\"background-position:left top;background-repeat:no-repeat;-webkit-background-size:cover;-moz-background-size:cover;-o-background-size:cover;background-size:cover;padding: 0px 0px 0px 0px;\"><div class=\"fusion-text fusion-text-30\"><h2 style=\"text-align: center; color: #fff; font-size: 60px;\">Innovation with<\/h2>\n<h2 style=\"text-align: center; color: #fff; font-size: 60px;\">Indo-MIM<\/h2>\n<\/div><div class=\"fusion-text fusion-text-31\"><p style=\"text-align: center; color: #fff; font-size: 25px; line-height: 48px;\">We are a multi-disciplinary MIM manufacturer committed to focussed and efficient MIM parts discovery<\/p>\n<\/div><div class=\"fusion-separator fusion-full-width-sep\" style=\"align-self: center;margin-left: auto;margin-right: auto;margin-top:20px;width:100%;\"><\/div><div style=\"text-align:center;\"><style>.fusion-body .fusion-button.button-4{border-color:#ffffff;border-width:1px 1px 1px 1px;border-radius:4px 4px 4px 4px;background:rgba(76,81,102,0);}.fusion-body .fusion-button.button-4 .fusion-button-text,.fusion-body .fusion-button.button-4 i,.fusion-body .fusion-button.button-4:hover .fusion-button-text,.fusion-body .fusion-button.button-4:hover i,.fusion-body .fusion-button.button-4:focus .fusion-button-text,.fusion-body .fusion-button.button-4:focus i,.fusion-body .fusion-button.button-4:active .fusion-button-text,.fusion-body .fusion-button.button-4:active i{color:#ffffff;}.fusion-body .fusion-button.button-4:hover,.fusion-body .fusion-button.button-4:active,.fusion-body .fusion-button.button-4:focus{border-color:#ffffff;border-width:1px 1px 1px 1px;background:#f78025;}<\/style><a class=\"fusion-button button-flat button-xlarge button-custom button-4 fusion-button-default-span fusion-button-default-type\" target=\"_self\" href=\"https:\/\/www.dev.indo-mim.com\/contact-mim\/\"><span class=\"fusion-button-text\">Contact Us<\/span><\/a><\/div><\/div><style type=\"text\/css\">.fusion-body .fusion-builder-column-24{width:100% !important;margin-top : 0px;margin-bottom : 20px;}.fusion-builder-column-24 > .fusion-column-wrapper {padding-top : 0px !important;padding-right : 0px !important;margin-right : 1.92%;padding-bottom : 0px !important;padding-left : 0px !important;margin-left : 1.92%;}@media only screen and (max-width:1024px) {.fusion-body .fusion-builder-column-24{width:100% !important;}.fusion-builder-column-24 > .fusion-column-wrapper {margin-right : 1.92%;margin-left : 1.92%;}}@media only screen and (max-width:640px) {.fusion-body .fusion-builder-column-24{width:100% !important;}.fusion-builder-column-24 > .fusion-column-wrapper {margin-right : 1.92%;margin-left : 1.92%;}}<\/style><\/div><\/div><style type=\"text\/css\">.fusion-body .fusion-flex-container.fusion-builder-row-21{ padding-top : 200px;margin-top : 0px;padding-right : 0px;padding-bottom : 200px;margin-bottom : 0px;padding-left : 0px;}<\/style><\/div><div class=\"fusion-fullwidth fullwidth-box fusion-builder-row-22 fusion-flex-container nonhundred-percent-fullwidth non-hundred-percent-height-scrolling\" style=\"background-color: rgba(255,255,255,0);background-position: center center;background-repeat: no-repeat;border-width: 0px 0px 0px 0px;border-color:#e2e2e2;border-style:solid;\" ><div class=\"fusion-builder-row fusion-row fusion-flex-align-items-flex-start\" style=\"max-width:1248px;margin-left: calc(-4% \/ 2 );margin-right: calc(-4% \/ 2 );\"><div class=\"fusion-layout-column fusion_builder_column fusion-builder-column-25 fusion_builder_column_1_1 1_1 fusion-flex-column\"><div class=\"fusion-column-wrapper fusion-flex-justify-content-flex-start fusion-content-layout-column\" style=\"background-position:left top;background-repeat:no-repeat;-webkit-background-size:cover;-moz-background-size:cover;-o-background-size:cover;background-size:cover;padding: 0px 0px 0px 0px;\"><div class=\"fusion-text fusion-text-32\"><h3 class=\"crm-panel-description\"><code><\/code><\/h3>\n<\/div><\/div><style type=\"text\/css\">.fusion-body .fusion-builder-column-25{width:100% !important;margin-top : 0px;margin-bottom : 0px;}.fusion-builder-column-25 > .fusion-column-wrapper {padding-top : 0px !important;padding-right : 0px !important;margin-right : 1.92%;padding-bottom : 0px !important;padding-left : 0px !important;margin-left : 1.92%;}@media only screen and (max-width:1024px) {.fusion-body .fusion-builder-column-25{width:100% !important;}.fusion-builder-column-25 > .fusion-column-wrapper {margin-right : 1.92%;margin-left : 1.92%;}}@media only screen and (max-width:640px) {.fusion-body .fusion-builder-column-25{width:100% !important;}.fusion-builder-column-25 > .fusion-column-wrapper {margin-right : 1.92%;margin-left : 1.92%;}}<\/style><\/div><\/div><style type=\"text\/css\">.fusion-body .fusion-flex-container.fusion-builder-row-22{ padding-top : 0px;margin-top : 0px;padding-right : 0px;padding-bottom : 0px;margin-bottom : 0px;padding-left : 0px;}<\/style><\/div><\/p>","protected":false},"excerpt":{"rendered":"<p>Desculpe, este conte\u00fado s\u00f3 est\u00e1 dispon\u00edvel em \u4e2d\u6587 e Turco. Por uma quest\u00e3o de conveni\u00eancia para o utilizador, o conte\u00fado \u00e9 mostrado abaixo num dos idiomas alternativos dispon\u00edveis. Pode clicar numa das liga\u00e7\u00f5es para mudar o site para outro idioma [&hellip;]<\/p>\n","protected":false},"author":1,"featured_media":0,"parent":0,"menu_order":0,"comment_status":"closed","ping_status":"closed","template":"100-width.php","meta":[],"_links":{"self":[{"href":"https:\/\/www.dev.indo-mim.com\/pt\/wp-json\/wp\/v2\/pages\/2040"}],"collection":[{"href":"https:\/\/www.dev.indo-mim.com\/pt\/wp-json\/wp\/v2\/pages"}],"about":[{"href":"https:\/\/www.dev.indo-mim.com\/pt\/wp-json\/wp\/v2\/types\/page"}],"author":[{"embeddable":true,"href":"https:\/\/www.dev.indo-mim.com\/pt\/wp-json\/wp\/v2\/users\/1"}],"replies":[{"embeddable":true,"href":"https:\/\/www.dev.indo-mim.com\/pt\/wp-json\/wp\/v2\/comments?post=2040"}],"version-history":[{"count":0,"href":"https:\/\/www.dev.indo-mim.com\/pt\/wp-json\/wp\/v2\/pages\/2040\/revisions"}],"wp:attachment":[{"href":"https:\/\/www.dev.indo-mim.com\/pt\/wp-json\/wp\/v2\/media?parent=2040"}],"curies":[{"name":"wp","href":"https:\/\/api.w.org\/{rel}","templated":true}]}}