{"id":2037,"date":"2019-02-03T05:31:59","date_gmt":"2019-02-03T05:31:59","guid":{"rendered":"https:\/\/www.dev.indo-mim.com\/?page_id=2037"},"modified":"2022-09-27T10:32:24","modified_gmt":"2022-09-27T05:02:24","slug":"mim-medical","status":"publish","type":"page","link":"https:\/\/www.dev.indo-mim.com\/pt\/mim-medical","title":{"rendered":"M\u00e9dico"},"content":{"rendered":"<p><div class=\"fusion-fullwidth fullwidth-box fusion-builder-row-16 fusion-flex-container nonhundred-percent-fullwidth non-hundred-percent-height-scrolling\" style=\"background-color: rgba(248,248,248,0);background-position: center center;background-repeat: no-repeat;border-width: 0px 0px 0px 0px;border-color:#e2e2e2;border-style:solid;\" ><div class=\"fusion-builder-row fusion-row fusion-flex-align-items-stretch\" style=\"max-width:calc( 1200px + 0px );margin-left: calc(-0px \/ 2 );margin-right: calc(-0px \/ 2 );\"><div class=\"fusion-layout-column fusion_builder_column fusion-builder-column-15 fusion_builder_column_1_1 1_1 fusion-flex-column\"><div class=\"fusion-column-wrapper fusion-flex-justify-content-flex-start fusion-content-layout-column\" style=\"background-position:left top;background-repeat:no-repeat;-webkit-background-size:cover;-moz-background-size:cover;-o-background-size:cover;background-size:cover;padding: 0px 0px 0px 0px;\"><div class=\"fusion-separator fusion-full-width-sep\" style=\"align-self: center;margin-left: auto;margin-right: auto;margin-bottom:20px;width:100%;\"><\/div><div class=\"fusion-text fusion-text-26\"><h1 style=\"text-align: center;\">Indo-MIM &#8211; atendendo \u00e0s necessidades cr\u00edticas de produtos m\u00e9dicos<\/h1>\n<hr \/>\n<\/div><div class=\"fusion-text fusion-text-27\"><p style=\"text-align: center;\"><strong>A Indo-MIM fornece solu\u00e7\u00f5es l\u00edderes na ind\u00fastria para dispositivos m\u00e9dicos MIM,com aplica\u00e7\u00f5es ortop\u00e9dicas e ortod\u00f4nticas. Somos o seu recurso \u00fanico para produtos m\u00e9dicos, desde o design conceitual e prot\u00f3tipo at\u00e9 a fabrica\u00e7\u00e3o, integra\u00e7\u00e3o e embalagem. Fornecemos uma solu\u00e7\u00e3o econ\u00f4mica e completa para suas necessidades mais exigentes de produtos m\u00e9dicos.<\/strong><\/p>\n<\/div><div class=\"fusion-separator fusion-full-width-sep\" style=\"align-self: center;margin-left: auto;margin-right: auto;margin-bottom:20px;width:100%;\"><\/div><div style=\"text-align:center;\"><span class=\" fusion-imageframe imageframe-none imageframe-7 hover-type-zoomin\"><img decoding=\"async\" width=\"600\" height=\"450\" alt=\"(English) MIM Medical parts\" title=\"Medical-components-grp\" src=\"https:\/\/www.dev.indo-mim.com\/wp-content\/uploads\/2019\/02\/Medical-components-grp.jpg\" class=\"img-responsive wp-image-2618\" srcset=\"https:\/\/www.dev.indo-mim.com\/wp-content\/uploads\/2019\/02\/Medical-components-grp-200x150.jpg 200w, https:\/\/www.dev.indo-mim.com\/wp-content\/uploads\/2019\/02\/Medical-components-grp-400x300.jpg 400w, https:\/\/www.dev.indo-mim.com\/wp-content\/uploads\/2019\/02\/Medical-components-grp.jpg 600w\" sizes=\"(max-width: 640px) 100vw, 600px\" \/><\/span><\/div><\/div><style type=\"text\/css\">.fusion-body .fusion-builder-column-15{width:100% !important;margin-top : 0px;margin-bottom : 20px;}.fusion-builder-column-15 > .fusion-column-wrapper {padding-top : 0px !important;padding-right : 0px !important;margin-right : 0px;padding-bottom : 0px !important;padding-left : 0px !important;margin-left : 0px;}@media only screen and (max-width:1024px) {.fusion-body .fusion-builder-column-15{width:100% !important;}.fusion-builder-column-15 > .fusion-column-wrapper {margin-right : 0px;margin-left : 0px;}}@media only screen and (max-width:640px) {.fusion-body .fusion-builder-column-15{width:100% !important;}.fusion-builder-column-15 > .fusion-column-wrapper {margin-right : 0px;margin-left : 0px;}}<\/style><\/div><\/div><style type=\"text\/css\">.fusion-body .fusion-flex-container.fusion-builder-row-16{ padding-top : 50px;margin-top : 0px;padding-right : 0px;padding-bottom : 10px;margin-bottom : 0px;padding-left : 0px;}<\/style><\/div><div class=\"fusion-fullwidth fullwidth-box fusion-builder-row-17 fusion-flex-container nonhundred-percent-fullwidth non-hundred-percent-height-scrolling\" style=\"background-color: rgba(248,248,248,0);background-position: center center;background-repeat: no-repeat;border-width: 0px 0px 0px 0px;border-color:#e2e2e2;border-style:solid;\" ><div class=\"fusion-builder-row fusion-row fusion-flex-align-items-stretch\" style=\"max-width:calc( 1200px + 0px );margin-left: calc(-0px \/ 2 );margin-right: calc(-0px \/ 2 );\"><div class=\"fusion-layout-column fusion_builder_column fusion-builder-column-16 fusion_builder_column_1_1 1_1 fusion-flex-column\"><div class=\"fusion-column-wrapper fusion-flex-justify-content-flex-start fusion-content-layout-column\" style=\"background-position:left top;background-repeat:no-repeat;-webkit-background-size:cover;-moz-background-size:cover;-o-background-size:cover;background-size:cover;padding: 0px 0px 0px 0px;\"><div class=\"fusion-separator fusion-full-width-sep\" style=\"align-self: center;margin-left: auto;margin-right: auto;margin-top:7px;width:100%;\"><\/div><div class=\"fusion-text fusion-text-28\"><p><strong>Parceria para o sucesso<\/strong><\/p>\n<p>O Indo-MIM cria uma s\u00f3lida parceria com os clientes, para que seja poss\u00edvel fornecer o valor m\u00e1ximo ao longo da vida de um programa. Planejamos meticulosamente um projeto com um time seleto, dedicado ao programa, do come\u00e7o ao fim. Nosso processo APQP est\u00e1 entre os melhores do mercado. Ele garante que temos recursos adequados para levar o projeto no prazo, com um lan\u00e7amento tranquilo.<\/p>\n<p><strong>Controle de processo rigoroso<\/strong><\/p>\n<p>A Indo-MIM construiu a reputa\u00e7\u00e3o de atender aos r\u00edgidos requisitos de qualidade da ind\u00fastria m\u00e9dica. Nossos sistemas de qualidade s\u00e3o certificados pela ISO 13485: 2016. Cada produto que produzimos passa por um rigoroso processo de planejamento de qualidade, que \u00e9 cuidadosamente executado na produ\u00e7\u00e3o por todos os membros de nossa equipe. Nossos membros da enxuta equipe Six Sigma, certificados pela ASQ se esfor\u00e7am continuamente para melhorar todos os aspectos de nossas opera\u00e7\u00f5es.<\/p>\n<p><strong>Solu\u00e7\u00f5es econ\u00f4micas e totais para requisitos de pequeno volume<\/strong><\/p>\n<p>Nossa capacidade ferramental econ\u00f4mica, combinada com nossos recursos de engenharia, permite a fabrica\u00e7\u00e3o de pequenos volumes de produ\u00e7\u00e3o n\u00e3o considerados anteriormente econ\u00f4micos pela MIM. A Indo-MIM desenvolveu conceitos inovadores de ferramentas que reduzem o custo, para produzir componentes altamente complexos que geralmente s\u00e3o produzidos por usinagem dispendiosa de cinco eixos. Essa \u00e9 uma alternativa muito desejada para a usinagem, especialmente quando \u00e9 necess\u00e1ria uma rampa r\u00e1pida no volume de produ\u00e7\u00e3o. A Indo-MIM est\u00e1 bem equipada para gerenciar o alto volume de produ\u00e7\u00e3o necess\u00e1rio para o mercado de instrumentos descart\u00e1veis.<\/p>\n<p><strong>Solu\u00e7\u00f5es de materiais para diversas aplica\u00e7\u00f5es<\/strong><\/p>\n<p>Solu\u00e7\u00f5es de materiais para diversas aplica\u00e7\u00f5es A Indo-MIM fornece uma ampla variedade de solu\u00e7\u00f5es de materiais para instrumentos cir\u00fargicos, aparelhos ortod\u00f4nticos e implantes ortop\u00e9dicos. Para instrumentos que exigem alta resist\u00eancia e pouco desgaste, combinados com boa resist\u00eancia \u00e0 corros\u00e3o, podem ser encontrados em nossos a\u00e7os inoxid\u00e1veis das classes 17- 4PH, 420 e 440C. Nosso a\u00e7o inoxid\u00e1vel de classe 316L \u00e9 uma escolha popular para aplica\u00e7\u00f5es que exigem alta ductilidade com excelentes propriedades de corros\u00e3o. Para aparelhos ortod\u00f4nticos, fornecemos 17-4PH, bem como classes de a\u00e7o inoxid\u00e1vel sem Ni. As aplica\u00e7\u00f5es de implantes ortop\u00e9dicos est\u00e3o crescendo para MIM e estamos presentes com uma gama completa de solu\u00e7\u00f5es de materiais, incluindo Co-Cr e ligas de tit\u00e2nio com processamento HIP para essas aplica\u00e7\u00f5es cr\u00edticas.<\/p>\n<p><strong>Fornecendo uma solu\u00e7\u00e3o total<\/strong><\/p>\n<p>A Indo-MIM continua investindo n\u00e3o apenas na mais recente tecnologia MIM, mas tamb\u00e9m nos recursos mais avan\u00e7ados em usinagem de acabamento, tratamento t\u00e9rmico e revestimento de superf\u00edcie de desempenho. Fornecemos n\u00e3o apenas produtos MIM de qualidade internacional, mas tamb\u00e9m uma gama completa de servi\u00e7os, incluindo moldagem por inje\u00e7\u00e3o de pl\u00e1stico, moldagem por insertos, gerenciamento da cadeia de suprimentos, bem como integra\u00e7\u00e3o e embalagem em nossa sala limpa ISO Classe 8.<\/p>\n<\/div><div class=\"fusion-text fusion-text-29\"><h3><strong>Solu\u00e7\u00f5es MIM para Produtos Medicos:<\/strong><\/h3>\n<ul>\n<li><strong>Instrumentos cir\u00fargicos <\/strong>\u2013 Pin\u00e7as e tesouras endosc\u00f3picas, instrumenta\u00e7\u00e3o, cabos de bisturi, f\u00f3rceps, endoscopia, eletrodos de abla\u00e7\u00e3o<\/li>\n<li><strong>Instrumentos ortop\u00e9dicos <\/strong>Placas e parafusos traumatol\u00f3gicos, coluna (implantes e fixa\u00e7\u00e3o externa), instrumenta\u00e7\u00e3o para cirurgia ortop\u00e9dica (el\u00e9trica e manual)<\/li>\n<li><strong>Instrumentos ortod\u00f4nticos e dent\u00e1rios <\/strong>\u2013 Aparelhos ortod\u00f4nticos, instrumentos dent\u00e1rios<\/li>\n<li><strong>Aparelhos de audi\u00e7\u00e3o<\/strong> \u2013 Alojamentos, implantes<\/li>\n<\/ul>\n<\/div><div class=\"fusion-text fusion-text-30\"><h3><strong>Recursos m\u00e9dicos da INDO-MIM<\/strong><\/h3>\n<ul>\n<li>Assist\u00eancia no projeto de produto e sele\u00e7\u00e3o de materiais<\/li>\n<li>Desenvolvimento de prot\u00f3tipos e produ\u00e7\u00e3o de baixo volume<\/li>\n<li>Produ\u00e7\u00e3o de MIM de alto e baixo volumes<\/li>\n<li>Micromoldagem<\/li>\n<li>Fabrica\u00e7\u00e3o e inspe\u00e7\u00e3o automatizadas<\/li>\n<li>Usinagem CNC e ret\u00edfica de precis\u00e3o<\/li>\n<li>Solda e corte a laser<\/li>\n<li>Tratamento t\u00e9rmico e revestimentos de superf\u00edcie PVD<\/li>\n<li>Microjateamento e passiva\u00e7\u00e3o<\/li>\n<li>Moldagem de insertos de pl\u00e1stico<\/li>\n<li>Moldagem por inje\u00e7\u00e3o de pl\u00e1sticos<\/li>\n<li>Integra\u00e7\u00e3o e embalagem em ambiente limpo ISO Classe 8<\/li>\n<\/ul>\n<\/div><\/div><style type=\"text\/css\">.fusion-body .fusion-builder-column-16{width:100% !important;margin-top : 0px;margin-bottom : 20px;}.fusion-builder-column-16 > .fusion-column-wrapper {padding-top : 0px !important;padding-right : 0px !important;margin-right : 0px;padding-bottom : 0px !important;padding-left : 0px !important;margin-left : 0px;}@media only screen and (max-width:1024px) {.fusion-body .fusion-builder-column-16{width:100% !important;}.fusion-builder-column-16 > .fusion-column-wrapper {margin-right : 0px;margin-left : 0px;}}@media only screen and (max-width:640px) {.fusion-body .fusion-builder-column-16{width:100% !important;}.fusion-builder-column-16 > .fusion-column-wrapper {margin-right : 0px;margin-left : 0px;}}<\/style><\/div><\/div><style type=\"text\/css\">.fusion-body .fusion-flex-container.fusion-builder-row-17{ padding-top : ;margin-top : 0px;padding-right : 0px;padding-bottom : 0px;margin-bottom : 0px;padding-left : 0px;}<\/style><\/div><div class=\"fusion-fullwidth fullwidth-box fusion-builder-row-18 fusion-flex-container hundred-percent-fullwidth non-hundred-percent-height-scrolling\" style=\"background-color: rgba(248,248,248,0);background-position: center center;background-repeat: no-repeat;border-width: 0px 0px 0px 0px;border-color:#e2e2e2;border-style:solid;\" ><div class=\"fusion-builder-row fusion-row fusion-flex-align-items-stretch\" style=\"width:calc( 100% + 0px ) !important;max-width:calc( 100% + 0px ) !important;margin-left: calc(-0px \/ 2 );margin-right: calc(-0px \/ 2 );\"><div class=\"fusion-layout-column fusion_builder_column fusion-builder-column-17 fusion_builder_column_1_1 1_1 fusion-flex-column\"><div class=\"fusion-column-wrapper fusion-flex-justify-content-center fusion-content-layout-column\" style=\"background-position:left top;background-repeat:no-repeat;-webkit-background-size:cover;-moz-background-size:cover;-o-background-size:cover;background-size:cover;padding: 0px 0px 0px 0px;\"><div style=\"text-align:center;\"><span class=\" fusion-imageframe imageframe-none imageframe-8 hover-type-none\"><img decoding=\"async\" width=\"1200\" height=\"675\" alt=\"(English) MIM medical components collage\" title=\"Medical-collage-grp\" src=\"https:\/\/www.dev.indo-mim.com\/wp-content\/uploads\/2019\/02\/Medical-collage-grp.jpg\" class=\"img-responsive wp-image-2613\" srcset=\"https:\/\/www.dev.indo-mim.com\/wp-content\/uploads\/2019\/02\/Medical-collage-grp-200x113.jpg 200w, https:\/\/www.dev.indo-mim.com\/wp-content\/uploads\/2019\/02\/Medical-collage-grp-400x225.jpg 400w, https:\/\/www.dev.indo-mim.com\/wp-content\/uploads\/2019\/02\/Medical-collage-grp-600x338.jpg 600w, https:\/\/www.dev.indo-mim.com\/wp-content\/uploads\/2019\/02\/Medical-collage-grp-800x450.jpg 800w, https:\/\/www.dev.indo-mim.com\/wp-content\/uploads\/2019\/02\/Medical-collage-grp.jpg 1200w\" sizes=\"(max-width: 640px) 100vw, 1200px\" \/><\/span><\/div><\/div><style type=\"text\/css\">.fusion-body .fusion-builder-column-17{width:100% !important;margin-top : 0px;margin-bottom : 20px;}.fusion-builder-column-17 > .fusion-column-wrapper {padding-top : 0px !important;padding-right : 0px !important;margin-right : 0px;padding-bottom : 0px !important;padding-left : 0px !important;margin-left : 0px;}@media only screen and (max-width:1024px) {.fusion-body .fusion-builder-column-17{width:100% !important;}.fusion-builder-column-17 > .fusion-column-wrapper {margin-right : 0px;margin-left : 0px;}}@media only screen and (max-width:640px) {.fusion-body .fusion-builder-column-17{width:100% !important;}.fusion-builder-column-17 > .fusion-column-wrapper {margin-right : 0px;margin-left : 0px;}}<\/style><\/div><\/div><style type=\"text\/css\">.fusion-body .fusion-flex-container.fusion-builder-row-18{ padding-top : 30px;margin-top : 0px;padding-right : 0px;padding-bottom : 80px;margin-bottom : 0px;padding-left : 0px;}<\/style><\/div><div class=\"fusion-fullwidth fullwidth-box fusion-builder-row-19 fusion-flex-container fusion-parallax-none nonhundred-percent-fullwidth non-hundred-percent-height-scrolling\" style=\"background-color: rgba(255,255,255,0);background-image: url(&quot;https:\/\/avada.theme-fusion.com\/science\/wp-content\/uploads\/sites\/79\/2016\/11\/CTA_background.jpg&quot;);background-position: center center;background-repeat: no-repeat;border-width: 0px 0px 0px 0px;border-color:#e2e2e2;border-style:solid;-webkit-background-size:cover;-moz-background-size:cover;-o-background-size:cover;background-size:cover;\" ><div class=\"fusion-builder-row fusion-row fusion-flex-align-items-flex-start\" style=\"max-width:1248px;margin-left: calc(-4% \/ 2 );margin-right: calc(-4% \/ 2 );\"><div class=\"fusion-layout-column fusion_builder_column fusion-builder-column-18 fusion_builder_column_1_6 1_6 fusion-flex-column fusion-animated\" data-animationType=\"fadeInUp\" data-animationDuration=\"0.5\" data-animationOffset=\"top-into-view\"><div class=\"fusion-column-wrapper fusion-flex-justify-content-flex-start fusion-content-layout-column\" style=\"background-position:left top;background-repeat:no-repeat;-webkit-background-size:cover;-moz-background-size:cover;-o-background-size:cover;background-size:cover;padding: 0px 0px 0px 0px;\"><\/div><style type=\"text\/css\">.fusion-body .fusion-builder-column-18{width:16.666666666667% !important;margin-top : 0px;margin-bottom : 20px;}.fusion-builder-column-18 > .fusion-column-wrapper {padding-top : 0px !important;padding-right : 0px !important;margin-right : 11.52%;padding-bottom : 0px !important;padding-left : 0px !important;margin-left : 11.52%;}@media only screen and (max-width:1024px) {.fusion-body .fusion-builder-column-18{width:16.666666666667% !important;}.fusion-builder-column-18 > .fusion-column-wrapper {margin-right : 11.52%;margin-left : 11.52%;}}@media only screen and (max-width:640px) {.fusion-body .fusion-builder-column-18{width:100% !important;}.fusion-builder-column-18 > .fusion-column-wrapper {margin-right : 1.92%;margin-left : 1.92%;}}<\/style><\/div><div class=\"fusion-layout-column fusion_builder_column fusion-builder-column-19 fusion_builder_column_2_3 2_3 fusion-flex-column fusion-animated\" data-animationType=\"fadeInUp\" data-animationDuration=\"0.5\" data-animationOffset=\"top-into-view\"><div class=\"fusion-column-wrapper fusion-flex-justify-content-flex-start fusion-content-layout-column\" style=\"background-position:left top;background-repeat:no-repeat;-webkit-background-size:cover;-moz-background-size:cover;-o-background-size:cover;background-size:cover;padding: 0px 0px 0px 0px;\"><div class=\"fusion-text fusion-text-31\"><h2 style=\"text-align: center; color: #fff; font-size: 60px;\">Inova\u00e7\u00e3o com a<\/h2>\n<h2 style=\"text-align: center; color: #fff; font-size: 60px;\">INDO-MIM<\/h2>\n<\/div><div class=\"fusion-separator fusion-full-width-sep\" style=\"align-self: center;margin-left: auto;margin-right: auto;margin-top:20px;width:100%;\"><\/div><div class=\"fusion-text fusion-text-32\"><p style=\"text-align: center; color: #fff; font-size: 25px; line-height: 48px;\">Somos um fabricante MIM multidisciplinar, comprometido com a descoberta focada e eficiente de pe\u00e7as MIM<\/p>\n<\/div><div class=\"fusion-separator fusion-full-width-sep\" style=\"align-self: center;margin-left: auto;margin-right: auto;margin-top:20px;width:100%;\"><\/div><div style=\"text-align:center;\"><style>.fusion-body .fusion-button.button-4{border-color:#ffffff;border-width:1px 1px 1px 1px;border-radius:4px 4px 4px 4px;background:rgba(76,81,102,0);}.fusion-body .fusion-button.button-4 .fusion-button-text,.fusion-body .fusion-button.button-4 i,.fusion-body .fusion-button.button-4:hover .fusion-button-text,.fusion-body .fusion-button.button-4:hover i,.fusion-body .fusion-button.button-4:focus .fusion-button-text,.fusion-body .fusion-button.button-4:focus i,.fusion-body .fusion-button.button-4:active .fusion-button-text,.fusion-body .fusion-button.button-4:active i{color:#ffffff;}.fusion-body .fusion-button.button-4:hover,.fusion-body .fusion-button.button-4:active,.fusion-body .fusion-button.button-4:focus{border-color:#ffffff;border-width:1px 1px 1px 1px;background:#f78025;}<\/style><a class=\"fusion-button button-flat button-xlarge button-custom button-4 fusion-button-default-span fusion-button-default-type\" target=\"_self\" href=\"https:\/\/www.dev.indo-mim.com\/pt\/contact-mim\/\"><span class=\"fusion-button-text\">Contate-Nos<\/span><\/a><\/div><\/div><style type=\"text\/css\">.fusion-body .fusion-builder-column-19{width:66.666666666667% !important;margin-top : 0px;margin-bottom : 20px;}.fusion-builder-column-19 > .fusion-column-wrapper {padding-top : 0px !important;padding-right : 0px !important;margin-right : 2.88%;padding-bottom : 0px !important;padding-left : 0px !important;margin-left : 2.88%;}@media only screen and (max-width:1024px) {.fusion-body .fusion-builder-column-19{width:66.666666666667% !important;}.fusion-builder-column-19 > .fusion-column-wrapper {margin-right : 2.88%;margin-left : 2.88%;}}@media only screen and (max-width:640px) {.fusion-body .fusion-builder-column-19{width:100% !important;}.fusion-builder-column-19 > .fusion-column-wrapper {margin-right : 1.92%;margin-left : 1.92%;}}<\/style><\/div><div class=\"fusion-layout-column fusion_builder_column fusion-builder-column-20 fusion_builder_column_1_6 1_6 fusion-flex-column fusion-animated\" data-animationType=\"fadeInUp\" data-animationDuration=\"0.5\" data-animationOffset=\"top-into-view\"><div class=\"fusion-column-wrapper fusion-flex-justify-content-flex-start fusion-content-layout-column\" style=\"background-position:left top;background-repeat:no-repeat;-webkit-background-size:cover;-moz-background-size:cover;-o-background-size:cover;background-size:cover;padding: 0px 0px 0px 0px;\"><\/div><style type=\"text\/css\">.fusion-body .fusion-builder-column-20{width:16.666666666667% !important;margin-top : 0px;margin-bottom : 20px;}.fusion-builder-column-20 > .fusion-column-wrapper {padding-top : 0px !important;padding-right : 0px !important;margin-right : 11.52%;padding-bottom : 0px !important;padding-left : 0px !important;margin-left : 11.52%;}@media only screen and (max-width:1024px) {.fusion-body .fusion-builder-column-20{width:16.666666666667% !important;}.fusion-builder-column-20 > .fusion-column-wrapper {margin-right : 11.52%;margin-left : 11.52%;}}@media only screen and (max-width:640px) {.fusion-body .fusion-builder-column-20{width:100% !important;}.fusion-builder-column-20 > .fusion-column-wrapper {margin-right : 1.92%;margin-left : 1.92%;}}<\/style><\/div><\/div><style type=\"text\/css\">.fusion-body .fusion-flex-container.fusion-builder-row-19{ padding-top : 200px;margin-top : 0px;padding-right : 0px;padding-bottom : 200px;margin-bottom : 0px;padding-left : 0px;}<\/style><\/div><div class=\"fusion-fullwidth fullwidth-box fusion-builder-row-20 fusion-flex-container nonhundred-percent-fullwidth non-hundred-percent-height-scrolling\" style=\"background-color: rgba(255,255,255,0);background-position: center center;background-repeat: no-repeat;border-width: 0px 0px 0px 0px;border-color:#e2e2e2;border-style:solid;\" ><div class=\"fusion-builder-row fusion-row fusion-flex-align-items-flex-start\" style=\"max-width:calc( 1200px + 0px );margin-left: calc(-0px \/ 2 );margin-right: calc(-0px \/ 2 );\"><div class=\"fusion-layout-column fusion_builder_column fusion-builder-column-21 fusion_builder_column_1_1 1_1 fusion-flex-column\"><div class=\"fusion-column-wrapper fusion-flex-justify-content-flex-start fusion-content-layout-column\" style=\"background-position:left top;background-repeat:no-repeat;-webkit-background-size:cover;-moz-background-size:cover;-o-background-size:cover;background-size:cover;padding: 0px 0px 0px 0px;\"><div class=\"fusion-text fusion-text-33\"><h3 class=\"crm-panel-description\"><code><\/code><\/h3>\n<\/div><\/div><style type=\"text\/css\">.fusion-body .fusion-builder-column-21{width:100% !important;margin-top : 0px;margin-bottom : 0px;}.fusion-builder-column-21 > .fusion-column-wrapper {padding-top : 0px !important;padding-right : 0px !important;margin-right : 0px;padding-bottom : 0px !important;padding-left : 0px !important;margin-left : 0px;}@media only screen and (max-width:1024px) {.fusion-body .fusion-builder-column-21{width:100% !important;}.fusion-builder-column-21 > .fusion-column-wrapper {margin-right : 0px;margin-left : 0px;}}@media only screen and (max-width:640px) {.fusion-body .fusion-builder-column-21{width:100% !important;}.fusion-builder-column-21 > .fusion-column-wrapper {margin-right : 0px;margin-left : 0px;}}<\/style><\/div><\/div><style type=\"text\/css\">.fusion-body .fusion-flex-container.fusion-builder-row-20{ padding-top : 0px;margin-top : 0px;padding-right : 0px;padding-bottom : 0px;margin-bottom : 0px;padding-left : 0px;}<\/style><\/div><\/p>","protected":false},"excerpt":{"rendered":"","protected":false},"author":1,"featured_media":0,"parent":0,"menu_order":0,"comment_status":"closed","ping_status":"closed","template":"100-width.php","meta":[],"_links":{"self":[{"href":"https:\/\/www.dev.indo-mim.com\/pt\/wp-json\/wp\/v2\/pages\/2037"}],"collection":[{"href":"https:\/\/www.dev.indo-mim.com\/pt\/wp-json\/wp\/v2\/pages"}],"about":[{"href":"https:\/\/www.dev.indo-mim.com\/pt\/wp-json\/wp\/v2\/types\/page"}],"author":[{"embeddable":true,"href":"https:\/\/www.dev.indo-mim.com\/pt\/wp-json\/wp\/v2\/users\/1"}],"replies":[{"embeddable":true,"href":"https:\/\/www.dev.indo-mim.com\/pt\/wp-json\/wp\/v2\/comments?post=2037"}],"version-history":[{"count":0,"href":"https:\/\/www.dev.indo-mim.com\/pt\/wp-json\/wp\/v2\/pages\/2037\/revisions"}],"wp:attachment":[{"href":"https:\/\/www.dev.indo-mim.com\/pt\/wp-json\/wp\/v2\/media?parent=2037"}],"curies":[{"name":"wp","href":"https:\/\/api.w.org\/{rel}","templated":true}]}}