{"id":2016,"date":"2019-02-03T05:27:02","date_gmt":"2019-02-03T05:27:02","guid":{"rendered":"https:\/\/www.dev.indo-mim.com\/?page_id=2016"},"modified":"2022-09-27T10:14:30","modified_gmt":"2022-09-27T04:44:30","slug":"mim-design-guidelines","status":"publish","type":"page","link":"https:\/\/www.dev.indo-mim.com\/pt\/mim-design-guidelines","title":{"rendered":"Diretrizes de projeto"},"content":{"rendered":"<p><div class=\"fusion-fullwidth fullwidth-box fusion-builder-row-10 fusion-flex-container nonhundred-percent-fullwidth non-hundred-percent-height-scrolling\" style=\"background-color: rgba(255,255,255,0);background-position: center center;background-repeat: no-repeat;border-width: 0px 0px 0px 0px;border-color:#e2e2e2;border-style:solid;\" ><div class=\"fusion-builder-row fusion-row fusion-flex-align-items-flex-start\" style=\"max-width:1248px;margin-left: calc(-4% \/ 2 );margin-right: calc(-4% \/ 2 );\"><div class=\"fusion-layout-column fusion_builder_column fusion-builder-column-14 fusion_builder_column_3_4 3_4 fusion-flex-column\"><div class=\"fusion-column-wrapper fusion-flex-justify-content-flex-start fusion-content-layout-column\" style=\"background-position:left top;background-repeat:no-repeat;-webkit-background-size:cover;-moz-background-size:cover;-o-background-size:cover;background-size:cover;padding: 0px 0px 0px 0px;\"><style type=\"text\/css\">@media only screen and (max-width:1024px) {.fusion-title.fusion-title-7{margin-top:0px!important; margin-right:0px!important;margin-bottom:15px!important;margin-left:0px!important;}}@media only screen and (max-width:640px) {.fusion-title.fusion-title-7{margin-top:0px!important; margin-right:0px!important;margin-bottom:10px!important; margin-left:0px!important;}}<\/style><div class=\"fusion-title title fusion-title-7 fusion-sep-none fusion-title-text fusion-title-size-two\" style=\"margin-top:0px;margin-right:0px;margin-bottom:15px;margin-left:0px;\"><h2 class=\"title-heading-left\" style=\"margin:0;\">Diretrizes de projeto<\/h2><\/div><div class=\"fusion-text fusion-text-10\"><span class=\"fusion-dropcap dropcap dropcap-boxed\" style=\"border-radius:50%;\">H<\/span>\n<p>oje, a MIM est\u00e1 servindo a aplica\u00e7\u00f5es de desempenho cr\u00edtico em uma ampla variedade de setores e produtos, incluindo os setores automotivo, aeroespacial e de defesa, de produtos eletr\u00f4nicos de consumo, instrumentos e implantes odontol\u00f3gicos, conectores eletr\u00f4nicos e de fibra \u00f3tica, pacotes herm\u00e9ticos, instrumentos e implantes cir\u00fargicos, ferramentas port\u00e1teis e el\u00e9tricas, componentes met\u00e1licos e equipamentos de esporte.<\/p>\n<\/div><\/div><style type=\"text\/css\">.fusion-body .fusion-builder-column-14{width:75% !important;margin-top : 0px;margin-bottom : 20px;}.fusion-builder-column-14 > .fusion-column-wrapper {padding-top : 0px !important;padding-right : 0px !important;margin-right : 2.56%;padding-bottom : 0px !important;padding-left : 0px !important;margin-left : 2.56%;}@media only screen and (max-width:1024px) {.fusion-body .fusion-builder-column-14{width:75% !important;}.fusion-builder-column-14 > .fusion-column-wrapper {margin-right : 2.56%;margin-left : 2.56%;}}@media only screen and (max-width:640px) {.fusion-body .fusion-builder-column-14{width:100% !important;}.fusion-builder-column-14 > .fusion-column-wrapper {margin-right : 1.92%;margin-left : 1.92%;}}<\/style><\/div><\/div><style type=\"text\/css\">.fusion-body .fusion-flex-container.fusion-builder-row-10{ padding-top : 0px;margin-top : 0px;padding-right : 0px;padding-bottom : 0px;margin-bottom : 0px;padding-left : 0px;}<\/style><\/div><div class=\"fusion-fullwidth fullwidth-box fusion-builder-row-11 fusion-flex-container nonhundred-percent-fullwidth non-hundred-percent-height-scrolling\" style=\"background-color: rgba(255,255,255,0);background-position: left top;background-repeat: no-repeat;border-width: 0px 0px 0px 0px;border-color:#e2e2e2;border-style:solid;\" ><div class=\"fusion-builder-row fusion-row fusion-flex-align-items-stretch\" style=\"max-width:1248px;margin-left: calc(-4% \/ 2 );margin-right: calc(-4% \/ 2 );\"><div class=\"fusion-layout-column fusion_builder_column fusion-builder-column-15 fusion_builder_column_3_4 3_4 fusion-flex-column\"><div class=\"fusion-column-wrapper fusion-flex-justify-content-center fusion-content-layout-column\" style=\"background-position:left top;background-repeat:no-repeat;-webkit-background-size:cover;-moz-background-size:cover;-o-background-size:cover;background-size:cover;padding: 0px 0px 0px 0px;\"><div class=\"fusion-separator fusion-full-width-sep\" style=\"align-self: center;margin-left: auto;margin-right: auto;margin-top:15px;width:100%;\"><\/div><div class=\"fusion-text fusion-text-11\"><h3><strong>Os produtos mais apropriados para a MIM normalmente possuem as seguintes caracter\u00edsticas<\/strong><\/h3>\n<p><strong>Complexidade:<\/strong> A MIM permite a mesma liberdade de projeto da moldagem por inje\u00e7\u00e3o de pl\u00e1sticos, o que proporciona uma capacidade de formas quase ilimitada. Como a MIM \u00e9 um processo de moldagem, as caracter\u00edsticas adicionais do produto n\u00e3o acrescentam custo, o que torna a MIM ideal para combinar pe\u00e7as individuais em produtos multifuncionais. As regras de projeto para a MIM est\u00e3o muito pr\u00f3ximas da moldagem por inje\u00e7\u00e3o de pl\u00e1sticos, facilitando, dessa forma, a adapta\u00e7\u00e3o a praticamente qualquer produto.<\/p>\n<p>Precision: A diretriz geral para a precis\u00e3o de caracter\u00edsticas de formas acabadas na MIM \u00e9 de \u00b1 0,5% da dimens\u00e3o. Certas caracter\u00edsticas podem ser produzidas a \u00b1 0,3%. Como ocorre com qualquer tecnologia, quanto maior a precis\u00e3o, maior o custo; assim, o relaxamento de toler\u00e2ncias \u00e9 buscado sempre que poss\u00edvel. Toler\u00e2ncias que n\u00e3o podem ser alcan\u00e7adas somente pela MIM podem ser obtidas atrav\u00e9s de v\u00e1rios processos de acabamento.<\/p>\n<p>Peso e tamanho: A MIM \u00e9 ideal para pe\u00e7as que pesam menos de 100 g, sendo que as aplica\u00e7\u00f5es mais econ\u00f4micas s\u00e3o inferiores a 50 g. Entretanto, j\u00e1 foram processadas pe\u00e7as com peso de at\u00e9 250 g. A mat\u00e9ria-prima \u00e9 um determinante de custo essencial para o processo de MIM. A MIM promove meios criativos para reduzir o peso da pe\u00e7a sempre que poss\u00edvel. Da mesma forma que ocorre com os pl\u00e1sticos, n\u00facleos e varetas podem ser usados para reduzir o peso sem comprometer a integridade do produto. A MIM \u00e9 excelente para pe\u00e7as extremamente pequenas e microm\u00e9tricas, havendo possibilidade de obter pesos inferiores a 0,1 g. Como o peso n\u00e3o \u00e9 um fator limitador, podem ser processados comprimentos de produto de mais de 250 mm.<\/p>\n<p>Espessura das se\u00e7\u00f5es: Se\u00e7\u00f5es de paredes de menos de 6 mm s\u00e3o ideais para o processo de MIM. Embora se\u00e7\u00f5es mais espessas sejam poss\u00edveis, isso tamb\u00e9m aumenta o custo devido aos tempos de processamento mais longos e ao material adicional. Alternativamente, se\u00e7\u00f5es muito finas, de menos de 0,5 mm, s\u00e3o poss\u00edveis para a MIM, mas isso depende muito do projeto.<\/p>\n<p>Volumes de produ\u00e7\u00e3o: A MIM \u00e9 um processo altamente escalon\u00e1vel. S\u00e3o economicamente vi\u00e1veis tanto baixos volumes de milhares de pe\u00e7as anuais como volumes de milh\u00f5es de pe\u00e7as. Um investimento em engenharia e ferramental \u00e9 necess\u00e1rio para o processo de MIM, da mesma forma que ocorre com os pl\u00e1sticos e a fundi\u00e7\u00e3o, e isso normalmente orienta o processo de decis\u00e3o para produtos de baixo volume.<\/p>\n<p>Materiais: A MIM pode processar uma ampla variedade de materiais, incluindo ligas ferrosas, superligas, ligas de tit\u00e2nio, ligas de cobre, metais refrat\u00e1rios, carbonetos cimentados, cer\u00e2micas e compostos de matriz met\u00e1lica. Embora ligas n\u00e3o ferrosas, como de alum\u00ednio e lat\u00e3o, sejam tecnicamente poss\u00edveis, elas  em geral s\u00e3o mais economicamente processadas por outros meios, como a fundi\u00e7\u00e3o sob press\u00e3o ou a usinagem. <a href=\"https:\/\/www.dev.indo-mim.com\/wp-content\/uploads\/2020\/01\/mim_materials_leaflet-1.pdf\">Consulte nossa se\u00e7\u00e3o de materiais para obter mais informa\u00e7\u00f5es<\/a>.<\/p>\n<p><strong>Assist\u00eancia nas aplica\u00e7\u00f5es:<\/strong> A INDO-MIM fornece assist\u00eancia completa para obten\u00e7\u00e3o do maior valor do processo de MIM. Ajudamos na migra\u00e7\u00e3o dos produtos existentes tanto nas convers\u00f5es de projeto como na sele\u00e7\u00e3o de materiais, assim como oferecemos uma ampla variedade de servi\u00e7os de desenvolvimento de produtos, incluindo projeto de produtos industriais, FEA, fabrica\u00e7\u00e3o r\u00e1pida de prot\u00f3tipos e varredura a laser.<\/p>\n<\/div><\/div><style type=\"text\/css\">.fusion-body .fusion-builder-column-15{width:75% !important;margin-top : 20px;margin-bottom : 20px;}.fusion-builder-column-15 > .fusion-column-wrapper {padding-top : 0px !important;padding-right : 0px !important;margin-right : 8.64%;padding-bottom : 0px !important;padding-left : 0px !important;margin-left : 2.56%;}@media only screen and (max-width:1024px) {.fusion-body .fusion-builder-column-15{width:75% !important;}.fusion-builder-column-15 > .fusion-column-wrapper {margin-right : 8.64%;margin-left : 2.56%;}}@media only screen and (max-width:640px) {.fusion-body .fusion-builder-column-15{width:100% !important;}.fusion-builder-column-15 > .fusion-column-wrapper {margin-right : 1.92%;margin-left : 1.92%;}}<\/style><\/div><div class=\"fusion-layout-column fusion_builder_column fusion-builder-column-16 fusion_builder_column_1_4 1_4 fusion-flex-column fusion-animated\" data-animationType=\"slideInRight\" data-animationDuration=\"0.6\" data-animationOffset=\"top-into-view\"><div class=\"fusion-column-wrapper fusion-flex-justify-content-flex-start fusion-content-layout-column\" style=\"background-position:left top;background-repeat:no-repeat;-webkit-background-size:cover;-moz-background-size:cover;-o-background-size:cover;background-size:cover;padding: 0px 0px 0px 0px;\"><div class=\"fusion-separator fusion-full-width-sep\" style=\"align-self: center;margin-left: auto;margin-right: auto;margin-top:20%;width:100%;\"><\/div><div class=\"fusion-builder-row fusion-builder-row-inner fusion-row fusion-flex-align-items-stretch\" style=\"width:104% !important;max-width:104% !important;margin-left: calc(-4% \/ 2 );margin-right: calc(-4% \/ 2 );\"><div class=\"fusion-layout-column fusion_builder_column_inner fusion-builder-nested-column-3 fusion_builder_column_inner_1_1 1_1 fusion-flex-column\"><div class=\"fusion-column-wrapper fusion-flex-justify-content-flex-start fusion-content-layout-column fusion-empty-dims-bg-image\" style=\"background-image: url(&#039;https:\/\/www.dev.indo-mim.com\/wp-content\/uploads\/2017\/10\/background1.jpg&#039;);background-position:left top;background-blend-mode: overlay;background-repeat:no-repeat;-webkit-background-size:cover;-moz-background-size:cover;-o-background-size:cover;background-size:cover;background-color:rgba(1,91,181,0.78);padding: 12% 12% 15% 12%;\" data-bg-url=\"https:\/\/www.dev.indo-mim.com\/wp-content\/uploads\/2017\/10\/background1.jpg\"><style type=\"text\/css\">@media only screen and (max-width:1024px) {.fusion-title.fusion-title-8{margin-top:0px!important; margin-right:0px!important;margin-bottom:15px!important;margin-left:0px!important;}}@media only screen and (max-width:640px) {.fusion-title.fusion-title-8{margin-top:0px!important; margin-right:0px!important;margin-bottom:10px!important; margin-left:0px!important;}}<\/style><div class=\"fusion-title title fusion-title-8 fusion-sep-none fusion-title-text fusion-title-size-two\" style=\"margin-top:0px;margin-right:0px;margin-bottom:15px;margin-left:0px;\"><h2 class=\"title-heading-left\" style=\"margin:0;\"><span style=\"color: #ffffff;\">PERGUNTE AO NOSSO ENGENHEIRO<\/span><\/h2><\/div><div class=\"fusion-separator fusion-full-width-sep\" style=\"align-self: center;margin-left: auto;margin-right: auto;margin-top:10px;width:100%;\"><\/div><div role=\"form\" class=\"wpcf7\" id=\"wpcf7-f131-o4\" lang=\"en-US\" dir=\"ltr\">\n<div class=\"screen-reader-response\"><p role=\"status\" aria-live=\"polite\" aria-atomic=\"true\"><\/p> <ul><\/ul><\/div>\n<form action=\"\/pt\/wp-json\/wp\/v2\/pages\/2016#wpcf7-f131-o4\" method=\"post\" class=\"wpcf7-form init\" novalidate=\"novalidate\" data-status=\"init\">\n<div style=\"display: none;\">\n<input type=\"hidden\" name=\"_wpcf7\" value=\"131\" \/>\n<input type=\"hidden\" name=\"_wpcf7_version\" value=\"5.6.4\" \/>\n<input type=\"hidden\" name=\"_wpcf7_locale\" value=\"en_US\" \/>\n<input type=\"hidden\" name=\"_wpcf7_unit_tag\" value=\"wpcf7-f131-o4\" \/>\n<input type=\"hidden\" name=\"_wpcf7_container_post\" value=\"0\" \/>\n<input type=\"hidden\" name=\"_wpcf7_posted_data_hash\" value=\"\" \/>\n<\/div>\n<div style=\"margin:16px 0;\"><span class=\"wpcf7-form-control-wrap\" data-name=\"contact-name\"><input type=\"text\" name=\"contact-name\" value=\"\" size=\"40\" class=\"wpcf7-form-control wpcf7-text wpcf7-validates-as-required\" aria-required=\"true\" aria-invalid=\"false\" placeholder=\"Name\" \/><\/span><\/div>\n<div style=\"margin:16px 0;\"><span class=\"wpcf7-form-control-wrap\" data-name=\"contact-tel\"><input type=\"tel\" name=\"contact-tel\" value=\"\" size=\"40\" class=\"wpcf7-form-control wpcf7-text wpcf7-tel wpcf7-validates-as-required wpcf7-validates-as-tel\" aria-required=\"true\" aria-invalid=\"false\" placeholder=\"Telephone\" \/><\/span><\/div>\n<div style=\"margin:16px 0;\"><span class=\"wpcf7-form-control-wrap\" data-name=\"contact-email\"><input type=\"email\" name=\"contact-email\" value=\"\" size=\"40\" class=\"wpcf7-form-control wpcf7-text wpcf7-email wpcf7-validates-as-required wpcf7-validates-as-email\" aria-required=\"true\" aria-invalid=\"false\" placeholder=\"Email\" \/><\/span><\/div>\n<div style=\"margin:16px 0;\"><span class=\"wpcf7-form-control-wrap\" data-name=\"contact-message\"><textarea name=\"contact-message\" cols=\"40\" rows=\"10\" class=\"wpcf7-form-control wpcf7-textarea wpcf7-validates-as-required\" aria-required=\"true\" aria-invalid=\"false\" placeholder=\"Your message\"><\/textarea><\/span><\/div>\n<div style=\"margin:16px 0;\"><input type=\"submit\" value=\"Submit\" class=\"wpcf7-form-control has-spinner wpcf7-submit\" \/><\/div>\n<div style=\"clear:both\"><\/div>\n<input type=\"hidden\" id=\"ct_checkjs_cf7_b6edc1cd1f36e45daf6d7824d7bb2283\" name=\"ct_checkjs_cf7\" value=\"0\" \/><input \n        id=\"apbct__email_id__wp_contact_form_7_68374\" \n        class=\"apbct_special_field apbct__email_id__wp_contact_form_7\"\n        autocomplete=\"off\" \n        name=\"apbct__email_id__wp_contact_form_7_68374\"  \n        type=\"text\" \n        value=\"\" \n        size=\"30\" \n        maxlength=\"200\" \n    \/><input \n        id=\"apbct_event_id\"\n        class=\"apbct_special_field\"\n        name=\"apbct_event_id\"\n        type=\"hidden\" \n        value=\"68374\" \n            \/><div class=\"fusion-alert alert custom alert-custom fusion-alert-center wpcf7-response-output alert-dismissable\" role=\"alert\" style=\"border-width:1px;\"><div class=\"fusion-alert-content-wrapper\"><span class=\"fusion-alert-content\"><\/span><\/div><button type=\"button\" class=\"close toggle-alert\" data-dismiss=\"alert\" aria-label=\"Close\">&times;<\/button><\/div><\/form><\/div><\/div><style type=\"text\/css\">.fusion-body .fusion-builder-nested-column-3{width:100% !important;margin-top : 0px;margin-bottom : 20px;}.fusion-builder-nested-column-3 > .fusion-column-wrapper {padding-top : 12% !important;padding-right : 12% !important;margin-right : 1.92%;padding-bottom : 15% !important;padding-left : 12% !important;margin-left : 1.92%;}@media only screen and (max-width:1024px) {.fusion-body .fusion-builder-nested-column-3{width:100% !important;}.fusion-builder-nested-column-3 > .fusion-column-wrapper {margin-right : 1.92%;margin-left : 1.92%;}}@media only screen and (min-width:1024px) {.fusion-body .fusion-builder-nested-column-3 .fusion-empty-dims-img-placeholder { display: none; } }@media only screen and (max-width:640px) {.fusion-body .fusion-builder-nested-column-3{width:100% !important;}.fusion-builder-nested-column-3 > .fusion-column-wrapper {margin-right : 1.92%;margin-left : 1.92%;}}<\/style><\/div><\/div><\/div><style type=\"text\/css\">.fusion-body .fusion-builder-column-16{width:25% !important;margin-top : 40px;margin-bottom : 40px;}.fusion-builder-column-16 > .fusion-column-wrapper {padding-top : 0px !important;padding-right : 0px !important;margin-right : 7.68%;padding-bottom : 0px !important;padding-left : 0px !important;margin-left : 8.64%;}@media only screen and (max-width:1024px) {.fusion-body .fusion-builder-column-16{width:25% !important;}.fusion-builder-column-16 > .fusion-column-wrapper {margin-right : 7.68%;margin-left : 8.64%;}}@media only screen and (max-width:640px) {.fusion-body .fusion-builder-column-16{width:100% !important;}.fusion-builder-column-16 > .fusion-column-wrapper {margin-right : 1.92%;margin-left : 1.92%;}}<\/style><\/div><\/div><style type=\"text\/css\">.fusion-body .fusion-flex-container.fusion-builder-row-11{ padding-top : 10px;margin-top : 0px;padding-right : 0px;padding-bottom : 90px;margin-bottom : 0px;padding-left : 0px;}<\/style><\/div><div class=\"fusion-fullwidth fullwidth-box fusion-builder-row-12 fusion-flex-container nonhundred-percent-fullwidth non-hundred-percent-height-scrolling\" style=\"background-color: rgba(255,255,255,0);background-position: center center;background-repeat: no-repeat;border-width: 0px 0px 0px 0px;border-color:#e2e2e2;border-style:solid;\" ><div class=\"fusion-builder-row fusion-row fusion-flex-align-items-flex-start\" style=\"max-width:1248px;margin-left: calc(-4% \/ 2 );margin-right: calc(-4% \/ 2 );\"><div class=\"fusion-layout-column fusion_builder_column fusion-builder-column-17 fusion_builder_column_1_1 1_1 fusion-flex-column\"><div class=\"fusion-column-wrapper fusion-flex-justify-content-flex-start fusion-content-layout-column\" style=\"background-position:left top;background-repeat:no-repeat;-webkit-background-size:cover;-moz-background-size:cover;-o-background-size:cover;background-size:cover;padding: 0px 0px 0px 0px;\"><div class=\"fusion-text fusion-text-12\"><h3 class=\"crm-panel-description\"><code><\/code><\/h3>\n<\/div><\/div><style type=\"text\/css\">.fusion-body .fusion-builder-column-17{width:100% !important;margin-top : 0px;margin-bottom : 0px;}.fusion-builder-column-17 > .fusion-column-wrapper {padding-top : 0px !important;padding-right : 0px !important;margin-right : 1.92%;padding-bottom : 0px !important;padding-left : 0px !important;margin-left : 1.92%;}@media only screen and (max-width:1024px) {.fusion-body .fusion-builder-column-17{width:100% !important;}.fusion-builder-column-17 > .fusion-column-wrapper {margin-right : 1.92%;margin-left : 1.92%;}}@media only screen and (max-width:640px) {.fusion-body .fusion-builder-column-17{width:100% !important;}.fusion-builder-column-17 > .fusion-column-wrapper {margin-right : 1.92%;margin-left : 1.92%;}}<\/style><\/div><\/div><style type=\"text\/css\">.fusion-body .fusion-flex-container.fusion-builder-row-12{ padding-top : 0px;margin-top : 0px;padding-right : 0px;padding-bottom : 0px;margin-bottom : 0px;padding-left : 0px;}<\/style><\/div><\/p>","protected":false},"excerpt":{"rendered":"","protected":false},"author":1,"featured_media":0,"parent":0,"menu_order":0,"comment_status":"closed","ping_status":"closed","template":"100-width.php","meta":[],"_links":{"self":[{"href":"https:\/\/www.dev.indo-mim.com\/pt\/wp-json\/wp\/v2\/pages\/2016"}],"collection":[{"href":"https:\/\/www.dev.indo-mim.com\/pt\/wp-json\/wp\/v2\/pages"}],"about":[{"href":"https:\/\/www.dev.indo-mim.com\/pt\/wp-json\/wp\/v2\/types\/page"}],"author":[{"embeddable":true,"href":"https:\/\/www.dev.indo-mim.com\/pt\/wp-json\/wp\/v2\/users\/1"}],"replies":[{"embeddable":true,"href":"https:\/\/www.dev.indo-mim.com\/pt\/wp-json\/wp\/v2\/comments?post=2016"}],"version-history":[{"count":0,"href":"https:\/\/www.dev.indo-mim.com\/pt\/wp-json\/wp\/v2\/pages\/2016\/revisions"}],"wp:attachment":[{"href":"https:\/\/www.dev.indo-mim.com\/pt\/wp-json\/wp\/v2\/media?parent=2016"}],"curies":[{"name":"wp","href":"https:\/\/api.w.org\/{rel}","templated":true}]}}